{"id":8716,"date":"2023-10-24T18:20:03","date_gmt":"2023-10-24T18:20:03","guid":{"rendered":"https:\/\/www.leportailenligne.com\/produit\/portao-prestige\/"},"modified":"2023-10-24T18:20:03","modified_gmt":"2023-10-24T18:20:03","slug":"portao-prestige","status":"publish","type":"product","link":"https:\/\/www.leportailenligne.com\/pt-pt\/produit\/portao-prestige\/","title":{"rendered":"Port\u00e3o Prestige"},"content":{"rendered":"<p><span style=\"font-weight: 400;\">Fabricado por medida para se integrar perfeitamente no ambiente e na harmonia da tua propriedade, este <\/span><b>port\u00e3o premium<\/b><span style=\"font-weight: 400;\"> \u00e9 composto por chapas de alum\u00ednio que te permitem proteger a tua propriedade garantindo-te ao mesmo tempo calma e discri\u00e7\u00e3o. O <\/span><b>Port\u00e3o Prestige<\/b><span style=\"font-weight: 400;\"> \u00e9 revestido com tubagem de 20 mm e chapas de alum\u00ednio refor\u00e7ado para assegurar uma opacidade total e preservar a tua privacidade. Combina perfeitamente com um port\u00e3o de batente ou deslizante da mesma gama.<\/span><\/p>\n<p><span style=\"font-weight: 400;\">Dispon\u00edvel em diferentes dimens\u00f5es, este <\/span><b>modelo Prestige <\/b><span style=\"font-weight: 400;\">\u00e9 igualmente personaliz\u00e1vel com um vasto leque de op\u00e7\u00f5es de conce\u00e7\u00e3o. Podes escolher entre 12 tonalidades diferentes, assim como v\u00e1rios modelos de puxadores para responder a todas as tuas necessidades em termos de seguran\u00e7a e praticidade. <\/span> <\/p>\n<p><span style=\"font-weight: 400;\">Este port\u00e3o para montar tu mesmo \u00e9 entregue com um sistema de fecho e uma chapa el\u00e9trica para proteger a tua propriedade.<\/span><\/p>\n<p><span style=\"font-weight: 400;\">Concebido para uma durabilidade \u00f3tima, este <\/span><b>port\u00e3o em alum\u00ednio topo de gama <\/b><span style=\"font-weight: 400;\">combina as vantagens deste material: leveza, robustez e excelente resist\u00eancia \u00e0s intemp\u00e9ries. O seu acabamento termolacado confere-lhe uma longa dura\u00e7\u00e3o de vida assim como uma grande resist\u00eancia aos choques e \u00e0s intemp\u00e9ries.<\/span><\/p>\n<p><span style=\"font-weight: 400;\">Ao escolheres o nosso<\/span><b> Port\u00e3o em alum\u00ednio<\/b><span style=\"font-weight: 400;\">, investes num produto topo de gama que responder\u00e1 \u00e0s tuas expectativas em mat\u00e9ria de est\u00e9tica, seguran\u00e7a e privacidade.<\/span><\/p>\n<p><span style=\"font-weight: 400;\">Encomenda j\u00e1 o teu <\/span><b>Port\u00e3o Prestige em alum\u00ednio por medida<\/b><span style=\"font-weight: 400;\"> para proteger a tua propriedade, preservar a tua privacidade e embelezar a tua fachada.<\/span><\/p>\n<p>&nbsp;<\/p>\n<p><iframe title=\"Tutoriel d&#039;installation d&#039;un portillon - Pose facile | Le Portail En Ligne\" width=\"1290\" height=\"726\" src=\"https:\/\/www.youtube.com\/embed\/nNymGrDzJvI?feature=oembed\" frameborder=\"0\" allow=\"accelerometer; autoplay; clipboard-write; encrypted-media; gyroscope; picture-in-picture; web-share\" referrerpolicy=\"strict-origin-when-cross-origin\" allowfullscreen><\/iframe><\/p>\n<p>&nbsp;<\/p>\n<h3>Espa\u00e7o de download:<\/h3>\n<p class=\"elementor-icon-box-title\"><a href=\"https:\/\/www.leportailenligne.com\/wp-content\/uploads\/2023\/07\/Notice-de-montage-portillon.pdf\" target=\"_blank\" rel=\"noopener\">Instru\u00e7\u00f5es de montagem Port\u00e3o<\/a><\/p>\n<p><a href=\"https:\/\/www.leportailenligne.com\/wp-content\/uploads\/2024\/01\/Plan-portillon-gauche-et-droite-Le-portail-en-Ligne.pdf\" target=\"_blank\" rel=\"noopener\">Plano de alvenaria Port\u00e3o<\/a><\/p>\n<p>&nbsp;<\/p>\n<h4>Caracter\u00edsticas t\u00e9cnicas:<\/h4>\n<p><img fetchpriority=\"high\" decoding=\"async\" class=\"alignnone wp-image-4288 size-full\" src=\"https:\/\/www.leportailenligne.com\/wp-content\/uploads\/2023\/10\/FICHE-TECHNIQUE-PRESTIGE-PORTILLON-e1704375857861.png\" alt=\"\" width=\"1313\" height=\"829\" srcset=\"https:\/\/www.leportailenligne.com\/wp-content\/uploads\/2023\/10\/FICHE-TECHNIQUE-PRESTIGE-PORTILLON-e1704375857861.png 1313w, https:\/\/www.leportailenligne.com\/wp-content\/uploads\/2023\/10\/FICHE-TECHNIQUE-PRESTIGE-PORTILLON-e1704375857861-600x379.png 600w, https:\/\/www.leportailenligne.com\/wp-content\/uploads\/2023\/10\/FICHE-TECHNIQUE-PRESTIGE-PORTILLON-e1704375857861-300x189.png 300w, https:\/\/www.leportailenligne.com\/wp-content\/uploads\/2023\/10\/FICHE-TECHNIQUE-PRESTIGE-PORTILLON-e1704375857861-1024x647.png 1024w, https:\/\/www.leportailenligne.com\/wp-content\/uploads\/2023\/10\/FICHE-TECHNIQUE-PRESTIGE-PORTILLON-e1704375857861-768x485.png 768w\" sizes=\"(max-width: 1313px) 100vw, 1313px\" \/><\/p>\n","protected":false},"excerpt":{"rendered":"<p><span style=\"font-weight: 400;\">Est\u00e1s \u00e0 procura de um <\/span><b>port\u00e3o topo de gama<\/b><span style=\"font-weight: 400;\"> para desfrutar de um acesso simplificado ao teu espa\u00e7o exterior melhorando ao mesmo tempo a est\u00e9tica da tua fachada? <\/span><b>O Port\u00e3o em alum\u00ednio<\/b><span style=\"font-weight: 400;\"> da <\/span><b>cole\u00e7\u00e3o Prestige <\/b><span style=\"font-weight: 400;\">\u00e9 a solu\u00e7\u00e3o de que precisas. Combina est\u00e9tica, seguran\u00e7a e privacidade, sem obstruir a via p\u00fablica.<\/span><\/p>\n","protected":false},"featured_media":3645,"comment_status":"open","ping_status":"closed","template":"","meta":{"_acf_changed":false},"product_brand":[],"product_cat":[204,141],"product_tag":[],"class_list":{"0":"post-8716","1":"product","2":"type-product","3":"status-publish","4":"has-post-thumbnail","6":"product_cat-portoes-2","7":"product_cat-prestigio","9":"first","10":"instock","11":"sold-individually","12":"taxable","13":"shipping-taxable","14":"purchasable","15":"product-type-simple"},"acf":[],"yoast_head":"<!-- This site is optimized with the Yoast SEO plugin v27.5 - https:\/\/yoast.com\/product\/yoast-seo-wordpress\/ -->\n<title>Port\u00e3o Prestige - Le portail en ligne<\/title>\n<meta name=\"description\" content=\"\u00c0 procura de um port\u00e3o moderno e est\u00e9tico? Descobre o nosso modelo de port\u00e3o Prestige fabricado por medida no Le Portail en Ligne.\" \/>\n<meta name=\"robots\" content=\"index, follow, max-snippet:-1, max-image-preview:large, max-video-preview:-1\" \/>\n<link rel=\"canonical\" href=\"https:\/\/www.leportailenligne.com\/pt-pt\/produit\/portao-prestige\/\" \/>\n<meta property=\"og:locale\" content=\"pt_PT\" \/>\n<meta property=\"og:type\" content=\"article\" \/>\n<meta property=\"og:title\" content=\"Port\u00e3o Prestige - Le portail en ligne\" \/>\n<meta property=\"og:description\" content=\"\u00c0 procura de um port\u00e3o moderno e est\u00e9tico? Descobre o nosso modelo de port\u00e3o Prestige fabricado por medida no Le Portail en Ligne.\" \/>\n<meta property=\"og:url\" content=\"https:\/\/www.leportailenligne.com\/pt-pt\/produit\/portao-prestige\/\" \/>\n<meta property=\"og:site_name\" content=\"Le portail en ligne\" \/>\n<meta property=\"og:image\" content=\"https:\/\/www.leportailenligne.com\/wp-content\/uploads\/2023\/10\/Gris-7016-36-1024x1024.png\" \/>\n\t<meta property=\"og:image:width\" content=\"1024\" \/>\n\t<meta property=\"og:image:height\" content=\"1024\" \/>\n\t<meta property=\"og:image:type\" content=\"image\/png\" \/>\n<meta name=\"twitter:card\" content=\"summary_large_image\" \/>\n<meta name=\"twitter:label1\" content=\"Tempo estimado de leitura\" \/>\n\t<meta name=\"twitter:data1\" content=\"1 minuto\" \/>\n<script type=\"application\/ld+json\" class=\"yoast-schema-graph\">{\"@context\":\"https:\\\/\\\/schema.org\",\"@graph\":[{\"@type\":\"WebPage\",\"@id\":\"https:\\\/\\\/www.leportailenligne.com\\\/pt-pt\\\/produit\\\/portao-prestige\\\/\",\"url\":\"https:\\\/\\\/www.leportailenligne.com\\\/pt-pt\\\/produit\\\/portao-prestige\\\/\",\"name\":\"Port\u00e3o Prestige - Le portail en ligne\",\"isPartOf\":{\"@id\":\"https:\\\/\\\/www.leportailenligne.com\\\/pt-pt\\\/#website\"},\"primaryImageOfPage\":{\"@id\":\"https:\\\/\\\/www.leportailenligne.com\\\/pt-pt\\\/produit\\\/portao-prestige\\\/#primaryimage\"},\"image\":{\"@id\":\"https:\\\/\\\/www.leportailenligne.com\\\/pt-pt\\\/produit\\\/portao-prestige\\\/#primaryimage\"},\"thumbnailUrl\":\"https:\\\/\\\/www.leportailenligne.com\\\/wp-content\\\/uploads\\\/2023\\\/10\\\/Gris-7016-36.png\",\"datePublished\":\"2023-10-24T18:20:03+00:00\",\"description\":\"\u00c0 procura de um port\u00e3o moderno e est\u00e9tico? Descobre o nosso modelo de port\u00e3o Prestige fabricado por medida no Le Portail en Ligne.\",\"breadcrumb\":{\"@id\":\"https:\\\/\\\/www.leportailenligne.com\\\/pt-pt\\\/produit\\\/portao-prestige\\\/#breadcrumb\"},\"inLanguage\":\"pt-PT\",\"potentialAction\":[{\"@type\":\"ReadAction\",\"target\":[\"https:\\\/\\\/www.leportailenligne.com\\\/pt-pt\\\/produit\\\/portao-prestige\\\/\"]}]},{\"@type\":\"ImageObject\",\"inLanguage\":\"pt-PT\",\"@id\":\"https:\\\/\\\/www.leportailenligne.com\\\/pt-pt\\\/produit\\\/portao-prestige\\\/#primaryimage\",\"url\":\"https:\\\/\\\/www.leportailenligne.com\\\/wp-content\\\/uploads\\\/2023\\\/10\\\/Gris-7016-36.png\",\"contentUrl\":\"https:\\\/\\\/www.leportailenligne.com\\\/wp-content\\\/uploads\\\/2023\\\/10\\\/Gris-7016-36.png\",\"width\":1306,\"height\":1306,\"caption\":\"portillon-prestige-gris-7016-droite-le-portail-en-ligne\"},{\"@type\":\"BreadcrumbList\",\"@id\":\"https:\\\/\\\/www.leportailenligne.com\\\/pt-pt\\\/produit\\\/portao-prestige\\\/#breadcrumb\",\"itemListElement\":[{\"@type\":\"ListItem\",\"position\":1,\"name\":\"Accueil\",\"item\":\"https:\\\/\\\/www.leportailenligne.com\\\/pt-pt\\\/\"},{\"@type\":\"ListItem\",\"position\":2,\"name\":\"Loja\",\"item\":\"https:\\\/\\\/www.leportailenligne.com\\\/pt-pt\\\/loja\\\/\"},{\"@type\":\"ListItem\",\"position\":3,\"name\":\"Port\u00e3o Prestige\"}]},{\"@type\":\"WebSite\",\"@id\":\"https:\\\/\\\/www.leportailenligne.com\\\/pt-pt\\\/#website\",\"url\":\"https:\\\/\\\/www.leportailenligne.com\\\/pt-pt\\\/\",\"name\":\"Le portail en ligne\",\"description\":\"Votre portail en kit livr\u00e9 chez vous\",\"publisher\":{\"@id\":\"https:\\\/\\\/www.leportailenligne.com\\\/pt-pt\\\/#organization\"},\"potentialAction\":[{\"@type\":\"SearchAction\",\"target\":{\"@type\":\"EntryPoint\",\"urlTemplate\":\"https:\\\/\\\/www.leportailenligne.com\\\/pt-pt\\\/?s={search_term_string}\"},\"query-input\":{\"@type\":\"PropertyValueSpecification\",\"valueRequired\":true,\"valueName\":\"search_term_string\"}}],\"inLanguage\":\"pt-PT\"},{\"@type\":\"Organization\",\"@id\":\"https:\\\/\\\/www.leportailenligne.com\\\/pt-pt\\\/#organization\",\"name\":\"Le portail en ligne\",\"url\":\"https:\\\/\\\/www.leportailenligne.com\\\/pt-pt\\\/\",\"logo\":{\"@type\":\"ImageObject\",\"inLanguage\":\"pt-PT\",\"@id\":\"https:\\\/\\\/www.leportailenligne.com\\\/pt-pt\\\/#\\\/schema\\\/logo\\\/image\\\/\",\"url\":\"https:\\\/\\\/www.leportailenligne.com\\\/wp-content\\\/uploads\\\/2022\\\/09\\\/Logo-Le-portail-en-ligne-sans-fond-HD-vert-orange-e1747668360165.png\",\"contentUrl\":\"https:\\\/\\\/www.leportailenligne.com\\\/wp-content\\\/uploads\\\/2022\\\/09\\\/Logo-Le-portail-en-ligne-sans-fond-HD-vert-orange-e1747668360165.png\",\"width\":6520,\"height\":2420,\"caption\":\"Le portail en ligne\"},\"image\":{\"@id\":\"https:\\\/\\\/www.leportailenligne.com\\\/pt-pt\\\/#\\\/schema\\\/logo\\\/image\\\/\"}}]}<\/script>\n<!-- \/ Yoast SEO plugin. -->","yoast_head_json":{"title":"Port\u00e3o Prestige - Le portail en ligne","description":"\u00c0 procura de um port\u00e3o moderno e est\u00e9tico? Descobre o nosso modelo de port\u00e3o Prestige fabricado por medida no Le Portail en Ligne.","robots":{"index":"index","follow":"follow","max-snippet":"max-snippet:-1","max-image-preview":"max-image-preview:large","max-video-preview":"max-video-preview:-1"},"canonical":"https:\/\/www.leportailenligne.com\/pt-pt\/produit\/portao-prestige\/","og_locale":"pt_PT","og_type":"article","og_title":"Port\u00e3o Prestige - Le portail en ligne","og_description":"\u00c0 procura de um port\u00e3o moderno e est\u00e9tico? Descobre o nosso modelo de port\u00e3o Prestige fabricado por medida no Le Portail en Ligne.","og_url":"https:\/\/www.leportailenligne.com\/pt-pt\/produit\/portao-prestige\/","og_site_name":"Le portail en ligne","og_image":[{"width":1024,"height":1024,"url":"https:\/\/www.leportailenligne.com\/wp-content\/uploads\/2023\/10\/Gris-7016-36-1024x1024.png","type":"image\/png"}],"twitter_card":"summary_large_image","twitter_misc":{"Tempo estimado de leitura":"1 minuto"},"schema":{"@context":"https:\/\/schema.org","@graph":[{"@type":"WebPage","@id":"https:\/\/www.leportailenligne.com\/pt-pt\/produit\/portao-prestige\/","url":"https:\/\/www.leportailenligne.com\/pt-pt\/produit\/portao-prestige\/","name":"Port\u00e3o Prestige - Le portail en ligne","isPartOf":{"@id":"https:\/\/www.leportailenligne.com\/pt-pt\/#website"},"primaryImageOfPage":{"@id":"https:\/\/www.leportailenligne.com\/pt-pt\/produit\/portao-prestige\/#primaryimage"},"image":{"@id":"https:\/\/www.leportailenligne.com\/pt-pt\/produit\/portao-prestige\/#primaryimage"},"thumbnailUrl":"https:\/\/www.leportailenligne.com\/wp-content\/uploads\/2023\/10\/Gris-7016-36.png","datePublished":"2023-10-24T18:20:03+00:00","description":"\u00c0 procura de um port\u00e3o moderno e est\u00e9tico? Descobre o nosso modelo de port\u00e3o Prestige fabricado por medida no Le Portail en Ligne.","breadcrumb":{"@id":"https:\/\/www.leportailenligne.com\/pt-pt\/produit\/portao-prestige\/#breadcrumb"},"inLanguage":"pt-PT","potentialAction":[{"@type":"ReadAction","target":["https:\/\/www.leportailenligne.com\/pt-pt\/produit\/portao-prestige\/"]}]},{"@type":"ImageObject","inLanguage":"pt-PT","@id":"https:\/\/www.leportailenligne.com\/pt-pt\/produit\/portao-prestige\/#primaryimage","url":"https:\/\/www.leportailenligne.com\/wp-content\/uploads\/2023\/10\/Gris-7016-36.png","contentUrl":"https:\/\/www.leportailenligne.com\/wp-content\/uploads\/2023\/10\/Gris-7016-36.png","width":1306,"height":1306,"caption":"portillon-prestige-gris-7016-droite-le-portail-en-ligne"},{"@type":"BreadcrumbList","@id":"https:\/\/www.leportailenligne.com\/pt-pt\/produit\/portao-prestige\/#breadcrumb","itemListElement":[{"@type":"ListItem","position":1,"name":"Accueil","item":"https:\/\/www.leportailenligne.com\/pt-pt\/"},{"@type":"ListItem","position":2,"name":"Loja","item":"https:\/\/www.leportailenligne.com\/pt-pt\/loja\/"},{"@type":"ListItem","position":3,"name":"Port\u00e3o Prestige"}]},{"@type":"WebSite","@id":"https:\/\/www.leportailenligne.com\/pt-pt\/#website","url":"https:\/\/www.leportailenligne.com\/pt-pt\/","name":"Le portail en ligne","description":"Votre portail en kit livr\u00e9 chez vous","publisher":{"@id":"https:\/\/www.leportailenligne.com\/pt-pt\/#organization"},"potentialAction":[{"@type":"SearchAction","target":{"@type":"EntryPoint","urlTemplate":"https:\/\/www.leportailenligne.com\/pt-pt\/?s={search_term_string}"},"query-input":{"@type":"PropertyValueSpecification","valueRequired":true,"valueName":"search_term_string"}}],"inLanguage":"pt-PT"},{"@type":"Organization","@id":"https:\/\/www.leportailenligne.com\/pt-pt\/#organization","name":"Le portail en ligne","url":"https:\/\/www.leportailenligne.com\/pt-pt\/","logo":{"@type":"ImageObject","inLanguage":"pt-PT","@id":"https:\/\/www.leportailenligne.com\/pt-pt\/#\/schema\/logo\/image\/","url":"https:\/\/www.leportailenligne.com\/wp-content\/uploads\/2022\/09\/Logo-Le-portail-en-ligne-sans-fond-HD-vert-orange-e1747668360165.png","contentUrl":"https:\/\/www.leportailenligne.com\/wp-content\/uploads\/2022\/09\/Logo-Le-portail-en-ligne-sans-fond-HD-vert-orange-e1747668360165.png","width":6520,"height":2420,"caption":"Le portail en ligne"},"image":{"@id":"https:\/\/www.leportailenligne.com\/pt-pt\/#\/schema\/logo\/image\/"}}]}},"_links":{"self":[{"href":"https:\/\/www.leportailenligne.com\/pt-pt\/wp-json\/wp\/v2\/product\/8716","targetHints":{"allow":["GET"]}}],"collection":[{"href":"https:\/\/www.leportailenligne.com\/pt-pt\/wp-json\/wp\/v2\/product"}],"about":[{"href":"https:\/\/www.leportailenligne.com\/pt-pt\/wp-json\/wp\/v2\/types\/product"}],"replies":[{"embeddable":true,"href":"https:\/\/www.leportailenligne.com\/pt-pt\/wp-json\/wp\/v2\/comments?post=8716"}],"wp:featuredmedia":[{"embeddable":true,"href":"https:\/\/www.leportailenligne.com\/pt-pt\/wp-json\/wp\/v2\/media\/3645"}],"wp:attachment":[{"href":"https:\/\/www.leportailenligne.com\/pt-pt\/wp-json\/wp\/v2\/media?parent=8716"}],"wp:term":[{"taxonomy":"product_brand","embeddable":true,"href":"https:\/\/www.leportailenligne.com\/pt-pt\/wp-json\/wp\/v2\/product_brand?post=8716"},{"taxonomy":"product_cat","embeddable":true,"href":"https:\/\/www.leportailenligne.com\/pt-pt\/wp-json\/wp\/v2\/product_cat?post=8716"},{"taxonomy":"product_tag","embeddable":true,"href":"https:\/\/www.leportailenligne.com\/pt-pt\/wp-json\/wp\/v2\/product_tag?post=8716"}],"curies":[{"name":"wp","href":"https:\/\/api.w.org\/{rel}","templated":true}]}}