{"id":8715,"date":"2023-10-24T17:34:39","date_gmt":"2023-10-24T17:34:39","guid":{"rendered":"https:\/\/www.leportailenligne.com\/produit\/portao-duplo-de-correr-venitian\/"},"modified":"2023-10-24T17:34:39","modified_gmt":"2023-10-24T17:34:39","slug":"portao-duplo-de-correr-venitian","status":"publish","type":"product","link":"https:\/\/www.leportailenligne.com\/pt-pt\/produit\/portao-duplo-de-correr-venitian\/","title":{"rendered":"Port\u00e3o Duplo de Correr Venitian"},"content":{"rendered":"<p><span style=\"font-weight: 400;\">O <\/span><b>modelo Venitian<\/b><span style=\"font-weight: 400;\"> apresenta um novo estilo de l\u00e2minas venezianas modernas. A sua est\u00e9tica composta por l\u00e2minas largas ligeiramente perfuradas d\u00e1 um aspeto s\u00f3lido \u00e0 dist\u00e2ncia, mas permite uma boa circula\u00e7\u00e3o do vento, essencial sobretudo se optares por um sistema de abertura\/fecho motorizado. <\/span> <\/p>\n<p><span style=\"font-weight: 400;\">A alian\u00e7a entre eleg\u00e2ncia e funcionalidade caracteriza o <\/span><b>Port\u00e3o duplo de correr Venitian<\/b><span style=\"font-weight: 400;\">. Com as suas l\u00e2minas em alum\u00ednio muito ligeiramente perfuradas, cria um espa\u00e7o acolhedor e aberto, preservando ao mesmo tempo a privacidade da tua propriedade gra\u00e7as a uma circula\u00e7\u00e3o \u00f3tima da luz natural.<\/span><\/p>\n<p><span style=\"font-weight: 400;\">Ao contr\u00e1rio dos port\u00f5es convencionais, o <\/span><b>Port\u00e3o duplo de correr <\/b><span style=\"font-weight: 400;\">est\u00e1 equipado com dois motores. Assim, durante a abertura, uma folha desliza para a direita e a outra para a esquerda. Este tipo de port\u00e3o \u00e9 particularmente recomendado se n\u00e3o tiveres recuo suficiente para um port\u00e3o de correr tradicional ou se o teu terreno estiver em declive.<\/span><\/p>\n<p><span style=\"font-weight: 400;\">As folhas podem ser equipadas com fechaduras e sistemas de trancamento avan\u00e7ados para dissuadir intrusos e proteger a tua casa. Para maior comodidade, podes tamb\u00e9m optar por um sistema de abertura autom\u00e1tica com comandos, sensores ou intercomunicadores para facilitar o acesso \u00e0 tua propriedade aquando da chegada dos teus convidados.   <\/span><\/p>\n<p><span style=\"font-weight: 400;\">O <\/span><b>Port\u00e3o de duas folhas Venitian <\/b><span style=\"font-weight: 400;\">permite uma utiliza\u00e7\u00e3o silenciosa gra\u00e7as \u00e0s rodas em nylon, assegurando uma abertura e fecho discretos, permitindo ao mesmo tempo que as folhas deslizem suavemente ao longo do carril.<\/span><\/p>\n<p><span style=\"font-weight: 400;\">Dispon\u00edvel em tamanhos standard ou \u00e0 medida, o <\/span><b>Port\u00e3o duplo de correr Venitian<\/b><span style=\"font-weight: 400;\"> pode ser personalizado segundo as tuas prefer\u00eancias est\u00e9ticas com uma escolha entre 12 tonalidades diferentes e outras op\u00e7\u00f5es de design. Pode ser harmonizado com um portinhola da mesma gama para criar uma passagem pedonal distinta.<\/span><\/p>\n<p><span style=\"font-weight: 400;\">Fabricado \u00e0 medida em alum\u00ednio premium e beneficiando de uma garantia de 15 anos, este <\/span><b>Port\u00e3o duplo de correr<\/b><span style=\"font-weight: 400;\"> alia as vantagens deste material: peso leve, grande solidez e excelente resist\u00eancia \u00e0s intemp\u00e9ries. Para maior longevidade, \u00e9 acabado com pintura termolacada, certificada Qualicoat Seaside.<\/span><\/p>\n<p><span style=\"font-weight: 400;\">Encomenda j\u00e1 o teu <\/span><b>Port\u00e3o duplo de correr Venitian em alum\u00ednio<\/b><span style=\"font-weight: 400;\"> e o seu portinhola a condizer para melhorar a seguran\u00e7a e a est\u00e9tica da tua propriedade.<\/span><\/p>\n<p>&nbsp;<\/p>\n<p><iframe title=\"Tutoriel d&#039;installation d&#039;un portail coulissant - Guide pas \u00e0 pas | Le Portail En Ligne\" width=\"1290\" height=\"726\" src=\"https:\/\/www.youtube.com\/embed\/o-QW5Vymo50?feature=oembed\" frameborder=\"0\" allow=\"accelerometer; autoplay; clipboard-write; encrypted-media; gyroscope; picture-in-picture; web-share\" referrerpolicy=\"strict-origin-when-cross-origin\" allowfullscreen><\/iframe><\/p>\n<p>&nbsp;<\/p>\n<h3>Espa\u00e7o de download:<\/h3>\n<p class=\"elementor-icon-box-title\"><a href=\"https:\/\/www.leportailenligne.com\/wp-content\/uploads\/2023\/07\/Notice-de-montage-portail-double-coulissant.pdf\" target=\"_blank\" rel=\"noopener\">Manual de montagem do port\u00e3o duplo de correr<\/a><\/p>\n<p><a href=\"https:\/\/www.leportailenligne.com\/wp-content\/uploads\/2024\/01\/Plan-de-maconnerie-portail-double-coulissant-Le-Portail-En-Ligne.pdf\" target=\"_blank\" rel=\"noopener\">Planta de alvenaria do port\u00e3o duplo de correr<\/a><\/p>\n<p>&nbsp;<\/p>\n<h4>Caracter\u00edsticas t\u00e9cnicas:<\/h4>\n<p><img fetchpriority=\"high\" decoding=\"async\" class=\"alignnone wp-image-4252 size-full\" src=\"https:\/\/www.leportailenligne.com\/wp-content\/uploads\/2023\/10\/FICHE-TECHNIQUE-VENITIAN-DOUBLE-COULISSANT-e1704364208139.png\" alt=\"\" width=\"1313\" height=\"798\" srcset=\"https:\/\/www.leportailenligne.com\/wp-content\/uploads\/2023\/10\/FICHE-TECHNIQUE-VENITIAN-DOUBLE-COULISSANT-e1704364208139.png 1313w, https:\/\/www.leportailenligne.com\/wp-content\/uploads\/2023\/10\/FICHE-TECHNIQUE-VENITIAN-DOUBLE-COULISSANT-e1704364208139-600x365.png 600w, https:\/\/www.leportailenligne.com\/wp-content\/uploads\/2023\/10\/FICHE-TECHNIQUE-VENITIAN-DOUBLE-COULISSANT-e1704364208139-300x182.png 300w, https:\/\/www.leportailenligne.com\/wp-content\/uploads\/2023\/10\/FICHE-TECHNIQUE-VENITIAN-DOUBLE-COULISSANT-e1704364208139-1024x622.png 1024w, https:\/\/www.leportailenligne.com\/wp-content\/uploads\/2023\/10\/FICHE-TECHNIQUE-VENITIAN-DOUBLE-COULISSANT-e1704364208139-768x467.png 768w\" sizes=\"(max-width: 1313px) 100vw, 1313px\" \/><\/p>\n","protected":false},"excerpt":{"rendered":"<p><span style=\"font-weight: 400;\">Ideal para espa\u00e7os restritos ou terrenos em declive, o <\/span><b>Port\u00e3o de correr de duas folhas Venitian em alum\u00ednio<\/b><span style=\"font-weight: 400;\"> \u00e9 uma solu\u00e7\u00e3o pr\u00e1tica e elegante para proteger a tua propriedade, acrescentando ao mesmo tempo um toque est\u00e9tico \u00e0 tua entrada. Fabricado com materiais de alta qualidade, este port\u00e3o duplo de correr garante modernidade e durabilidade.<\/span><\/p>\n","protected":false},"featured_media":3590,"comment_status":"open","ping_status":"closed","template":"","meta":{"_acf_changed":false},"product_brand":[],"product_cat":[140,109],"product_tag":[],"class_list":{"0":"post-8715","1":"product","2":"type-product","3":"status-publish","4":"has-post-thumbnail","6":"product_cat-portao-de-correr-duplo","7":"product_cat-veneziano","9":"first","10":"instock","11":"sold-individually","12":"taxable","13":"shipping-taxable","14":"purchasable","15":"product-type-simple"},"acf":[],"yoast_head":"<!-- This site is optimized with the Yoast SEO plugin v27.5 - https:\/\/yoast.com\/product\/yoast-seo-wordpress\/ -->\n<title>Port\u00e3o Duplo de Correr Venitian - Le portail en ligne<\/title>\n<meta name=\"description\" content=\"\u00c0 procura de um port\u00e3o antagonista de correr em alum\u00ednio? Descobre o nosso port\u00e3o duplo de correr com l\u00e2minas venezianas em Le Portail en Ligne.\" \/>\n<meta name=\"robots\" content=\"index, follow, max-snippet:-1, max-image-preview:large, max-video-preview:-1\" \/>\n<link rel=\"canonical\" href=\"https:\/\/www.leportailenligne.com\/pt-pt\/produit\/portao-duplo-de-correr-venitian\/\" \/>\n<meta property=\"og:locale\" content=\"pt_PT\" \/>\n<meta property=\"og:type\" content=\"article\" \/>\n<meta property=\"og:title\" content=\"Port\u00e3o Duplo de Correr Venitian - Le portail en ligne\" \/>\n<meta property=\"og:description\" content=\"\u00c0 procura de um port\u00e3o antagonista de correr em alum\u00ednio? Descobre o nosso port\u00e3o duplo de correr com l\u00e2minas venezianas em Le Portail en Ligne.\" \/>\n<meta property=\"og:url\" content=\"https:\/\/www.leportailenligne.com\/pt-pt\/produit\/portao-duplo-de-correr-venitian\/\" \/>\n<meta property=\"og:site_name\" content=\"Le portail en ligne\" \/>\n<meta property=\"og:image\" content=\"https:\/\/www.leportailenligne.com\/wp-content\/uploads\/2023\/10\/Gris-7016-33-1024x1024.png\" \/>\n\t<meta property=\"og:image:width\" content=\"1024\" \/>\n\t<meta property=\"og:image:height\" content=\"1024\" \/>\n\t<meta property=\"og:image:type\" content=\"image\/png\" \/>\n<meta name=\"twitter:card\" content=\"summary_large_image\" \/>\n<meta name=\"twitter:label1\" content=\"Tempo estimado de leitura\" \/>\n\t<meta name=\"twitter:data1\" content=\"2 minutos\" \/>\n<script type=\"application\/ld+json\" class=\"yoast-schema-graph\">{\"@context\":\"https:\\\/\\\/schema.org\",\"@graph\":[{\"@type\":\"WebPage\",\"@id\":\"https:\\\/\\\/www.leportailenligne.com\\\/pt-pt\\\/produit\\\/portao-duplo-de-correr-venitian\\\/\",\"url\":\"https:\\\/\\\/www.leportailenligne.com\\\/pt-pt\\\/produit\\\/portao-duplo-de-correr-venitian\\\/\",\"name\":\"Port\u00e3o Duplo de Correr Venitian - Le portail en ligne\",\"isPartOf\":{\"@id\":\"https:\\\/\\\/www.leportailenligne.com\\\/pt-pt\\\/#website\"},\"primaryImageOfPage\":{\"@id\":\"https:\\\/\\\/www.leportailenligne.com\\\/pt-pt\\\/produit\\\/portao-duplo-de-correr-venitian\\\/#primaryimage\"},\"image\":{\"@id\":\"https:\\\/\\\/www.leportailenligne.com\\\/pt-pt\\\/produit\\\/portao-duplo-de-correr-venitian\\\/#primaryimage\"},\"thumbnailUrl\":\"https:\\\/\\\/www.leportailenligne.com\\\/wp-content\\\/uploads\\\/2023\\\/10\\\/Gris-7016-33.png\",\"datePublished\":\"2023-10-24T17:34:39+00:00\",\"description\":\"\u00c0 procura de um port\u00e3o antagonista de correr em alum\u00ednio? Descobre o nosso port\u00e3o duplo de correr com l\u00e2minas venezianas em Le Portail en Ligne.\",\"breadcrumb\":{\"@id\":\"https:\\\/\\\/www.leportailenligne.com\\\/pt-pt\\\/produit\\\/portao-duplo-de-correr-venitian\\\/#breadcrumb\"},\"inLanguage\":\"pt-PT\",\"potentialAction\":[{\"@type\":\"ReadAction\",\"target\":[\"https:\\\/\\\/www.leportailenligne.com\\\/pt-pt\\\/produit\\\/portao-duplo-de-correr-venitian\\\/\"]}]},{\"@type\":\"ImageObject\",\"inLanguage\":\"pt-PT\",\"@id\":\"https:\\\/\\\/www.leportailenligne.com\\\/pt-pt\\\/produit\\\/portao-duplo-de-correr-venitian\\\/#primaryimage\",\"url\":\"https:\\\/\\\/www.leportailenligne.com\\\/wp-content\\\/uploads\\\/2023\\\/10\\\/Gris-7016-33.png\",\"contentUrl\":\"https:\\\/\\\/www.leportailenligne.com\\\/wp-content\\\/uploads\\\/2023\\\/10\\\/Gris-7016-33.png\",\"width\":1306,\"height\":1306,\"caption\":\"portail-double-coulissant-venitian-gris-7016\"},{\"@type\":\"BreadcrumbList\",\"@id\":\"https:\\\/\\\/www.leportailenligne.com\\\/pt-pt\\\/produit\\\/portao-duplo-de-correr-venitian\\\/#breadcrumb\",\"itemListElement\":[{\"@type\":\"ListItem\",\"position\":1,\"name\":\"Accueil\",\"item\":\"https:\\\/\\\/www.leportailenligne.com\\\/pt-pt\\\/\"},{\"@type\":\"ListItem\",\"position\":2,\"name\":\"Loja\",\"item\":\"https:\\\/\\\/www.leportailenligne.com\\\/pt-pt\\\/loja\\\/\"},{\"@type\":\"ListItem\",\"position\":3,\"name\":\"Port\u00e3o Duplo de Correr Venitian\"}]},{\"@type\":\"WebSite\",\"@id\":\"https:\\\/\\\/www.leportailenligne.com\\\/pt-pt\\\/#website\",\"url\":\"https:\\\/\\\/www.leportailenligne.com\\\/pt-pt\\\/\",\"name\":\"Le portail en ligne\",\"description\":\"Votre portail en kit livr\u00e9 chez vous\",\"publisher\":{\"@id\":\"https:\\\/\\\/www.leportailenligne.com\\\/pt-pt\\\/#organization\"},\"potentialAction\":[{\"@type\":\"SearchAction\",\"target\":{\"@type\":\"EntryPoint\",\"urlTemplate\":\"https:\\\/\\\/www.leportailenligne.com\\\/pt-pt\\\/?s={search_term_string}\"},\"query-input\":{\"@type\":\"PropertyValueSpecification\",\"valueRequired\":true,\"valueName\":\"search_term_string\"}}],\"inLanguage\":\"pt-PT\"},{\"@type\":\"Organization\",\"@id\":\"https:\\\/\\\/www.leportailenligne.com\\\/pt-pt\\\/#organization\",\"name\":\"Le portail en ligne\",\"url\":\"https:\\\/\\\/www.leportailenligne.com\\\/pt-pt\\\/\",\"logo\":{\"@type\":\"ImageObject\",\"inLanguage\":\"pt-PT\",\"@id\":\"https:\\\/\\\/www.leportailenligne.com\\\/pt-pt\\\/#\\\/schema\\\/logo\\\/image\\\/\",\"url\":\"https:\\\/\\\/www.leportailenligne.com\\\/wp-content\\\/uploads\\\/2022\\\/09\\\/Logo-Le-portail-en-ligne-sans-fond-HD-vert-orange-e1747668360165.png\",\"contentUrl\":\"https:\\\/\\\/www.leportailenligne.com\\\/wp-content\\\/uploads\\\/2022\\\/09\\\/Logo-Le-portail-en-ligne-sans-fond-HD-vert-orange-e1747668360165.png\",\"width\":6520,\"height\":2420,\"caption\":\"Le portail en ligne\"},\"image\":{\"@id\":\"https:\\\/\\\/www.leportailenligne.com\\\/pt-pt\\\/#\\\/schema\\\/logo\\\/image\\\/\"}}]}<\/script>\n<!-- \/ Yoast SEO plugin. -->","yoast_head_json":{"title":"Port\u00e3o Duplo de Correr Venitian - Le portail en ligne","description":"\u00c0 procura de um port\u00e3o antagonista de correr em alum\u00ednio? Descobre o nosso port\u00e3o duplo de correr com l\u00e2minas venezianas em Le Portail en Ligne.","robots":{"index":"index","follow":"follow","max-snippet":"max-snippet:-1","max-image-preview":"max-image-preview:large","max-video-preview":"max-video-preview:-1"},"canonical":"https:\/\/www.leportailenligne.com\/pt-pt\/produit\/portao-duplo-de-correr-venitian\/","og_locale":"pt_PT","og_type":"article","og_title":"Port\u00e3o Duplo de Correr Venitian - Le portail en ligne","og_description":"\u00c0 procura de um port\u00e3o antagonista de correr em alum\u00ednio? Descobre o nosso port\u00e3o duplo de correr com l\u00e2minas venezianas em Le Portail en Ligne.","og_url":"https:\/\/www.leportailenligne.com\/pt-pt\/produit\/portao-duplo-de-correr-venitian\/","og_site_name":"Le portail en ligne","og_image":[{"width":1024,"height":1024,"url":"https:\/\/www.leportailenligne.com\/wp-content\/uploads\/2023\/10\/Gris-7016-33-1024x1024.png","type":"image\/png"}],"twitter_card":"summary_large_image","twitter_misc":{"Tempo estimado de leitura":"2 minutos"},"schema":{"@context":"https:\/\/schema.org","@graph":[{"@type":"WebPage","@id":"https:\/\/www.leportailenligne.com\/pt-pt\/produit\/portao-duplo-de-correr-venitian\/","url":"https:\/\/www.leportailenligne.com\/pt-pt\/produit\/portao-duplo-de-correr-venitian\/","name":"Port\u00e3o Duplo de Correr Venitian - Le portail en ligne","isPartOf":{"@id":"https:\/\/www.leportailenligne.com\/pt-pt\/#website"},"primaryImageOfPage":{"@id":"https:\/\/www.leportailenligne.com\/pt-pt\/produit\/portao-duplo-de-correr-venitian\/#primaryimage"},"image":{"@id":"https:\/\/www.leportailenligne.com\/pt-pt\/produit\/portao-duplo-de-correr-venitian\/#primaryimage"},"thumbnailUrl":"https:\/\/www.leportailenligne.com\/wp-content\/uploads\/2023\/10\/Gris-7016-33.png","datePublished":"2023-10-24T17:34:39+00:00","description":"\u00c0 procura de um port\u00e3o antagonista de correr em alum\u00ednio? Descobre o nosso port\u00e3o duplo de correr com l\u00e2minas venezianas em Le Portail en Ligne.","breadcrumb":{"@id":"https:\/\/www.leportailenligne.com\/pt-pt\/produit\/portao-duplo-de-correr-venitian\/#breadcrumb"},"inLanguage":"pt-PT","potentialAction":[{"@type":"ReadAction","target":["https:\/\/www.leportailenligne.com\/pt-pt\/produit\/portao-duplo-de-correr-venitian\/"]}]},{"@type":"ImageObject","inLanguage":"pt-PT","@id":"https:\/\/www.leportailenligne.com\/pt-pt\/produit\/portao-duplo-de-correr-venitian\/#primaryimage","url":"https:\/\/www.leportailenligne.com\/wp-content\/uploads\/2023\/10\/Gris-7016-33.png","contentUrl":"https:\/\/www.leportailenligne.com\/wp-content\/uploads\/2023\/10\/Gris-7016-33.png","width":1306,"height":1306,"caption":"portail-double-coulissant-venitian-gris-7016"},{"@type":"BreadcrumbList","@id":"https:\/\/www.leportailenligne.com\/pt-pt\/produit\/portao-duplo-de-correr-venitian\/#breadcrumb","itemListElement":[{"@type":"ListItem","position":1,"name":"Accueil","item":"https:\/\/www.leportailenligne.com\/pt-pt\/"},{"@type":"ListItem","position":2,"name":"Loja","item":"https:\/\/www.leportailenligne.com\/pt-pt\/loja\/"},{"@type":"ListItem","position":3,"name":"Port\u00e3o Duplo de Correr Venitian"}]},{"@type":"WebSite","@id":"https:\/\/www.leportailenligne.com\/pt-pt\/#website","url":"https:\/\/www.leportailenligne.com\/pt-pt\/","name":"Le portail en ligne","description":"Votre portail en kit livr\u00e9 chez vous","publisher":{"@id":"https:\/\/www.leportailenligne.com\/pt-pt\/#organization"},"potentialAction":[{"@type":"SearchAction","target":{"@type":"EntryPoint","urlTemplate":"https:\/\/www.leportailenligne.com\/pt-pt\/?s={search_term_string}"},"query-input":{"@type":"PropertyValueSpecification","valueRequired":true,"valueName":"search_term_string"}}],"inLanguage":"pt-PT"},{"@type":"Organization","@id":"https:\/\/www.leportailenligne.com\/pt-pt\/#organization","name":"Le portail en ligne","url":"https:\/\/www.leportailenligne.com\/pt-pt\/","logo":{"@type":"ImageObject","inLanguage":"pt-PT","@id":"https:\/\/www.leportailenligne.com\/pt-pt\/#\/schema\/logo\/image\/","url":"https:\/\/www.leportailenligne.com\/wp-content\/uploads\/2022\/09\/Logo-Le-portail-en-ligne-sans-fond-HD-vert-orange-e1747668360165.png","contentUrl":"https:\/\/www.leportailenligne.com\/wp-content\/uploads\/2022\/09\/Logo-Le-portail-en-ligne-sans-fond-HD-vert-orange-e1747668360165.png","width":6520,"height":2420,"caption":"Le portail en ligne"},"image":{"@id":"https:\/\/www.leportailenligne.com\/pt-pt\/#\/schema\/logo\/image\/"}}]}},"_links":{"self":[{"href":"https:\/\/www.leportailenligne.com\/pt-pt\/wp-json\/wp\/v2\/product\/8715","targetHints":{"allow":["GET"]}}],"collection":[{"href":"https:\/\/www.leportailenligne.com\/pt-pt\/wp-json\/wp\/v2\/product"}],"about":[{"href":"https:\/\/www.leportailenligne.com\/pt-pt\/wp-json\/wp\/v2\/types\/product"}],"replies":[{"embeddable":true,"href":"https:\/\/www.leportailenligne.com\/pt-pt\/wp-json\/wp\/v2\/comments?post=8715"}],"wp:featuredmedia":[{"embeddable":true,"href":"https:\/\/www.leportailenligne.com\/pt-pt\/wp-json\/wp\/v2\/media\/3590"}],"wp:attachment":[{"href":"https:\/\/www.leportailenligne.com\/pt-pt\/wp-json\/wp\/v2\/media?parent=8715"}],"wp:term":[{"taxonomy":"product_brand","embeddable":true,"href":"https:\/\/www.leportailenligne.com\/pt-pt\/wp-json\/wp\/v2\/product_brand?post=8715"},{"taxonomy":"product_cat","embeddable":true,"href":"https:\/\/www.leportailenligne.com\/pt-pt\/wp-json\/wp\/v2\/product_cat?post=8715"},{"taxonomy":"product_tag","embeddable":true,"href":"https:\/\/www.leportailenligne.com\/pt-pt\/wp-json\/wp\/v2\/product_tag?post=8715"}],"curies":[{"name":"wp","href":"https:\/\/api.w.org\/{rel}","templated":true}]}}