{"id":8699,"date":"2023-10-25T14:55:07","date_gmt":"2023-10-25T14:55:07","guid":{"rendered":"https:\/\/www.leportailenligne.com\/produit\/portinhola-city-20-vertical\/"},"modified":"2023-10-25T14:55:07","modified_gmt":"2023-10-25T14:55:07","slug":"portinhola-city-20-vertical","status":"publish","type":"product","link":"https:\/\/www.leportailenligne.com\/pt-pt\/produit\/portinhola-city-20-vertical\/","title":{"rendered":"Portinhola City 20 Vertical"},"content":{"rendered":"<p><span style=\"font-weight: 400;\">Fabricada por medida para responder perfeitamente \u00e0s tuas necessidades e prefer\u00eancias est\u00e9ticas, esta <\/span><b>portinhola em alum\u00ednio de gama alta<\/b><span style=\"font-weight: 400;\"> funde-se harmoniosamente no cen\u00e1rio da tua propriedade e do teu ambiente de vida, aliando resist\u00eancia, seguran\u00e7a e est\u00e9tica. <\/span> <\/p>\n<p><span style=\"font-weight: 400;\">Pr\u00e1tica e duradoura, \u00e9 fabricada a partir de alum\u00ednio 100% recicl\u00e1vel, enquanto a sua pintura termolacada oferece uma melhor resist\u00eancia aos choques e \u00e0 corros\u00e3o.<\/span><\/p>\n<p><span style=\"font-weight: 400;\">A <\/span><b>Portinhola CITY 20 Vertical <\/b><span style=\"font-weight: 400;\">\u00e9 constitu\u00edda por<\/span><b> l\u00e2minas de 200 mm de espessura<\/b><span style=\"font-weight: 400;\">, garantindo a seguran\u00e7a da tua propriedade e oferecendo-te tranquilidade e discri\u00e7\u00e3o gra\u00e7as \u00e0s suas l\u00e2minas verticais cheias. Posicionadas verticalmente, as l\u00e2minas em alum\u00ednio desta portinhola citadina conferem um toque de modernidade e eleg\u00e2ncia \u00e0 tua propriedade. \u00c9 fabricada por medida num tamanho padr\u00e3o ou com dimens\u00f5es especiais sob pedido. Podes escolher entre 12 cores diferentes, bem como outras op\u00e7\u00f5es de design.<\/span><\/p>\n<p><span style=\"font-weight: 400;\">A <\/span><b>Portinhola CITY 20 de l\u00e2minas verticais <\/b><span style=\"font-weight: 400;\">est\u00e1 equipada com dobradi\u00e7as discretas em alum\u00ednio, condizentes com a cor do teu port\u00e3o para uma apar\u00eancia uniforme. A sua estrutura soldada e termolacada tem uma garantia de 15 anos.<\/span><\/p>\n<p><span style=\"font-weight: 400;\">Esta portinhola para montagem pr\u00f3pria \u00e9 entregue com um sistema de fecho e um trinco el\u00e9trico para proteger a tua propriedade.<\/span><\/p>\n<p><span style=\"font-weight: 400;\">Ao escolheres esta portinhola de alum\u00ednio, optas por um produto de gama alta, resistente e s\u00f3lido, que adicionar\u00e1 um toque de eleg\u00e2ncia extra \u00e0 tua propriedade. Encomenda j\u00e1 a tua<\/span><b> Portinhola CITY 20 Vertical em alum\u00ednio<\/b><span style=\"font-weight: 400;\">!<\/span><\/p>\n<p><span style=\"font-weight: 400;\">Este modelo tradicional alia modernidade e robustez, fundindo-se discretamente no teu ambiente residencial. Para uma entrada elegante e coerente, associa a <\/span><b>Portinhola CITY 20 Vertical<\/b><span style=\"font-weight: 400;\"> a um port\u00e3o da mesma gama.<\/span><\/p>\n<p>&nbsp;<\/p>\n<p><iframe title=\"Tutoriel d&#039;installation d&#039;un portillon - Pose facile | Le Portail En Ligne\" width=\"1290\" height=\"726\" src=\"https:\/\/www.youtube.com\/embed\/nNymGrDzJvI?feature=oembed\" frameborder=\"0\" allow=\"accelerometer; autoplay; clipboard-write; encrypted-media; gyroscope; picture-in-picture; web-share\" referrerpolicy=\"strict-origin-when-cross-origin\" allowfullscreen><\/iframe><\/p>\n<p>&nbsp;<\/p>\n<h3>Espa\u00e7o de download:<\/h3>\n<p class=\"elementor-icon-box-title\"><a href=\"https:\/\/www.leportailenligne.com\/wp-content\/uploads\/2023\/07\/Notice-de-montage-portillon.pdf\" target=\"_blank\" rel=\"noopener\">Manual de montagem Portinhola<\/a><\/p>\n<p><a href=\"https:\/\/www.leportailenligne.com\/wp-content\/uploads\/2023\/07\/Comment-prendre-les-cotes-Portillon.pdf\" target=\"_blank\" rel=\"noopener\">Plano de alvenaria Portinhola<\/a><\/p>\n<p>&nbsp;<\/p>\n<h4>Caracter\u00edsticas t\u00e9cnicas:<\/h4>\n<p><img fetchpriority=\"high\" decoding=\"async\" class=\"alignnone wp-image-4283 size-full\" src=\"https:\/\/www.leportailenligne.com\/wp-content\/uploads\/2023\/10\/FICHE-TECHNIQUE-CITY-20-VERTICAL-PORTILLON-e1704367437584.png\" alt=\"\" width=\"1313\" height=\"829\" srcset=\"https:\/\/www.leportailenligne.com\/wp-content\/uploads\/2023\/10\/FICHE-TECHNIQUE-CITY-20-VERTICAL-PORTILLON-e1704367437584.png 1313w, https:\/\/www.leportailenligne.com\/wp-content\/uploads\/2023\/10\/FICHE-TECHNIQUE-CITY-20-VERTICAL-PORTILLON-e1704367437584-600x379.png 600w, https:\/\/www.leportailenligne.com\/wp-content\/uploads\/2023\/10\/FICHE-TECHNIQUE-CITY-20-VERTICAL-PORTILLON-e1704367437584-300x189.png 300w, https:\/\/www.leportailenligne.com\/wp-content\/uploads\/2023\/10\/FICHE-TECHNIQUE-CITY-20-VERTICAL-PORTILLON-e1704367437584-1024x647.png 1024w, https:\/\/www.leportailenligne.com\/wp-content\/uploads\/2023\/10\/FICHE-TECHNIQUE-CITY-20-VERTICAL-PORTILLON-e1704367437584-768x485.png 768w\" sizes=\"(max-width: 1313px) 100vw, 1313px\" \/><\/p>\n","protected":false},"excerpt":{"rendered":"<p><span style=\"font-weight: 400;\">A <\/span><b>Portinhola em alum\u00ednio CITY 20 Vertical <\/b><span style=\"font-weight: 400;\">\u00e9 a solu\u00e7\u00e3o ideal para particulares que pretendem melhorar a est\u00e9tica da sua entrada, garantindo simultaneamente a seguran\u00e7a da sua propriedade. Este modelo cl\u00e1ssico de l\u00e2minas verticais, da nossa gama tradicional, combina discri\u00e7\u00e3o, modernidade e materiais de qualidade.<\/span><\/p>\n","protected":false},"featured_media":3747,"comment_status":"open","ping_status":"closed","template":"","meta":{"_acf_changed":false},"product_brand":[],"product_cat":[110,204],"product_tag":[],"class_list":{"0":"post-8699","1":"product","2":"type-product","3":"status-publish","4":"has-post-thumbnail","6":"product_cat-city-20-vertical","7":"product_cat-portoes-2","9":"first","10":"instock","11":"sold-individually","12":"taxable","13":"shipping-taxable","14":"purchasable","15":"product-type-simple"},"acf":[],"yoast_head":"<!-- This site is optimized with the Yoast SEO plugin v27.5 - https:\/\/yoast.com\/product\/yoast-seo-wordpress\/ -->\n<title>Portinhola City 20 Vertical - Le portail en ligne<\/title>\n<meta name=\"description\" content=\"\u00c0 procura de uma portinhola moderna e citadina? Descobre o nosso modelo por medida CITY 20 Vertical em alum\u00ednio no Le Portail en Ligne.\" \/>\n<meta name=\"robots\" content=\"index, follow, max-snippet:-1, max-image-preview:large, max-video-preview:-1\" \/>\n<link rel=\"canonical\" href=\"https:\/\/www.leportailenligne.com\/pt-pt\/produit\/portinhola-city-20-vertical\/\" \/>\n<meta property=\"og:locale\" content=\"pt_PT\" \/>\n<meta property=\"og:type\" content=\"article\" \/>\n<meta property=\"og:title\" content=\"Portinhola City 20 Vertical - Le portail en ligne\" \/>\n<meta property=\"og:description\" content=\"\u00c0 procura de uma portinhola moderna e citadina? Descobre o nosso modelo por medida CITY 20 Vertical em alum\u00ednio no Le Portail en Ligne.\" \/>\n<meta property=\"og:url\" content=\"https:\/\/www.leportailenligne.com\/pt-pt\/produit\/portinhola-city-20-vertical\/\" \/>\n<meta property=\"og:site_name\" content=\"Le portail en ligne\" \/>\n<meta property=\"og:image\" content=\"https:\/\/www.leportailenligne.com\/wp-content\/uploads\/2023\/10\/Gris-7016-41-1024x1024.png\" \/>\n\t<meta property=\"og:image:width\" content=\"1024\" \/>\n\t<meta property=\"og:image:height\" content=\"1024\" \/>\n\t<meta property=\"og:image:type\" content=\"image\/png\" \/>\n<meta name=\"twitter:card\" content=\"summary_large_image\" \/>\n<meta name=\"twitter:label1\" content=\"Tempo estimado de leitura\" \/>\n\t<meta name=\"twitter:data1\" content=\"2 minutos\" \/>\n<script type=\"application\/ld+json\" class=\"yoast-schema-graph\">{\"@context\":\"https:\\\/\\\/schema.org\",\"@graph\":[{\"@type\":\"WebPage\",\"@id\":\"https:\\\/\\\/www.leportailenligne.com\\\/pt-pt\\\/produit\\\/portinhola-city-20-vertical\\\/\",\"url\":\"https:\\\/\\\/www.leportailenligne.com\\\/pt-pt\\\/produit\\\/portinhola-city-20-vertical\\\/\",\"name\":\"Portinhola City 20 Vertical - Le portail en ligne\",\"isPartOf\":{\"@id\":\"https:\\\/\\\/www.leportailenligne.com\\\/pt-pt\\\/#website\"},\"primaryImageOfPage\":{\"@id\":\"https:\\\/\\\/www.leportailenligne.com\\\/pt-pt\\\/produit\\\/portinhola-city-20-vertical\\\/#primaryimage\"},\"image\":{\"@id\":\"https:\\\/\\\/www.leportailenligne.com\\\/pt-pt\\\/produit\\\/portinhola-city-20-vertical\\\/#primaryimage\"},\"thumbnailUrl\":\"https:\\\/\\\/www.leportailenligne.com\\\/wp-content\\\/uploads\\\/2023\\\/10\\\/Gris-7016-41.png\",\"datePublished\":\"2023-10-25T14:55:07+00:00\",\"description\":\"\u00c0 procura de uma portinhola moderna e citadina? Descobre o nosso modelo por medida CITY 20 Vertical em alum\u00ednio no Le Portail en Ligne.\",\"breadcrumb\":{\"@id\":\"https:\\\/\\\/www.leportailenligne.com\\\/pt-pt\\\/produit\\\/portinhola-city-20-vertical\\\/#breadcrumb\"},\"inLanguage\":\"pt-PT\",\"potentialAction\":[{\"@type\":\"ReadAction\",\"target\":[\"https:\\\/\\\/www.leportailenligne.com\\\/pt-pt\\\/produit\\\/portinhola-city-20-vertical\\\/\"]}]},{\"@type\":\"ImageObject\",\"inLanguage\":\"pt-PT\",\"@id\":\"https:\\\/\\\/www.leportailenligne.com\\\/pt-pt\\\/produit\\\/portinhola-city-20-vertical\\\/#primaryimage\",\"url\":\"https:\\\/\\\/www.leportailenligne.com\\\/wp-content\\\/uploads\\\/2023\\\/10\\\/Gris-7016-41.png\",\"contentUrl\":\"https:\\\/\\\/www.leportailenligne.com\\\/wp-content\\\/uploads\\\/2023\\\/10\\\/Gris-7016-41.png\",\"width\":1306,\"height\":1306,\"caption\":\"portillon-city-20-vertical-gris-7016\"},{\"@type\":\"BreadcrumbList\",\"@id\":\"https:\\\/\\\/www.leportailenligne.com\\\/pt-pt\\\/produit\\\/portinhola-city-20-vertical\\\/#breadcrumb\",\"itemListElement\":[{\"@type\":\"ListItem\",\"position\":1,\"name\":\"Accueil\",\"item\":\"https:\\\/\\\/www.leportailenligne.com\\\/pt-pt\\\/\"},{\"@type\":\"ListItem\",\"position\":2,\"name\":\"Loja\",\"item\":\"https:\\\/\\\/www.leportailenligne.com\\\/pt-pt\\\/loja\\\/\"},{\"@type\":\"ListItem\",\"position\":3,\"name\":\"Portinhola City 20 Vertical\"}]},{\"@type\":\"WebSite\",\"@id\":\"https:\\\/\\\/www.leportailenligne.com\\\/pt-pt\\\/#website\",\"url\":\"https:\\\/\\\/www.leportailenligne.com\\\/pt-pt\\\/\",\"name\":\"Le portail en ligne\",\"description\":\"Votre portail en kit livr\u00e9 chez vous\",\"publisher\":{\"@id\":\"https:\\\/\\\/www.leportailenligne.com\\\/pt-pt\\\/#organization\"},\"potentialAction\":[{\"@type\":\"SearchAction\",\"target\":{\"@type\":\"EntryPoint\",\"urlTemplate\":\"https:\\\/\\\/www.leportailenligne.com\\\/pt-pt\\\/?s={search_term_string}\"},\"query-input\":{\"@type\":\"PropertyValueSpecification\",\"valueRequired\":true,\"valueName\":\"search_term_string\"}}],\"inLanguage\":\"pt-PT\"},{\"@type\":\"Organization\",\"@id\":\"https:\\\/\\\/www.leportailenligne.com\\\/pt-pt\\\/#organization\",\"name\":\"Le portail en ligne\",\"url\":\"https:\\\/\\\/www.leportailenligne.com\\\/pt-pt\\\/\",\"logo\":{\"@type\":\"ImageObject\",\"inLanguage\":\"pt-PT\",\"@id\":\"https:\\\/\\\/www.leportailenligne.com\\\/pt-pt\\\/#\\\/schema\\\/logo\\\/image\\\/\",\"url\":\"https:\\\/\\\/www.leportailenligne.com\\\/wp-content\\\/uploads\\\/2022\\\/09\\\/Logo-Le-portail-en-ligne-sans-fond-HD-vert-orange-e1747668360165.png\",\"contentUrl\":\"https:\\\/\\\/www.leportailenligne.com\\\/wp-content\\\/uploads\\\/2022\\\/09\\\/Logo-Le-portail-en-ligne-sans-fond-HD-vert-orange-e1747668360165.png\",\"width\":6520,\"height\":2420,\"caption\":\"Le portail en ligne\"},\"image\":{\"@id\":\"https:\\\/\\\/www.leportailenligne.com\\\/pt-pt\\\/#\\\/schema\\\/logo\\\/image\\\/\"}}]}<\/script>\n<!-- \/ Yoast SEO plugin. -->","yoast_head_json":{"title":"Portinhola City 20 Vertical - Le portail en ligne","description":"\u00c0 procura de uma portinhola moderna e citadina? Descobre o nosso modelo por medida CITY 20 Vertical em alum\u00ednio no Le Portail en Ligne.","robots":{"index":"index","follow":"follow","max-snippet":"max-snippet:-1","max-image-preview":"max-image-preview:large","max-video-preview":"max-video-preview:-1"},"canonical":"https:\/\/www.leportailenligne.com\/pt-pt\/produit\/portinhola-city-20-vertical\/","og_locale":"pt_PT","og_type":"article","og_title":"Portinhola City 20 Vertical - Le portail en ligne","og_description":"\u00c0 procura de uma portinhola moderna e citadina? Descobre o nosso modelo por medida CITY 20 Vertical em alum\u00ednio no Le Portail en Ligne.","og_url":"https:\/\/www.leportailenligne.com\/pt-pt\/produit\/portinhola-city-20-vertical\/","og_site_name":"Le portail en ligne","og_image":[{"width":1024,"height":1024,"url":"https:\/\/www.leportailenligne.com\/wp-content\/uploads\/2023\/10\/Gris-7016-41-1024x1024.png","type":"image\/png"}],"twitter_card":"summary_large_image","twitter_misc":{"Tempo estimado de leitura":"2 minutos"},"schema":{"@context":"https:\/\/schema.org","@graph":[{"@type":"WebPage","@id":"https:\/\/www.leportailenligne.com\/pt-pt\/produit\/portinhola-city-20-vertical\/","url":"https:\/\/www.leportailenligne.com\/pt-pt\/produit\/portinhola-city-20-vertical\/","name":"Portinhola City 20 Vertical - Le portail en ligne","isPartOf":{"@id":"https:\/\/www.leportailenligne.com\/pt-pt\/#website"},"primaryImageOfPage":{"@id":"https:\/\/www.leportailenligne.com\/pt-pt\/produit\/portinhola-city-20-vertical\/#primaryimage"},"image":{"@id":"https:\/\/www.leportailenligne.com\/pt-pt\/produit\/portinhola-city-20-vertical\/#primaryimage"},"thumbnailUrl":"https:\/\/www.leportailenligne.com\/wp-content\/uploads\/2023\/10\/Gris-7016-41.png","datePublished":"2023-10-25T14:55:07+00:00","description":"\u00c0 procura de uma portinhola moderna e citadina? Descobre o nosso modelo por medida CITY 20 Vertical em alum\u00ednio no Le Portail en Ligne.","breadcrumb":{"@id":"https:\/\/www.leportailenligne.com\/pt-pt\/produit\/portinhola-city-20-vertical\/#breadcrumb"},"inLanguage":"pt-PT","potentialAction":[{"@type":"ReadAction","target":["https:\/\/www.leportailenligne.com\/pt-pt\/produit\/portinhola-city-20-vertical\/"]}]},{"@type":"ImageObject","inLanguage":"pt-PT","@id":"https:\/\/www.leportailenligne.com\/pt-pt\/produit\/portinhola-city-20-vertical\/#primaryimage","url":"https:\/\/www.leportailenligne.com\/wp-content\/uploads\/2023\/10\/Gris-7016-41.png","contentUrl":"https:\/\/www.leportailenligne.com\/wp-content\/uploads\/2023\/10\/Gris-7016-41.png","width":1306,"height":1306,"caption":"portillon-city-20-vertical-gris-7016"},{"@type":"BreadcrumbList","@id":"https:\/\/www.leportailenligne.com\/pt-pt\/produit\/portinhola-city-20-vertical\/#breadcrumb","itemListElement":[{"@type":"ListItem","position":1,"name":"Accueil","item":"https:\/\/www.leportailenligne.com\/pt-pt\/"},{"@type":"ListItem","position":2,"name":"Loja","item":"https:\/\/www.leportailenligne.com\/pt-pt\/loja\/"},{"@type":"ListItem","position":3,"name":"Portinhola City 20 Vertical"}]},{"@type":"WebSite","@id":"https:\/\/www.leportailenligne.com\/pt-pt\/#website","url":"https:\/\/www.leportailenligne.com\/pt-pt\/","name":"Le portail en ligne","description":"Votre portail en kit livr\u00e9 chez vous","publisher":{"@id":"https:\/\/www.leportailenligne.com\/pt-pt\/#organization"},"potentialAction":[{"@type":"SearchAction","target":{"@type":"EntryPoint","urlTemplate":"https:\/\/www.leportailenligne.com\/pt-pt\/?s={search_term_string}"},"query-input":{"@type":"PropertyValueSpecification","valueRequired":true,"valueName":"search_term_string"}}],"inLanguage":"pt-PT"},{"@type":"Organization","@id":"https:\/\/www.leportailenligne.com\/pt-pt\/#organization","name":"Le portail en ligne","url":"https:\/\/www.leportailenligne.com\/pt-pt\/","logo":{"@type":"ImageObject","inLanguage":"pt-PT","@id":"https:\/\/www.leportailenligne.com\/pt-pt\/#\/schema\/logo\/image\/","url":"https:\/\/www.leportailenligne.com\/wp-content\/uploads\/2022\/09\/Logo-Le-portail-en-ligne-sans-fond-HD-vert-orange-e1747668360165.png","contentUrl":"https:\/\/www.leportailenligne.com\/wp-content\/uploads\/2022\/09\/Logo-Le-portail-en-ligne-sans-fond-HD-vert-orange-e1747668360165.png","width":6520,"height":2420,"caption":"Le portail en ligne"},"image":{"@id":"https:\/\/www.leportailenligne.com\/pt-pt\/#\/schema\/logo\/image\/"}}]}},"_links":{"self":[{"href":"https:\/\/www.leportailenligne.com\/pt-pt\/wp-json\/wp\/v2\/product\/8699","targetHints":{"allow":["GET"]}}],"collection":[{"href":"https:\/\/www.leportailenligne.com\/pt-pt\/wp-json\/wp\/v2\/product"}],"about":[{"href":"https:\/\/www.leportailenligne.com\/pt-pt\/wp-json\/wp\/v2\/types\/product"}],"replies":[{"embeddable":true,"href":"https:\/\/www.leportailenligne.com\/pt-pt\/wp-json\/wp\/v2\/comments?post=8699"}],"wp:featuredmedia":[{"embeddable":true,"href":"https:\/\/www.leportailenligne.com\/pt-pt\/wp-json\/wp\/v2\/media\/3747"}],"wp:attachment":[{"href":"https:\/\/www.leportailenligne.com\/pt-pt\/wp-json\/wp\/v2\/media?parent=8699"}],"wp:term":[{"taxonomy":"product_brand","embeddable":true,"href":"https:\/\/www.leportailenligne.com\/pt-pt\/wp-json\/wp\/v2\/product_brand?post=8699"},{"taxonomy":"product_cat","embeddable":true,"href":"https:\/\/www.leportailenligne.com\/pt-pt\/wp-json\/wp\/v2\/product_cat?post=8699"},{"taxonomy":"product_tag","embeddable":true,"href":"https:\/\/www.leportailenligne.com\/pt-pt\/wp-json\/wp\/v2\/product_tag?post=8699"}],"curies":[{"name":"wp","href":"https:\/\/api.w.org\/{rel}","templated":true}]}}