{"id":8698,"date":"2023-10-25T15:00:42","date_gmt":"2023-10-25T15:00:42","guid":{"rendered":"https:\/\/www.leportailenligne.com\/produit\/portao-de-pedestre-city-10\/"},"modified":"2023-10-25T15:00:42","modified_gmt":"2023-10-25T15:00:42","slug":"portao-de-pedestre-city-10","status":"publish","type":"product","link":"https:\/\/www.leportailenligne.com\/pt-pt\/produit\/portao-de-pedestre-city-10\/","title":{"rendered":"Port\u00e3o de Pedestre City 10"},"content":{"rendered":"<p><span style=\"font-weight: 400;\">Simples, mas n\u00e3o menos moderno, o <\/span><b>port\u00e3o de pedestre CITY 10<\/b><span style=\"font-weight: 400;\"> facilita a entrada na tua habita\u00e7\u00e3o, mantendo-a protegida de olhares indiscretos gra\u00e7as ao seu preenchimento opaco. Composto por l\u00e2minas de alum\u00ednio de 100mm, este port\u00e3o de pedestre em alum\u00ednio premium n\u00e3o deixa nada \u00e0 vista no interior, permitindo-te isolar-te totalmente do mundo exterior.<\/span><\/p>\n<p><span style=\"font-weight: 400;\">Fabricado \u00e0 medida para se adaptar perfeitamente \u00e0s tuas necessidades, este <\/span><b>port\u00e3o de pedestre em alum\u00ednio premium<\/b><span style=\"font-weight: 400;\"> foi concebido para combinar resist\u00eancia, seguran\u00e7a e est\u00e9tica. Pr\u00e1tico e dur\u00e1vel, o <\/span><b>port\u00e3o de pedestre opaco CITY 10<\/b><span style=\"font-weight: 400;\"> \u00e9 fabricado em alum\u00ednio 100% recicl\u00e1vel. A sua pintura termolacada \u00e9 ecol\u00f3gica e garante ao teu port\u00e3o de pedestre uma melhor resist\u00eancia a choques e corros\u00e3o. <\/span> <\/p>\n<p><span style=\"font-weight: 400;\">Personaliza o teu port\u00e3o de pedestre de acordo com os teus gostos e necessidades e escolhe entre uma vasta variedade de op\u00e7\u00f5es de design: cores, puxadores, abertura \u00e0 esquerda ou \u00e0 direita, etc.<\/span><\/p>\n<p><span style=\"font-weight: 400;\">Abrindo para o interior, n\u00e3o obstrui a via p\u00fablica e a sua estrutura soldada robusta permite a instala\u00e7\u00e3o de uma fechadura el\u00e9trica para uma poss\u00edvel abertura \u00e0 dist\u00e2ncia. <\/span><\/p>\n<p><span style=\"font-weight: 400;\">Preocupados em oferecer produtos dur\u00e1veis, o <\/span><b>port\u00e3o de pedestre CITY 10<\/b><span style=\"font-weight: 400;\"> tem garantia de 15 anos para te proporcionar uma tranquilidade adicional. <\/span> <\/p>\n<p><span style=\"font-weight: 400;\">O port\u00e3o de pedestre CITY 10 \u00e9 um port\u00e3o de pedestre em alum\u00ednio pronto a instalar. Todos os acess\u00f3rios est\u00e3o inclu\u00eddos para facilitar a instala\u00e7\u00e3o. Encomenda j\u00e1 o teu <\/span><b>Port\u00e3o de Pedestre CITY 10 em alum\u00ednio<\/b><span style=\"font-weight: 400;\">!<\/span><\/p>\n<p><span style=\"font-weight: 400;\">Para oferecer um visual elegante e homog\u00e9neo \u00e0 tua entrada, associa o<\/span><b> port\u00e3o de pedestre CITY 10<\/b><span style=\"font-weight: 400;\"> a um port\u00e3o da mesma gama.<\/span><\/p>\n<p>&nbsp;<\/p>\n<p><iframe title=\"Tutoriel d&#039;installation d&#039;un portillon - Pose facile | Le Portail En Ligne\" width=\"1290\" height=\"726\" src=\"https:\/\/www.youtube.com\/embed\/nNymGrDzJvI?feature=oembed\" frameborder=\"0\" allow=\"accelerometer; autoplay; clipboard-write; encrypted-media; gyroscope; picture-in-picture; web-share\" referrerpolicy=\"strict-origin-when-cross-origin\" allowfullscreen><\/iframe><\/p>\n<p>&nbsp;<\/p>\n<h3>Espa\u00e7o de download:<\/h3>\n<p class=\"elementor-icon-box-title\"><a href=\"https:\/\/www.leportailenligne.com\/wp-content\/uploads\/2023\/07\/Notice-de-montage-portillon.pdf\" target=\"_blank\" rel=\"noopener\">Manual de Montagem do Port\u00e3o de Pedestre<\/a><\/p>\n<p><a href=\"https:\/\/www.leportailenligne.com\/wp-content\/uploads\/2024\/01\/Plan-portillon-gauche-et-droite-Le-portail-en-Ligne.pdf\" target=\"_blank\" rel=\"noopener\">Plano de Alvenaria do Port\u00e3o de Pedestre<\/a><\/p>\n<p>&nbsp;<\/p>\n<h4>Caracter\u00edsticas t\u00e9cnicas:<\/h4>\n<p><img fetchpriority=\"high\" decoding=\"async\" class=\"alignnone wp-image-4282 size-full\" src=\"https:\/\/www.leportailenligne.com\/wp-content\/uploads\/2023\/10\/FICHE-TECHNIQUE-CITY-10-PORTILLON-e1704367338247.png\" alt=\"\" width=\"1313\" height=\"829\" srcset=\"https:\/\/www.leportailenligne.com\/wp-content\/uploads\/2023\/10\/FICHE-TECHNIQUE-CITY-10-PORTILLON-e1704367338247.png 1313w, https:\/\/www.leportailenligne.com\/wp-content\/uploads\/2023\/10\/FICHE-TECHNIQUE-CITY-10-PORTILLON-e1704367338247-600x379.png 600w, https:\/\/www.leportailenligne.com\/wp-content\/uploads\/2023\/10\/FICHE-TECHNIQUE-CITY-10-PORTILLON-e1704367338247-300x189.png 300w, https:\/\/www.leportailenligne.com\/wp-content\/uploads\/2023\/10\/FICHE-TECHNIQUE-CITY-10-PORTILLON-e1704367338247-1024x647.png 1024w, https:\/\/www.leportailenligne.com\/wp-content\/uploads\/2023\/10\/FICHE-TECHNIQUE-CITY-10-PORTILLON-e1704367338247-768x485.png 768w\" sizes=\"(max-width: 1313px) 100vw, 1313px\" \/><\/p>\n","protected":false},"excerpt":{"rendered":"<p><span style=\"font-weight: 400;\">Protege a tua propriedade gra\u00e7as a este<\/span><b> port\u00e3o de pedestre CITY 10 em alum\u00ednio<\/b><span style=\"font-weight: 400;\">. O nosso port\u00e3o de pedestre 100% \u00e0 medida, moderno, com l\u00e2minas opacas de 100 mm, combina perfeitamente com a est\u00e9tica da tua resid\u00eancia e adapta-se \u00e0s tuas necessidades.<\/span><\/p>\n","protected":false},"featured_media":3760,"comment_status":"open","ping_status":"closed","template":"","meta":{"_acf_changed":false},"product_brand":[],"product_cat":[100,204],"product_tag":[],"class_list":{"0":"post-8698","1":"product","2":"type-product","3":"status-publish","4":"has-post-thumbnail","6":"product_cat-city-10","7":"product_cat-portoes-2","9":"first","10":"instock","11":"sold-individually","12":"taxable","13":"shipping-taxable","14":"purchasable","15":"product-type-simple"},"acf":[],"yoast_head":"<!-- This site is optimized with the Yoast SEO plugin v27.5 - https:\/\/yoast.com\/product\/yoast-seo-wordpress\/ -->\n<title>Port\u00e3o de Pedestre City 10 - Le portail en ligne<\/title>\n<meta name=\"description\" content=\"Descobre a nossa gama de port\u00f5es e port\u00f5es de pedestre citadinos e modernos em alum\u00ednio em Le Portail en Ligne.\" \/>\n<meta name=\"robots\" content=\"index, follow, max-snippet:-1, max-image-preview:large, max-video-preview:-1\" \/>\n<link rel=\"canonical\" href=\"https:\/\/www.leportailenligne.com\/pt-pt\/produit\/portao-de-pedestre-city-10\/\" \/>\n<meta property=\"og:locale\" content=\"pt_PT\" \/>\n<meta property=\"og:type\" content=\"article\" \/>\n<meta property=\"og:title\" content=\"Port\u00e3o de Pedestre City 10 - Le portail en ligne\" \/>\n<meta property=\"og:description\" content=\"Descobre a nossa gama de port\u00f5es e port\u00f5es de pedestre citadinos e modernos em alum\u00ednio em Le Portail en Ligne.\" \/>\n<meta property=\"og:url\" content=\"https:\/\/www.leportailenligne.com\/pt-pt\/produit\/portao-de-pedestre-city-10\/\" \/>\n<meta property=\"og:site_name\" content=\"Le portail en ligne\" \/>\n<meta property=\"og:image\" content=\"https:\/\/www.leportailenligne.com\/wp-content\/uploads\/2023\/10\/Gris-7016-42-1024x1024.png\" \/>\n\t<meta property=\"og:image:width\" content=\"1024\" \/>\n\t<meta property=\"og:image:height\" content=\"1024\" \/>\n\t<meta property=\"og:image:type\" content=\"image\/png\" \/>\n<meta name=\"twitter:card\" content=\"summary_large_image\" \/>\n<meta name=\"twitter:label1\" content=\"Tempo estimado de leitura\" \/>\n\t<meta name=\"twitter:data1\" content=\"2 minutos\" \/>\n<script type=\"application\/ld+json\" class=\"yoast-schema-graph\">{\"@context\":\"https:\\\/\\\/schema.org\",\"@graph\":[{\"@type\":\"WebPage\",\"@id\":\"https:\\\/\\\/www.leportailenligne.com\\\/pt-pt\\\/produit\\\/portao-de-pedestre-city-10\\\/\",\"url\":\"https:\\\/\\\/www.leportailenligne.com\\\/pt-pt\\\/produit\\\/portao-de-pedestre-city-10\\\/\",\"name\":\"Port\u00e3o de Pedestre City 10 - Le portail en ligne\",\"isPartOf\":{\"@id\":\"https:\\\/\\\/www.leportailenligne.com\\\/pt-pt\\\/#website\"},\"primaryImageOfPage\":{\"@id\":\"https:\\\/\\\/www.leportailenligne.com\\\/pt-pt\\\/produit\\\/portao-de-pedestre-city-10\\\/#primaryimage\"},\"image\":{\"@id\":\"https:\\\/\\\/www.leportailenligne.com\\\/pt-pt\\\/produit\\\/portao-de-pedestre-city-10\\\/#primaryimage\"},\"thumbnailUrl\":\"https:\\\/\\\/www.leportailenligne.com\\\/wp-content\\\/uploads\\\/2023\\\/10\\\/Gris-7016-42.png\",\"datePublished\":\"2023-10-25T15:00:42+00:00\",\"description\":\"Descobre a nossa gama de port\u00f5es e port\u00f5es de pedestre citadinos e modernos em alum\u00ednio em Le Portail en Ligne.\",\"breadcrumb\":{\"@id\":\"https:\\\/\\\/www.leportailenligne.com\\\/pt-pt\\\/produit\\\/portao-de-pedestre-city-10\\\/#breadcrumb\"},\"inLanguage\":\"pt-PT\",\"potentialAction\":[{\"@type\":\"ReadAction\",\"target\":[\"https:\\\/\\\/www.leportailenligne.com\\\/pt-pt\\\/produit\\\/portao-de-pedestre-city-10\\\/\"]}]},{\"@type\":\"ImageObject\",\"inLanguage\":\"pt-PT\",\"@id\":\"https:\\\/\\\/www.leportailenligne.com\\\/pt-pt\\\/produit\\\/portao-de-pedestre-city-10\\\/#primaryimage\",\"url\":\"https:\\\/\\\/www.leportailenligne.com\\\/wp-content\\\/uploads\\\/2023\\\/10\\\/Gris-7016-42.png\",\"contentUrl\":\"https:\\\/\\\/www.leportailenligne.com\\\/wp-content\\\/uploads\\\/2023\\\/10\\\/Gris-7016-42.png\",\"width\":1306,\"height\":1306,\"caption\":\"portillon-city-10-gris-7016\"},{\"@type\":\"BreadcrumbList\",\"@id\":\"https:\\\/\\\/www.leportailenligne.com\\\/pt-pt\\\/produit\\\/portao-de-pedestre-city-10\\\/#breadcrumb\",\"itemListElement\":[{\"@type\":\"ListItem\",\"position\":1,\"name\":\"Accueil\",\"item\":\"https:\\\/\\\/www.leportailenligne.com\\\/pt-pt\\\/\"},{\"@type\":\"ListItem\",\"position\":2,\"name\":\"Loja\",\"item\":\"https:\\\/\\\/www.leportailenligne.com\\\/pt-pt\\\/loja\\\/\"},{\"@type\":\"ListItem\",\"position\":3,\"name\":\"Port\u00e3o de Pedestre City 10\"}]},{\"@type\":\"WebSite\",\"@id\":\"https:\\\/\\\/www.leportailenligne.com\\\/pt-pt\\\/#website\",\"url\":\"https:\\\/\\\/www.leportailenligne.com\\\/pt-pt\\\/\",\"name\":\"Le portail en ligne\",\"description\":\"Votre portail en kit livr\u00e9 chez vous\",\"publisher\":{\"@id\":\"https:\\\/\\\/www.leportailenligne.com\\\/pt-pt\\\/#organization\"},\"potentialAction\":[{\"@type\":\"SearchAction\",\"target\":{\"@type\":\"EntryPoint\",\"urlTemplate\":\"https:\\\/\\\/www.leportailenligne.com\\\/pt-pt\\\/?s={search_term_string}\"},\"query-input\":{\"@type\":\"PropertyValueSpecification\",\"valueRequired\":true,\"valueName\":\"search_term_string\"}}],\"inLanguage\":\"pt-PT\"},{\"@type\":\"Organization\",\"@id\":\"https:\\\/\\\/www.leportailenligne.com\\\/pt-pt\\\/#organization\",\"name\":\"Le portail en ligne\",\"url\":\"https:\\\/\\\/www.leportailenligne.com\\\/pt-pt\\\/\",\"logo\":{\"@type\":\"ImageObject\",\"inLanguage\":\"pt-PT\",\"@id\":\"https:\\\/\\\/www.leportailenligne.com\\\/pt-pt\\\/#\\\/schema\\\/logo\\\/image\\\/\",\"url\":\"https:\\\/\\\/www.leportailenligne.com\\\/wp-content\\\/uploads\\\/2022\\\/09\\\/Logo-Le-portail-en-ligne-sans-fond-HD-vert-orange-e1747668360165.png\",\"contentUrl\":\"https:\\\/\\\/www.leportailenligne.com\\\/wp-content\\\/uploads\\\/2022\\\/09\\\/Logo-Le-portail-en-ligne-sans-fond-HD-vert-orange-e1747668360165.png\",\"width\":6520,\"height\":2420,\"caption\":\"Le portail en ligne\"},\"image\":{\"@id\":\"https:\\\/\\\/www.leportailenligne.com\\\/pt-pt\\\/#\\\/schema\\\/logo\\\/image\\\/\"}}]}<\/script>\n<!-- \/ Yoast SEO plugin. -->","yoast_head_json":{"title":"Port\u00e3o de Pedestre City 10 - Le portail en ligne","description":"Descobre a nossa gama de port\u00f5es e port\u00f5es de pedestre citadinos e modernos em alum\u00ednio em Le Portail en Ligne.","robots":{"index":"index","follow":"follow","max-snippet":"max-snippet:-1","max-image-preview":"max-image-preview:large","max-video-preview":"max-video-preview:-1"},"canonical":"https:\/\/www.leportailenligne.com\/pt-pt\/produit\/portao-de-pedestre-city-10\/","og_locale":"pt_PT","og_type":"article","og_title":"Port\u00e3o de Pedestre City 10 - Le portail en ligne","og_description":"Descobre a nossa gama de port\u00f5es e port\u00f5es de pedestre citadinos e modernos em alum\u00ednio em Le Portail en Ligne.","og_url":"https:\/\/www.leportailenligne.com\/pt-pt\/produit\/portao-de-pedestre-city-10\/","og_site_name":"Le portail en ligne","og_image":[{"width":1024,"height":1024,"url":"https:\/\/www.leportailenligne.com\/wp-content\/uploads\/2023\/10\/Gris-7016-42-1024x1024.png","type":"image\/png"}],"twitter_card":"summary_large_image","twitter_misc":{"Tempo estimado de leitura":"2 minutos"},"schema":{"@context":"https:\/\/schema.org","@graph":[{"@type":"WebPage","@id":"https:\/\/www.leportailenligne.com\/pt-pt\/produit\/portao-de-pedestre-city-10\/","url":"https:\/\/www.leportailenligne.com\/pt-pt\/produit\/portao-de-pedestre-city-10\/","name":"Port\u00e3o de Pedestre City 10 - Le portail en ligne","isPartOf":{"@id":"https:\/\/www.leportailenligne.com\/pt-pt\/#website"},"primaryImageOfPage":{"@id":"https:\/\/www.leportailenligne.com\/pt-pt\/produit\/portao-de-pedestre-city-10\/#primaryimage"},"image":{"@id":"https:\/\/www.leportailenligne.com\/pt-pt\/produit\/portao-de-pedestre-city-10\/#primaryimage"},"thumbnailUrl":"https:\/\/www.leportailenligne.com\/wp-content\/uploads\/2023\/10\/Gris-7016-42.png","datePublished":"2023-10-25T15:00:42+00:00","description":"Descobre a nossa gama de port\u00f5es e port\u00f5es de pedestre citadinos e modernos em alum\u00ednio em Le Portail en Ligne.","breadcrumb":{"@id":"https:\/\/www.leportailenligne.com\/pt-pt\/produit\/portao-de-pedestre-city-10\/#breadcrumb"},"inLanguage":"pt-PT","potentialAction":[{"@type":"ReadAction","target":["https:\/\/www.leportailenligne.com\/pt-pt\/produit\/portao-de-pedestre-city-10\/"]}]},{"@type":"ImageObject","inLanguage":"pt-PT","@id":"https:\/\/www.leportailenligne.com\/pt-pt\/produit\/portao-de-pedestre-city-10\/#primaryimage","url":"https:\/\/www.leportailenligne.com\/wp-content\/uploads\/2023\/10\/Gris-7016-42.png","contentUrl":"https:\/\/www.leportailenligne.com\/wp-content\/uploads\/2023\/10\/Gris-7016-42.png","width":1306,"height":1306,"caption":"portillon-city-10-gris-7016"},{"@type":"BreadcrumbList","@id":"https:\/\/www.leportailenligne.com\/pt-pt\/produit\/portao-de-pedestre-city-10\/#breadcrumb","itemListElement":[{"@type":"ListItem","position":1,"name":"Accueil","item":"https:\/\/www.leportailenligne.com\/pt-pt\/"},{"@type":"ListItem","position":2,"name":"Loja","item":"https:\/\/www.leportailenligne.com\/pt-pt\/loja\/"},{"@type":"ListItem","position":3,"name":"Port\u00e3o de Pedestre City 10"}]},{"@type":"WebSite","@id":"https:\/\/www.leportailenligne.com\/pt-pt\/#website","url":"https:\/\/www.leportailenligne.com\/pt-pt\/","name":"Le portail en ligne","description":"Votre portail en kit livr\u00e9 chez vous","publisher":{"@id":"https:\/\/www.leportailenligne.com\/pt-pt\/#organization"},"potentialAction":[{"@type":"SearchAction","target":{"@type":"EntryPoint","urlTemplate":"https:\/\/www.leportailenligne.com\/pt-pt\/?s={search_term_string}"},"query-input":{"@type":"PropertyValueSpecification","valueRequired":true,"valueName":"search_term_string"}}],"inLanguage":"pt-PT"},{"@type":"Organization","@id":"https:\/\/www.leportailenligne.com\/pt-pt\/#organization","name":"Le portail en ligne","url":"https:\/\/www.leportailenligne.com\/pt-pt\/","logo":{"@type":"ImageObject","inLanguage":"pt-PT","@id":"https:\/\/www.leportailenligne.com\/pt-pt\/#\/schema\/logo\/image\/","url":"https:\/\/www.leportailenligne.com\/wp-content\/uploads\/2022\/09\/Logo-Le-portail-en-ligne-sans-fond-HD-vert-orange-e1747668360165.png","contentUrl":"https:\/\/www.leportailenligne.com\/wp-content\/uploads\/2022\/09\/Logo-Le-portail-en-ligne-sans-fond-HD-vert-orange-e1747668360165.png","width":6520,"height":2420,"caption":"Le portail en ligne"},"image":{"@id":"https:\/\/www.leportailenligne.com\/pt-pt\/#\/schema\/logo\/image\/"}}]}},"_links":{"self":[{"href":"https:\/\/www.leportailenligne.com\/pt-pt\/wp-json\/wp\/v2\/product\/8698","targetHints":{"allow":["GET"]}}],"collection":[{"href":"https:\/\/www.leportailenligne.com\/pt-pt\/wp-json\/wp\/v2\/product"}],"about":[{"href":"https:\/\/www.leportailenligne.com\/pt-pt\/wp-json\/wp\/v2\/types\/product"}],"replies":[{"embeddable":true,"href":"https:\/\/www.leportailenligne.com\/pt-pt\/wp-json\/wp\/v2\/comments?post=8698"}],"wp:featuredmedia":[{"embeddable":true,"href":"https:\/\/www.leportailenligne.com\/pt-pt\/wp-json\/wp\/v2\/media\/3760"}],"wp:attachment":[{"href":"https:\/\/www.leportailenligne.com\/pt-pt\/wp-json\/wp\/v2\/media?parent=8698"}],"wp:term":[{"taxonomy":"product_brand","embeddable":true,"href":"https:\/\/www.leportailenligne.com\/pt-pt\/wp-json\/wp\/v2\/product_brand?post=8698"},{"taxonomy":"product_cat","embeddable":true,"href":"https:\/\/www.leportailenligne.com\/pt-pt\/wp-json\/wp\/v2\/product_cat?post=8698"},{"taxonomy":"product_tag","embeddable":true,"href":"https:\/\/www.leportailenligne.com\/pt-pt\/wp-json\/wp\/v2\/product_tag?post=8698"}],"curies":[{"name":"wp","href":"https:\/\/api.w.org\/{rel}","templated":true}]}}