{"id":8696,"date":"2023-10-25T15:05:25","date_gmt":"2023-10-25T15:05:25","guid":{"rendered":"https:\/\/www.leportailenligne.com\/produit\/portao-pedonal-city-10-vertical\/"},"modified":"2023-10-25T15:05:25","modified_gmt":"2023-10-25T15:05:25","slug":"portao-pedonal-city-10-vertical","status":"publish","type":"product","link":"https:\/\/www.leportailenligne.com\/pt-pt\/produit\/portao-pedonal-city-10-vertical\/","title":{"rendered":"Port\u00e3o Pedonal City 10 vertical"},"content":{"rendered":"<p><span style=\"font-weight: 400;\">Fabricado por medida para se adaptar perfeitamente \u00e0s tuas necessidades e prefer\u00eancias est\u00e9ticas, este <\/span><b>port\u00e3o pedonal em alum\u00ednio premium<\/b><span style=\"font-weight: 400;\"> foi concebido para se integrar perfeitamente na decora\u00e7\u00e3o da tua propriedade e do teu ambiente, aliando resist\u00eancia, seguran\u00e7a e est\u00e9tica. Pr\u00e1tico e duradouro, este <\/span><b>port\u00e3o <\/b><span style=\"font-weight: 400;\">\u00e9 fabricado em alum\u00ednio 100% recicl\u00e1vel. E a sua pintura termolacada garante ao teu port\u00e3o uma melhor resist\u00eancia aos choques e \u00e0 corros\u00e3o. <\/span> <\/p>\n<p><span style=\"font-weight: 400;\">O <\/span><b>Port\u00e3o Pedonal CITY 10 Vertical <\/b><span style=\"font-weight: 400;\">\u00e9 composto por l\u00e2minas espessas de 100 mm, permitindo-te segurar a tua propriedade enquanto garante calma e discri\u00e7\u00e3o gra\u00e7as \u00e0s suas l\u00e2minas horizontais fechadas. Dispostas verticalmente, as l\u00e2minas de alum\u00ednio deste port\u00e3o citadino conferem um toque de modernidade e eleg\u00e2ncia \u00e0 tua propriedade. <\/span> <\/p>\n<p><span style=\"font-weight: 400;\">\u00c9 fabricado por medida num tamanho padr\u00e3o ou com dimens\u00f5es especiais sob pedido. Podes escolher entre 12 cores diferentes, bem como outras op\u00e7\u00f5es de design, como a localiza\u00e7\u00e3o do trinco. <\/span><\/p>\n<p><span style=\"font-weight: 400;\">O <\/span><b>Port\u00e3o Pedonal CITY 10 de l\u00e2minas verticais<\/b><span style=\"font-weight: 400;\"> est\u00e1 equipado com dobradi\u00e7as discretas em alum\u00ednio, pintadas na mesma cor que o teu port\u00e3o para um toque de uniformidade. A sua estrutura soldada e termolacada tem uma garantia de 15 anos e resiste at\u00e9 a ventos fortes. <\/span> <\/p>\n<p><span style=\"font-weight: 400;\">Este port\u00e3o de montagem f\u00e1cil \u00e9 entregue com um sistema de fecho e um trinco el\u00e9trico para proteger a tua propriedade.<\/span><\/p>\n<p><span style=\"font-weight: 400;\">Ao escolheres um <\/span><b>port\u00e3o de alum\u00ednio vazado<\/b><span style=\"font-weight: 400;\">, est\u00e1s a optar por um produto <\/span><b>premium<\/b><span style=\"font-weight: 400;\">, <\/span><b>resistente<\/b><span style=\"font-weight: 400;\"> e <\/span><b>robusto<\/b><span style=\"font-weight: 400;\">, que dar\u00e1 um toque de eleg\u00e2ncia extra \u00e0 tua propriedade. Encomenda j\u00e1 o teu <\/span><b>Port\u00e3o Pedonal CITY 10 Vertical em alum\u00ednio<\/b><span style=\"font-weight: 400;\">!<\/span><\/p>\n<p><span style=\"font-weight: 400;\">Este modelo tradicional \u00e9 simultaneamente moderno e resistente, integrando-se com discri\u00e7\u00e3o no teu ambiente residencial. Para conferir um visual elegante e homog\u00e9neo \u00e0 tua entrada, combina o<\/span><b> Port\u00e3o Pedonal CITY 10 Vertical<\/b><span style=\"font-weight: 400;\"> com um port\u00e3o da mesma gama.<\/span><\/p>\n<p>&nbsp;<\/p>\n<p><iframe title=\"Tutoriel d&#039;installation d&#039;un portillon - Pose facile | Le Portail En Ligne\" width=\"1290\" height=\"726\" src=\"https:\/\/www.youtube.com\/embed\/nNymGrDzJvI?feature=oembed\" frameborder=\"0\" allow=\"accelerometer; autoplay; clipboard-write; encrypted-media; gyroscope; picture-in-picture; web-share\" referrerpolicy=\"strict-origin-when-cross-origin\" allowfullscreen><\/iframe><\/p>\n<p>&nbsp;<\/p>\n<h3>Espa\u00e7o de download:<\/h3>\n<p class=\"elementor-icon-box-title\"><a href=\"https:\/\/www.leportailenligne.com\/wp-content\/uploads\/2023\/07\/Notice-de-montage-portillon.pdf\" target=\"_blank\" rel=\"noopener\">Instru\u00e7\u00f5es de montagem do Port\u00e3o Pedonal<\/a><\/p>\n<p><a href=\"https:\/\/www.leportailenligne.com\/wp-content\/uploads\/2024\/01\/Plan-portillon-gauche-et-droite-Le-portail-en-Ligne.pdf\" target=\"_blank\" rel=\"noopener\">Plano de alvenaria do Port\u00e3o Pedonal<\/a><\/p>\n<p>&nbsp;<\/p>\n<h4>Caracter\u00edsticas t\u00e9cnicas:<\/h4>\n<p><img fetchpriority=\"high\" decoding=\"async\" class=\"alignnone wp-image-4281 size-full\" src=\"https:\/\/www.leportailenligne.com\/wp-content\/uploads\/2023\/10\/FICHE-TECHNIQUE-CITY-10-VERTICAL-PORTILLON-e1704367256923.png\" alt=\"\" width=\"1313\" height=\"829\" srcset=\"https:\/\/www.leportailenligne.com\/wp-content\/uploads\/2023\/10\/FICHE-TECHNIQUE-CITY-10-VERTICAL-PORTILLON-e1704367256923.png 1313w, https:\/\/www.leportailenligne.com\/wp-content\/uploads\/2023\/10\/FICHE-TECHNIQUE-CITY-10-VERTICAL-PORTILLON-e1704367256923-600x379.png 600w, https:\/\/www.leportailenligne.com\/wp-content\/uploads\/2023\/10\/FICHE-TECHNIQUE-CITY-10-VERTICAL-PORTILLON-e1704367256923-300x189.png 300w, https:\/\/www.leportailenligne.com\/wp-content\/uploads\/2023\/10\/FICHE-TECHNIQUE-CITY-10-VERTICAL-PORTILLON-e1704367256923-1024x647.png 1024w, https:\/\/www.leportailenligne.com\/wp-content\/uploads\/2023\/10\/FICHE-TECHNIQUE-CITY-10-VERTICAL-PORTILLON-e1704367256923-768x485.png 768w\" sizes=\"(max-width: 1313px) 100vw, 1313px\" \/><\/p>\n","protected":false},"excerpt":{"rendered":"<p><span style=\"font-weight: 400;\">O <\/span><b>Port\u00e3o Pedonal em alum\u00ednio CITY 10 Vertical<\/b><span style=\"font-weight: 400;\"> \u00e9 a solu\u00e7\u00e3o ideal para todos os particulares que procuram melhorar a est\u00e9tica da sua entrada, garantindo ao mesmo tempo a seguran\u00e7a da sua propriedade. Este modelo tradicional de l\u00e2minas verticais, da gama cl\u00e1ssica, foi concebido para aliar discri\u00e7\u00e3o, modernidade e materiais premium.<\/span><\/p>\n","protected":false},"featured_media":3773,"comment_status":"open","ping_status":"closed","template":"","meta":{"_acf_changed":false},"product_brand":[],"product_cat":[138,204],"product_tag":[],"class_list":{"0":"post-8696","1":"product","2":"type-product","3":"status-publish","4":"has-post-thumbnail","6":"product_cat-city-10-vertical","7":"product_cat-portoes-2","9":"first","10":"instock","11":"sold-individually","12":"taxable","13":"shipping-taxable","14":"purchasable","15":"product-type-simple"},"acf":[],"yoast_head":"<!-- This site is optimized with the Yoast SEO plugin v27.5 - https:\/\/yoast.com\/product\/yoast-seo-wordpress\/ -->\n<title>Port\u00e3o Pedonal City 10 vertical - Le portail en ligne<\/title>\n<meta name=\"description\" content=\"\u00c0 procura de um port\u00e3o pedonal moderno e citadino? Descobre o nosso modelo por medida CITY 10 Vertical em alum\u00ednio n&#039;O Port\u00e3o Online.\" \/>\n<meta name=\"robots\" content=\"index, follow, max-snippet:-1, max-image-preview:large, max-video-preview:-1\" \/>\n<link rel=\"canonical\" href=\"https:\/\/www.leportailenligne.com\/pt-pt\/produit\/portao-pedonal-city-10-vertical\/\" \/>\n<meta property=\"og:locale\" content=\"pt_PT\" \/>\n<meta property=\"og:type\" content=\"article\" \/>\n<meta property=\"og:title\" content=\"Port\u00e3o Pedonal City 10 vertical - Le portail en ligne\" \/>\n<meta property=\"og:description\" content=\"\u00c0 procura de um port\u00e3o pedonal moderno e citadino? Descobre o nosso modelo por medida CITY 10 Vertical em alum\u00ednio n&#039;O Port\u00e3o Online.\" \/>\n<meta property=\"og:url\" content=\"https:\/\/www.leportailenligne.com\/pt-pt\/produit\/portao-pedonal-city-10-vertical\/\" \/>\n<meta property=\"og:site_name\" content=\"Le portail en ligne\" \/>\n<meta property=\"og:image\" content=\"https:\/\/www.leportailenligne.com\/wp-content\/uploads\/2023\/10\/Gris-7016-43-1024x1024.png\" \/>\n\t<meta property=\"og:image:width\" content=\"1024\" \/>\n\t<meta property=\"og:image:height\" content=\"1024\" \/>\n\t<meta property=\"og:image:type\" content=\"image\/png\" \/>\n<meta name=\"twitter:card\" content=\"summary_large_image\" \/>\n<meta name=\"twitter:label1\" content=\"Tempo estimado de leitura\" \/>\n\t<meta name=\"twitter:data1\" content=\"2 minutos\" \/>\n<script type=\"application\/ld+json\" class=\"yoast-schema-graph\">{\"@context\":\"https:\\\/\\\/schema.org\",\"@graph\":[{\"@type\":\"WebPage\",\"@id\":\"https:\\\/\\\/www.leportailenligne.com\\\/pt-pt\\\/produit\\\/portao-pedonal-city-10-vertical\\\/\",\"url\":\"https:\\\/\\\/www.leportailenligne.com\\\/pt-pt\\\/produit\\\/portao-pedonal-city-10-vertical\\\/\",\"name\":\"Port\u00e3o Pedonal City 10 vertical - Le portail en ligne\",\"isPartOf\":{\"@id\":\"https:\\\/\\\/www.leportailenligne.com\\\/pt-pt\\\/#website\"},\"primaryImageOfPage\":{\"@id\":\"https:\\\/\\\/www.leportailenligne.com\\\/pt-pt\\\/produit\\\/portao-pedonal-city-10-vertical\\\/#primaryimage\"},\"image\":{\"@id\":\"https:\\\/\\\/www.leportailenligne.com\\\/pt-pt\\\/produit\\\/portao-pedonal-city-10-vertical\\\/#primaryimage\"},\"thumbnailUrl\":\"https:\\\/\\\/www.leportailenligne.com\\\/wp-content\\\/uploads\\\/2023\\\/10\\\/Gris-7016-43.png\",\"datePublished\":\"2023-10-25T15:05:25+00:00\",\"description\":\"\u00c0 procura de um port\u00e3o pedonal moderno e citadino? Descobre o nosso modelo por medida CITY 10 Vertical em alum\u00ednio n'O Port\u00e3o Online.\",\"breadcrumb\":{\"@id\":\"https:\\\/\\\/www.leportailenligne.com\\\/pt-pt\\\/produit\\\/portao-pedonal-city-10-vertical\\\/#breadcrumb\"},\"inLanguage\":\"pt-PT\",\"potentialAction\":[{\"@type\":\"ReadAction\",\"target\":[\"https:\\\/\\\/www.leportailenligne.com\\\/pt-pt\\\/produit\\\/portao-pedonal-city-10-vertical\\\/\"]}]},{\"@type\":\"ImageObject\",\"inLanguage\":\"pt-PT\",\"@id\":\"https:\\\/\\\/www.leportailenligne.com\\\/pt-pt\\\/produit\\\/portao-pedonal-city-10-vertical\\\/#primaryimage\",\"url\":\"https:\\\/\\\/www.leportailenligne.com\\\/wp-content\\\/uploads\\\/2023\\\/10\\\/Gris-7016-43.png\",\"contentUrl\":\"https:\\\/\\\/www.leportailenligne.com\\\/wp-content\\\/uploads\\\/2023\\\/10\\\/Gris-7016-43.png\",\"width\":1306,\"height\":1306,\"caption\":\"portillon-city-10-vertical-gris-7016\"},{\"@type\":\"BreadcrumbList\",\"@id\":\"https:\\\/\\\/www.leportailenligne.com\\\/pt-pt\\\/produit\\\/portao-pedonal-city-10-vertical\\\/#breadcrumb\",\"itemListElement\":[{\"@type\":\"ListItem\",\"position\":1,\"name\":\"Accueil\",\"item\":\"https:\\\/\\\/www.leportailenligne.com\\\/pt-pt\\\/\"},{\"@type\":\"ListItem\",\"position\":2,\"name\":\"Loja\",\"item\":\"https:\\\/\\\/www.leportailenligne.com\\\/pt-pt\\\/loja\\\/\"},{\"@type\":\"ListItem\",\"position\":3,\"name\":\"Port\u00e3o Pedonal City 10 vertical\"}]},{\"@type\":\"WebSite\",\"@id\":\"https:\\\/\\\/www.leportailenligne.com\\\/pt-pt\\\/#website\",\"url\":\"https:\\\/\\\/www.leportailenligne.com\\\/pt-pt\\\/\",\"name\":\"Le portail en ligne\",\"description\":\"Votre portail en kit livr\u00e9 chez vous\",\"publisher\":{\"@id\":\"https:\\\/\\\/www.leportailenligne.com\\\/pt-pt\\\/#organization\"},\"potentialAction\":[{\"@type\":\"SearchAction\",\"target\":{\"@type\":\"EntryPoint\",\"urlTemplate\":\"https:\\\/\\\/www.leportailenligne.com\\\/pt-pt\\\/?s={search_term_string}\"},\"query-input\":{\"@type\":\"PropertyValueSpecification\",\"valueRequired\":true,\"valueName\":\"search_term_string\"}}],\"inLanguage\":\"pt-PT\"},{\"@type\":\"Organization\",\"@id\":\"https:\\\/\\\/www.leportailenligne.com\\\/pt-pt\\\/#organization\",\"name\":\"Le portail en ligne\",\"url\":\"https:\\\/\\\/www.leportailenligne.com\\\/pt-pt\\\/\",\"logo\":{\"@type\":\"ImageObject\",\"inLanguage\":\"pt-PT\",\"@id\":\"https:\\\/\\\/www.leportailenligne.com\\\/pt-pt\\\/#\\\/schema\\\/logo\\\/image\\\/\",\"url\":\"https:\\\/\\\/www.leportailenligne.com\\\/wp-content\\\/uploads\\\/2022\\\/09\\\/Logo-Le-portail-en-ligne-sans-fond-HD-vert-orange-e1747668360165.png\",\"contentUrl\":\"https:\\\/\\\/www.leportailenligne.com\\\/wp-content\\\/uploads\\\/2022\\\/09\\\/Logo-Le-portail-en-ligne-sans-fond-HD-vert-orange-e1747668360165.png\",\"width\":6520,\"height\":2420,\"caption\":\"Le portail en ligne\"},\"image\":{\"@id\":\"https:\\\/\\\/www.leportailenligne.com\\\/pt-pt\\\/#\\\/schema\\\/logo\\\/image\\\/\"}}]}<\/script>\n<!-- \/ Yoast SEO plugin. -->","yoast_head_json":{"title":"Port\u00e3o Pedonal City 10 vertical - Le portail en ligne","description":"\u00c0 procura de um port\u00e3o pedonal moderno e citadino? Descobre o nosso modelo por medida CITY 10 Vertical em alum\u00ednio n'O Port\u00e3o Online.","robots":{"index":"index","follow":"follow","max-snippet":"max-snippet:-1","max-image-preview":"max-image-preview:large","max-video-preview":"max-video-preview:-1"},"canonical":"https:\/\/www.leportailenligne.com\/pt-pt\/produit\/portao-pedonal-city-10-vertical\/","og_locale":"pt_PT","og_type":"article","og_title":"Port\u00e3o Pedonal City 10 vertical - Le portail en ligne","og_description":"\u00c0 procura de um port\u00e3o pedonal moderno e citadino? Descobre o nosso modelo por medida CITY 10 Vertical em alum\u00ednio n'O Port\u00e3o Online.","og_url":"https:\/\/www.leportailenligne.com\/pt-pt\/produit\/portao-pedonal-city-10-vertical\/","og_site_name":"Le portail en ligne","og_image":[{"width":1024,"height":1024,"url":"https:\/\/www.leportailenligne.com\/wp-content\/uploads\/2023\/10\/Gris-7016-43-1024x1024.png","type":"image\/png"}],"twitter_card":"summary_large_image","twitter_misc":{"Tempo estimado de leitura":"2 minutos"},"schema":{"@context":"https:\/\/schema.org","@graph":[{"@type":"WebPage","@id":"https:\/\/www.leportailenligne.com\/pt-pt\/produit\/portao-pedonal-city-10-vertical\/","url":"https:\/\/www.leportailenligne.com\/pt-pt\/produit\/portao-pedonal-city-10-vertical\/","name":"Port\u00e3o Pedonal City 10 vertical - Le portail en ligne","isPartOf":{"@id":"https:\/\/www.leportailenligne.com\/pt-pt\/#website"},"primaryImageOfPage":{"@id":"https:\/\/www.leportailenligne.com\/pt-pt\/produit\/portao-pedonal-city-10-vertical\/#primaryimage"},"image":{"@id":"https:\/\/www.leportailenligne.com\/pt-pt\/produit\/portao-pedonal-city-10-vertical\/#primaryimage"},"thumbnailUrl":"https:\/\/www.leportailenligne.com\/wp-content\/uploads\/2023\/10\/Gris-7016-43.png","datePublished":"2023-10-25T15:05:25+00:00","description":"\u00c0 procura de um port\u00e3o pedonal moderno e citadino? Descobre o nosso modelo por medida CITY 10 Vertical em alum\u00ednio n'O Port\u00e3o Online.","breadcrumb":{"@id":"https:\/\/www.leportailenligne.com\/pt-pt\/produit\/portao-pedonal-city-10-vertical\/#breadcrumb"},"inLanguage":"pt-PT","potentialAction":[{"@type":"ReadAction","target":["https:\/\/www.leportailenligne.com\/pt-pt\/produit\/portao-pedonal-city-10-vertical\/"]}]},{"@type":"ImageObject","inLanguage":"pt-PT","@id":"https:\/\/www.leportailenligne.com\/pt-pt\/produit\/portao-pedonal-city-10-vertical\/#primaryimage","url":"https:\/\/www.leportailenligne.com\/wp-content\/uploads\/2023\/10\/Gris-7016-43.png","contentUrl":"https:\/\/www.leportailenligne.com\/wp-content\/uploads\/2023\/10\/Gris-7016-43.png","width":1306,"height":1306,"caption":"portillon-city-10-vertical-gris-7016"},{"@type":"BreadcrumbList","@id":"https:\/\/www.leportailenligne.com\/pt-pt\/produit\/portao-pedonal-city-10-vertical\/#breadcrumb","itemListElement":[{"@type":"ListItem","position":1,"name":"Accueil","item":"https:\/\/www.leportailenligne.com\/pt-pt\/"},{"@type":"ListItem","position":2,"name":"Loja","item":"https:\/\/www.leportailenligne.com\/pt-pt\/loja\/"},{"@type":"ListItem","position":3,"name":"Port\u00e3o Pedonal City 10 vertical"}]},{"@type":"WebSite","@id":"https:\/\/www.leportailenligne.com\/pt-pt\/#website","url":"https:\/\/www.leportailenligne.com\/pt-pt\/","name":"Le portail en ligne","description":"Votre portail en kit livr\u00e9 chez vous","publisher":{"@id":"https:\/\/www.leportailenligne.com\/pt-pt\/#organization"},"potentialAction":[{"@type":"SearchAction","target":{"@type":"EntryPoint","urlTemplate":"https:\/\/www.leportailenligne.com\/pt-pt\/?s={search_term_string}"},"query-input":{"@type":"PropertyValueSpecification","valueRequired":true,"valueName":"search_term_string"}}],"inLanguage":"pt-PT"},{"@type":"Organization","@id":"https:\/\/www.leportailenligne.com\/pt-pt\/#organization","name":"Le portail en ligne","url":"https:\/\/www.leportailenligne.com\/pt-pt\/","logo":{"@type":"ImageObject","inLanguage":"pt-PT","@id":"https:\/\/www.leportailenligne.com\/pt-pt\/#\/schema\/logo\/image\/","url":"https:\/\/www.leportailenligne.com\/wp-content\/uploads\/2022\/09\/Logo-Le-portail-en-ligne-sans-fond-HD-vert-orange-e1747668360165.png","contentUrl":"https:\/\/www.leportailenligne.com\/wp-content\/uploads\/2022\/09\/Logo-Le-portail-en-ligne-sans-fond-HD-vert-orange-e1747668360165.png","width":6520,"height":2420,"caption":"Le portail en ligne"},"image":{"@id":"https:\/\/www.leportailenligne.com\/pt-pt\/#\/schema\/logo\/image\/"}}]}},"_links":{"self":[{"href":"https:\/\/www.leportailenligne.com\/pt-pt\/wp-json\/wp\/v2\/product\/8696","targetHints":{"allow":["GET"]}}],"collection":[{"href":"https:\/\/www.leportailenligne.com\/pt-pt\/wp-json\/wp\/v2\/product"}],"about":[{"href":"https:\/\/www.leportailenligne.com\/pt-pt\/wp-json\/wp\/v2\/types\/product"}],"replies":[{"embeddable":true,"href":"https:\/\/www.leportailenligne.com\/pt-pt\/wp-json\/wp\/v2\/comments?post=8696"}],"wp:featuredmedia":[{"embeddable":true,"href":"https:\/\/www.leportailenligne.com\/pt-pt\/wp-json\/wp\/v2\/media\/3773"}],"wp:attachment":[{"href":"https:\/\/www.leportailenligne.com\/pt-pt\/wp-json\/wp\/v2\/media?parent=8696"}],"wp:term":[{"taxonomy":"product_brand","embeddable":true,"href":"https:\/\/www.leportailenligne.com\/pt-pt\/wp-json\/wp\/v2\/product_brand?post=8696"},{"taxonomy":"product_cat","embeddable":true,"href":"https:\/\/www.leportailenligne.com\/pt-pt\/wp-json\/wp\/v2\/product_cat?post=8696"},{"taxonomy":"product_tag","embeddable":true,"href":"https:\/\/www.leportailenligne.com\/pt-pt\/wp-json\/wp\/v2\/product_tag?post=8696"}],"curies":[{"name":"wp","href":"https:\/\/api.w.org\/{rel}","templated":true}]}}