{"id":8695,"date":"2023-10-25T15:15:53","date_gmt":"2023-10-25T15:15:53","guid":{"rendered":"https:\/\/www.leportailenligne.com\/produit\/portao-pequeno-city-20-gap\/"},"modified":"2023-10-25T15:15:53","modified_gmt":"2023-10-25T15:15:53","slug":"portao-pequeno-city-20-gap","status":"publish","type":"product","link":"https:\/\/www.leportailenligne.com\/pt-pt\/produit\/portao-pequeno-city-20-gap\/","title":{"rendered":"Port\u00e3o Pequeno City 20 Gap"},"content":{"rendered":"<p><span style=\"font-weight: 400;\">As <\/span><b>ripas de alum\u00ednio de 200 mm<\/b><span style=\"font-weight: 400;\">, espa\u00e7adas em 20 mm, permitem a passagem da luz natural, preservando a tua privacidade. Com um espa\u00e7amento m\u00ednimo de 20 mm entre cada uma destas ripas, o <\/span><b>port\u00e3o pequeno vazado em alum\u00ednio CITY 20 GAP<\/b><span style=\"font-weight: 400;\"> melhora a visibilidade a partir do p\u00e1tio interior da tua propriedade, ao mesmo tempo que preserva a tua privacidade e oferece seguran\u00e7a refor\u00e7ada.<\/span><\/p>\n<p><span style=\"font-weight: 400;\">Fabricado \u00e0 medida e totalmente personaliz\u00e1vel, o <\/span><b>port\u00e3o pequeno em alum\u00ednio CITY 20 GAP <\/b><span style=\"font-weight: 400;\">adapta-se \u00e0s tuas prefer\u00eancias e harmoniza-se com a apar\u00eancia da tua casa. Dispon\u00edvel em diferentes dimens\u00f5es e tonalidades, podes personaliz\u00e1-lo ainda mais, escolhendo entre uma vasta gama de op\u00e7\u00f5es de design.<\/span><\/p>\n<p><span style=\"font-weight: 400;\">A sua estrutura soldada e termolacada tem garantia de 15 anos e resiste at\u00e9 a ventos fortes. <\/span><\/p>\n<p><span style=\"font-weight: 400;\">Este port\u00e3o pequeno para montar tu pr\u00f3prio \u00e9 entregue com um sistema de fecho e uma contra chapa el\u00e9trica para proteger a tua propriedade.<\/span><\/p>\n<p><span style=\"font-weight: 400;\">Concebido \u00e0 medida para responder perfeitamente \u00e0s tuas necessidades, este port\u00e3o pequeno em alum\u00ednio de alta qualidade combina resist\u00eancia, seguran\u00e7a e est\u00e9tica. Pr\u00e1tico e dur\u00e1vel, \u00e9 fabricado a partir de alum\u00ednio 100% recicl\u00e1vel, enquanto a sua pintura termolacada oferece uma melhor resist\u00eancia a impactos e corros\u00e3o. Num esfor\u00e7o de durabilidade, o <\/span><b>port\u00e3o pequeno CITY 20 GAP <\/b><span style=\"font-weight: 400;\">tem o selo Qualicoat Seaside e a sua estrutura beneficia de uma garantia de 15 anos para uma tranquilidade adicional.<\/span><\/p>\n<p><span style=\"font-weight: 400;\">Ao escolheres um port\u00e3o pequeno vazado em alum\u00ednio como este, optas por um produto de alta qualidade, resistente e s\u00f3lido, que adicionar\u00e1 um toque de eleg\u00e2ncia extra \u00e0 tua propriedade. Encomenda j\u00e1 o teu <\/span><b>port\u00e3o pequeno CITY 20 GAP em alum\u00ednio<\/b><span style=\"font-weight: 400;\">!<\/span><\/p>\n<p><span style=\"font-weight: 400;\">Para uma entrada elegante e homog\u00e9nea, associa o <\/span><b>port\u00e3o pequeno CITY 20 GAP<\/b><span style=\"font-weight: 400;\"> a um port\u00e3o de batente ou de correr da mesma gama.<\/span><\/p>\n<p>&nbsp;<\/p>\n<p><iframe title=\"Tutoriel d&#039;installation d&#039;un portillon - Pose facile | Le Portail En Ligne\" width=\"1290\" height=\"726\" src=\"https:\/\/www.youtube.com\/embed\/nNymGrDzJvI?feature=oembed\" frameborder=\"0\" allow=\"accelerometer; autoplay; clipboard-write; encrypted-media; gyroscope; picture-in-picture; web-share\" referrerpolicy=\"strict-origin-when-cross-origin\" allowfullscreen><\/iframe><\/p>\n<p>&nbsp;<\/p>\n<h3>Espa\u00e7o de download:<\/h3>\n<p class=\"elementor-icon-box-title\"><a href=\"https:\/\/www.leportailenligne.com\/wp-content\/uploads\/2023\/07\/Notice-de-montage-portillon.pdf\" target=\"_blank\" rel=\"noopener\">Manual de Montagem do Port\u00e3o Pequeno<\/a><\/p>\n<p><a href=\"https:\/\/www.leportailenligne.com\/wp-content\/uploads\/2024\/01\/Plan-portillon-gauche-et-droite-Le-portail-en-Ligne.pdf\" target=\"_blank\" rel=\"noopener\">Plano de Alvenaria do Port\u00e3o Pequeno<\/a><\/p>\n<p>&nbsp;<\/p>\n<h4>Caracter\u00edsticas t\u00e9cnicas:<\/h4>\n<p><img fetchpriority=\"high\" decoding=\"async\" class=\"alignnone wp-image-4279 size-full\" src=\"https:\/\/www.leportailenligne.com\/wp-content\/uploads\/2023\/10\/FICHE-TECHNIQUE-CITY-20-GAP-PORTILLON-e1704367083653.png\" alt=\"\" width=\"1313\" height=\"827\" srcset=\"https:\/\/www.leportailenligne.com\/wp-content\/uploads\/2023\/10\/FICHE-TECHNIQUE-CITY-20-GAP-PORTILLON-e1704367083653.png 1313w, https:\/\/www.leportailenligne.com\/wp-content\/uploads\/2023\/10\/FICHE-TECHNIQUE-CITY-20-GAP-PORTILLON-e1704367083653-600x378.png 600w, https:\/\/www.leportailenligne.com\/wp-content\/uploads\/2023\/10\/FICHE-TECHNIQUE-CITY-20-GAP-PORTILLON-e1704367083653-300x189.png 300w, https:\/\/www.leportailenligne.com\/wp-content\/uploads\/2023\/10\/FICHE-TECHNIQUE-CITY-20-GAP-PORTILLON-e1704367083653-1024x645.png 1024w, https:\/\/www.leportailenligne.com\/wp-content\/uploads\/2023\/10\/FICHE-TECHNIQUE-CITY-20-GAP-PORTILLON-e1704367083653-768x484.png 768w\" sizes=\"(max-width: 1313px) 100vw, 1313px\" \/><\/p>\n","protected":false},"excerpt":{"rendered":"<p><span style=\"font-weight: 400;\">O <\/span><b>port\u00e3o pequeno de batente CITY 20 GAP em alum\u00ednio vazado<\/b><span style=\"font-weight: 400;\">, da nossa <\/span><b>gama urbana<\/b><span style=\"font-weight: 400;\">, oferece uma solu\u00e7\u00e3o elegante e tradicional para proteger a tua propriedade, ao mesmo tempo que melhora a est\u00e9tica da tua entrada. <\/span> <\/p>\n","protected":false},"featured_media":3799,"comment_status":"open","ping_status":"closed","template":"","meta":{"_acf_changed":false},"product_brand":[],"product_cat":[111,204],"product_tag":[],"class_list":{"0":"post-8695","1":"product","2":"type-product","3":"status-publish","4":"has-post-thumbnail","6":"product_cat-city-20-gap","7":"product_cat-portoes-2","9":"first","10":"instock","11":"sold-individually","12":"taxable","13":"shipping-taxable","14":"purchasable","15":"product-type-simple"},"acf":[],"yoast_head":"<!-- This site is optimized with the Yoast SEO plugin v27.5 - https:\/\/yoast.com\/product\/yoast-seo-wordpress\/ -->\n<title>Port\u00e3o Pequeno City 20 Gap - Le portail en ligne<\/title>\n<meta name=\"description\" content=\"\u00c0 procura de um port\u00e3o pequeno moderno e urbano? Descobre o nosso modelo vazado CITY 20 Gap em alum\u00ednio no O Port\u00e3o Online.\" \/>\n<meta name=\"robots\" content=\"index, follow, max-snippet:-1, max-image-preview:large, max-video-preview:-1\" \/>\n<link rel=\"canonical\" href=\"https:\/\/www.leportailenligne.com\/pt-pt\/produit\/portao-pequeno-city-20-gap\/\" \/>\n<meta property=\"og:locale\" content=\"pt_PT\" \/>\n<meta property=\"og:type\" content=\"article\" \/>\n<meta property=\"og:title\" content=\"Port\u00e3o Pequeno City 20 Gap - Le portail en ligne\" \/>\n<meta property=\"og:description\" content=\"\u00c0 procura de um port\u00e3o pequeno moderno e urbano? Descobre o nosso modelo vazado CITY 20 Gap em alum\u00ednio no O Port\u00e3o Online.\" \/>\n<meta property=\"og:url\" content=\"https:\/\/www.leportailenligne.com\/pt-pt\/produit\/portao-pequeno-city-20-gap\/\" \/>\n<meta property=\"og:site_name\" content=\"Le portail en ligne\" \/>\n<meta property=\"og:image\" content=\"https:\/\/www.leportailenligne.com\/wp-content\/uploads\/2023\/10\/Gris-7016-45-1024x1024.png\" \/>\n\t<meta property=\"og:image:width\" content=\"1024\" \/>\n\t<meta property=\"og:image:height\" content=\"1024\" \/>\n\t<meta property=\"og:image:type\" content=\"image\/png\" \/>\n<meta name=\"twitter:card\" content=\"summary_large_image\" \/>\n<meta name=\"twitter:label1\" content=\"Tempo estimado de leitura\" \/>\n\t<meta name=\"twitter:data1\" content=\"2 minutos\" \/>\n<script type=\"application\/ld+json\" class=\"yoast-schema-graph\">{\"@context\":\"https:\\\/\\\/schema.org\",\"@graph\":[{\"@type\":\"WebPage\",\"@id\":\"https:\\\/\\\/www.leportailenligne.com\\\/pt-pt\\\/produit\\\/portao-pequeno-city-20-gap\\\/\",\"url\":\"https:\\\/\\\/www.leportailenligne.com\\\/pt-pt\\\/produit\\\/portao-pequeno-city-20-gap\\\/\",\"name\":\"Port\u00e3o Pequeno City 20 Gap - Le portail en ligne\",\"isPartOf\":{\"@id\":\"https:\\\/\\\/www.leportailenligne.com\\\/pt-pt\\\/#website\"},\"primaryImageOfPage\":{\"@id\":\"https:\\\/\\\/www.leportailenligne.com\\\/pt-pt\\\/produit\\\/portao-pequeno-city-20-gap\\\/#primaryimage\"},\"image\":{\"@id\":\"https:\\\/\\\/www.leportailenligne.com\\\/pt-pt\\\/produit\\\/portao-pequeno-city-20-gap\\\/#primaryimage\"},\"thumbnailUrl\":\"https:\\\/\\\/www.leportailenligne.com\\\/wp-content\\\/uploads\\\/2023\\\/10\\\/Gris-7016-45.png\",\"datePublished\":\"2023-10-25T15:15:53+00:00\",\"description\":\"\u00c0 procura de um port\u00e3o pequeno moderno e urbano? Descobre o nosso modelo vazado CITY 20 Gap em alum\u00ednio no O Port\u00e3o Online.\",\"breadcrumb\":{\"@id\":\"https:\\\/\\\/www.leportailenligne.com\\\/pt-pt\\\/produit\\\/portao-pequeno-city-20-gap\\\/#breadcrumb\"},\"inLanguage\":\"pt-PT\",\"potentialAction\":[{\"@type\":\"ReadAction\",\"target\":[\"https:\\\/\\\/www.leportailenligne.com\\\/pt-pt\\\/produit\\\/portao-pequeno-city-20-gap\\\/\"]}]},{\"@type\":\"ImageObject\",\"inLanguage\":\"pt-PT\",\"@id\":\"https:\\\/\\\/www.leportailenligne.com\\\/pt-pt\\\/produit\\\/portao-pequeno-city-20-gap\\\/#primaryimage\",\"url\":\"https:\\\/\\\/www.leportailenligne.com\\\/wp-content\\\/uploads\\\/2023\\\/10\\\/Gris-7016-45.png\",\"contentUrl\":\"https:\\\/\\\/www.leportailenligne.com\\\/wp-content\\\/uploads\\\/2023\\\/10\\\/Gris-7016-45.png\",\"width\":1306,\"height\":1306,\"caption\":\"portillon-city-20-gap-gris-7016\"},{\"@type\":\"BreadcrumbList\",\"@id\":\"https:\\\/\\\/www.leportailenligne.com\\\/pt-pt\\\/produit\\\/portao-pequeno-city-20-gap\\\/#breadcrumb\",\"itemListElement\":[{\"@type\":\"ListItem\",\"position\":1,\"name\":\"Accueil\",\"item\":\"https:\\\/\\\/www.leportailenligne.com\\\/pt-pt\\\/\"},{\"@type\":\"ListItem\",\"position\":2,\"name\":\"Loja\",\"item\":\"https:\\\/\\\/www.leportailenligne.com\\\/pt-pt\\\/loja\\\/\"},{\"@type\":\"ListItem\",\"position\":3,\"name\":\"Port\u00e3o Pequeno City 20 Gap\"}]},{\"@type\":\"WebSite\",\"@id\":\"https:\\\/\\\/www.leportailenligne.com\\\/pt-pt\\\/#website\",\"url\":\"https:\\\/\\\/www.leportailenligne.com\\\/pt-pt\\\/\",\"name\":\"Le portail en ligne\",\"description\":\"Votre portail en kit livr\u00e9 chez vous\",\"publisher\":{\"@id\":\"https:\\\/\\\/www.leportailenligne.com\\\/pt-pt\\\/#organization\"},\"potentialAction\":[{\"@type\":\"SearchAction\",\"target\":{\"@type\":\"EntryPoint\",\"urlTemplate\":\"https:\\\/\\\/www.leportailenligne.com\\\/pt-pt\\\/?s={search_term_string}\"},\"query-input\":{\"@type\":\"PropertyValueSpecification\",\"valueRequired\":true,\"valueName\":\"search_term_string\"}}],\"inLanguage\":\"pt-PT\"},{\"@type\":\"Organization\",\"@id\":\"https:\\\/\\\/www.leportailenligne.com\\\/pt-pt\\\/#organization\",\"name\":\"Le portail en ligne\",\"url\":\"https:\\\/\\\/www.leportailenligne.com\\\/pt-pt\\\/\",\"logo\":{\"@type\":\"ImageObject\",\"inLanguage\":\"pt-PT\",\"@id\":\"https:\\\/\\\/www.leportailenligne.com\\\/pt-pt\\\/#\\\/schema\\\/logo\\\/image\\\/\",\"url\":\"https:\\\/\\\/www.leportailenligne.com\\\/wp-content\\\/uploads\\\/2022\\\/09\\\/Logo-Le-portail-en-ligne-sans-fond-HD-vert-orange-e1747668360165.png\",\"contentUrl\":\"https:\\\/\\\/www.leportailenligne.com\\\/wp-content\\\/uploads\\\/2022\\\/09\\\/Logo-Le-portail-en-ligne-sans-fond-HD-vert-orange-e1747668360165.png\",\"width\":6520,\"height\":2420,\"caption\":\"Le portail en ligne\"},\"image\":{\"@id\":\"https:\\\/\\\/www.leportailenligne.com\\\/pt-pt\\\/#\\\/schema\\\/logo\\\/image\\\/\"}}]}<\/script>\n<!-- \/ Yoast SEO plugin. -->","yoast_head_json":{"title":"Port\u00e3o Pequeno City 20 Gap - Le portail en ligne","description":"\u00c0 procura de um port\u00e3o pequeno moderno e urbano? Descobre o nosso modelo vazado CITY 20 Gap em alum\u00ednio no O Port\u00e3o Online.","robots":{"index":"index","follow":"follow","max-snippet":"max-snippet:-1","max-image-preview":"max-image-preview:large","max-video-preview":"max-video-preview:-1"},"canonical":"https:\/\/www.leportailenligne.com\/pt-pt\/produit\/portao-pequeno-city-20-gap\/","og_locale":"pt_PT","og_type":"article","og_title":"Port\u00e3o Pequeno City 20 Gap - Le portail en ligne","og_description":"\u00c0 procura de um port\u00e3o pequeno moderno e urbano? Descobre o nosso modelo vazado CITY 20 Gap em alum\u00ednio no O Port\u00e3o Online.","og_url":"https:\/\/www.leportailenligne.com\/pt-pt\/produit\/portao-pequeno-city-20-gap\/","og_site_name":"Le portail en ligne","og_image":[{"width":1024,"height":1024,"url":"https:\/\/www.leportailenligne.com\/wp-content\/uploads\/2023\/10\/Gris-7016-45-1024x1024.png","type":"image\/png"}],"twitter_card":"summary_large_image","twitter_misc":{"Tempo estimado de leitura":"2 minutos"},"schema":{"@context":"https:\/\/schema.org","@graph":[{"@type":"WebPage","@id":"https:\/\/www.leportailenligne.com\/pt-pt\/produit\/portao-pequeno-city-20-gap\/","url":"https:\/\/www.leportailenligne.com\/pt-pt\/produit\/portao-pequeno-city-20-gap\/","name":"Port\u00e3o Pequeno City 20 Gap - Le portail en ligne","isPartOf":{"@id":"https:\/\/www.leportailenligne.com\/pt-pt\/#website"},"primaryImageOfPage":{"@id":"https:\/\/www.leportailenligne.com\/pt-pt\/produit\/portao-pequeno-city-20-gap\/#primaryimage"},"image":{"@id":"https:\/\/www.leportailenligne.com\/pt-pt\/produit\/portao-pequeno-city-20-gap\/#primaryimage"},"thumbnailUrl":"https:\/\/www.leportailenligne.com\/wp-content\/uploads\/2023\/10\/Gris-7016-45.png","datePublished":"2023-10-25T15:15:53+00:00","description":"\u00c0 procura de um port\u00e3o pequeno moderno e urbano? Descobre o nosso modelo vazado CITY 20 Gap em alum\u00ednio no O Port\u00e3o Online.","breadcrumb":{"@id":"https:\/\/www.leportailenligne.com\/pt-pt\/produit\/portao-pequeno-city-20-gap\/#breadcrumb"},"inLanguage":"pt-PT","potentialAction":[{"@type":"ReadAction","target":["https:\/\/www.leportailenligne.com\/pt-pt\/produit\/portao-pequeno-city-20-gap\/"]}]},{"@type":"ImageObject","inLanguage":"pt-PT","@id":"https:\/\/www.leportailenligne.com\/pt-pt\/produit\/portao-pequeno-city-20-gap\/#primaryimage","url":"https:\/\/www.leportailenligne.com\/wp-content\/uploads\/2023\/10\/Gris-7016-45.png","contentUrl":"https:\/\/www.leportailenligne.com\/wp-content\/uploads\/2023\/10\/Gris-7016-45.png","width":1306,"height":1306,"caption":"portillon-city-20-gap-gris-7016"},{"@type":"BreadcrumbList","@id":"https:\/\/www.leportailenligne.com\/pt-pt\/produit\/portao-pequeno-city-20-gap\/#breadcrumb","itemListElement":[{"@type":"ListItem","position":1,"name":"Accueil","item":"https:\/\/www.leportailenligne.com\/pt-pt\/"},{"@type":"ListItem","position":2,"name":"Loja","item":"https:\/\/www.leportailenligne.com\/pt-pt\/loja\/"},{"@type":"ListItem","position":3,"name":"Port\u00e3o Pequeno City 20 Gap"}]},{"@type":"WebSite","@id":"https:\/\/www.leportailenligne.com\/pt-pt\/#website","url":"https:\/\/www.leportailenligne.com\/pt-pt\/","name":"Le portail en ligne","description":"Votre portail en kit livr\u00e9 chez vous","publisher":{"@id":"https:\/\/www.leportailenligne.com\/pt-pt\/#organization"},"potentialAction":[{"@type":"SearchAction","target":{"@type":"EntryPoint","urlTemplate":"https:\/\/www.leportailenligne.com\/pt-pt\/?s={search_term_string}"},"query-input":{"@type":"PropertyValueSpecification","valueRequired":true,"valueName":"search_term_string"}}],"inLanguage":"pt-PT"},{"@type":"Organization","@id":"https:\/\/www.leportailenligne.com\/pt-pt\/#organization","name":"Le portail en ligne","url":"https:\/\/www.leportailenligne.com\/pt-pt\/","logo":{"@type":"ImageObject","inLanguage":"pt-PT","@id":"https:\/\/www.leportailenligne.com\/pt-pt\/#\/schema\/logo\/image\/","url":"https:\/\/www.leportailenligne.com\/wp-content\/uploads\/2022\/09\/Logo-Le-portail-en-ligne-sans-fond-HD-vert-orange-e1747668360165.png","contentUrl":"https:\/\/www.leportailenligne.com\/wp-content\/uploads\/2022\/09\/Logo-Le-portail-en-ligne-sans-fond-HD-vert-orange-e1747668360165.png","width":6520,"height":2420,"caption":"Le portail en ligne"},"image":{"@id":"https:\/\/www.leportailenligne.com\/pt-pt\/#\/schema\/logo\/image\/"}}]}},"_links":{"self":[{"href":"https:\/\/www.leportailenligne.com\/pt-pt\/wp-json\/wp\/v2\/product\/8695","targetHints":{"allow":["GET"]}}],"collection":[{"href":"https:\/\/www.leportailenligne.com\/pt-pt\/wp-json\/wp\/v2\/product"}],"about":[{"href":"https:\/\/www.leportailenligne.com\/pt-pt\/wp-json\/wp\/v2\/types\/product"}],"replies":[{"embeddable":true,"href":"https:\/\/www.leportailenligne.com\/pt-pt\/wp-json\/wp\/v2\/comments?post=8695"}],"wp:featuredmedia":[{"embeddable":true,"href":"https:\/\/www.leportailenligne.com\/pt-pt\/wp-json\/wp\/v2\/media\/3799"}],"wp:attachment":[{"href":"https:\/\/www.leportailenligne.com\/pt-pt\/wp-json\/wp\/v2\/media?parent=8695"}],"wp:term":[{"taxonomy":"product_brand","embeddable":true,"href":"https:\/\/www.leportailenligne.com\/pt-pt\/wp-json\/wp\/v2\/product_brand?post=8695"},{"taxonomy":"product_cat","embeddable":true,"href":"https:\/\/www.leportailenligne.com\/pt-pt\/wp-json\/wp\/v2\/product_cat?post=8695"},{"taxonomy":"product_tag","embeddable":true,"href":"https:\/\/www.leportailenligne.com\/pt-pt\/wp-json\/wp\/v2\/product_tag?post=8695"}],"curies":[{"name":"wp","href":"https:\/\/api.w.org\/{rel}","templated":true}]}}