{"id":8694,"date":"2023-10-25T15:09:33","date_gmt":"2023-10-25T15:09:33","guid":{"rendered":"https:\/\/www.leportailenligne.com\/produit\/portinhola-city-10-gap\/"},"modified":"2023-10-25T15:09:33","modified_gmt":"2023-10-25T15:09:33","slug":"portinhola-city-10-gap","status":"publish","type":"product","link":"https:\/\/www.leportailenligne.com\/pt-pt\/produit\/portinhola-city-10-gap\/","title":{"rendered":"Portinhola City 10 Gap"},"content":{"rendered":"<p><span style=\"font-weight: 400;\">Com l\u00e2minas de alum\u00ednio espa\u00e7adas no m\u00ednimo 20 mm, a <\/span><b>portinhola vazada CITY 10 GAP<\/b><span style=\"font-weight: 400;\"> em alum\u00ednio permite melhorar a visibilidade a partir do p\u00e1tio interior da propriedade, preservando a tua privacidade e oferecendo maior seguran\u00e7a. <\/span> <\/p>\n<p><span style=\"font-weight: 400;\">A portinhola em alum\u00ednio <\/span><b>CITY 10 GAP<\/b><span style=\"font-weight: 400;\"> \u00e9 <\/span><b>fabricada por medida<\/b><span style=\"font-weight: 400;\"> e totalmente personaliz\u00e1vel para responder \u00e0s tuas prefer\u00eancias e harmonizar-se com o aspeto da tua casa. Dispon\u00edvel em v\u00e1rias larguras e tonalidades, podes personaliz\u00e1-la ainda mais escolhendo entre uma vasta sele\u00e7\u00e3o de op\u00e7\u00f5es de design. <\/span> <\/p>\n<p><span style=\"font-weight: 400;\">Esta portinhola \u00e9 fornecida com um sistema de fecho e um trinco el\u00e9trico para proteger a tua propriedade.<\/span><\/p>\n<p><span style=\"font-weight: 400;\">Fabricada por medida para se adaptar perfeitamente \u00e0s tuas necessidades, esta <\/span><b>portinhola premium em alum\u00ednio<\/b><span style=\"font-weight: 400;\"> foi tamb\u00e9m concebida para aliar resist\u00eancia, seguran\u00e7a e est\u00e9tica. Pr\u00e1tica e duradoura, esta <\/span><b>portinhola <\/b><span style=\"font-weight: 400;\">\u00e9 fabricada em alum\u00ednio 100% recicl\u00e1vel. E a sua pintura termolacada garante \u00e0 tua portinhola uma melhor resist\u00eancia a impactos e \u00e0 corros\u00e3o. <\/span> <\/p>\n<p><span style=\"font-weight: 400;\">Com o objetivo de oferecer produtos dur\u00e1veis, a <\/span><b>portinhola CITY 10<\/b> <b>GAP<\/b><span style=\"font-weight: 400;\"> tem certifica\u00e7\u00e3o Qualicoat Seaside e a sua estrutura tem garantia de 15 anos, para te dar ainda mais tranquilidade. <\/span> <\/p>\n<p><span style=\"font-weight: 400;\">Ao escolher uma <\/span><b>portinhola vazada em alum\u00ednio<\/b><span style=\"font-weight: 400;\"> como esta, est\u00e1s a optar por um produto <\/span><b>premium<\/b><span style=\"font-weight: 400;\">, <\/span><b>resistente<\/b><span style=\"font-weight: 400;\"> e <\/span><b>robusto<\/b><span style=\"font-weight: 400;\">, que dar\u00e1 um toque extra de eleg\u00e2ncia \u00e0 tua propriedade. Encomenda j\u00e1 a tua <\/span><b>Portinhola CITY 10 GAP em alum\u00ednio<\/b><span style=\"font-weight: 400;\">!<\/span><\/p>\n<p><span style=\"font-weight: 400;\">Para dar um visual elegante e homog\u00e9neo \u00e0 tua entrada, combina a<\/span><b> portinhola CITY 10 GAP<\/b><span style=\"font-weight: 400;\"> com um port\u00e3o da mesma gama.<\/span><\/p>\n<p>&nbsp;<\/p>\n<p><iframe title=\"Tutoriel d&#039;installation d&#039;un portillon - Pose facile | Le Portail En Ligne\" width=\"1290\" height=\"726\" src=\"https:\/\/www.youtube.com\/embed\/nNymGrDzJvI?feature=oembed\" frameborder=\"0\" allow=\"accelerometer; autoplay; clipboard-write; encrypted-media; gyroscope; picture-in-picture; web-share\" referrerpolicy=\"strict-origin-when-cross-origin\" allowfullscreen><\/iframe><\/p>\n<p>&nbsp;<\/p>\n<h3>Espa\u00e7o de download:<\/h3>\n<p class=\"elementor-icon-box-title\"><a href=\"https:\/\/www.leportailenligne.com\/wp-content\/uploads\/2023\/07\/Notice-de-montage-portillon.pdf\" target=\"_blank\" rel=\"noopener\">Manual de montagem da portinhola<\/a><\/p>\n<p><a href=\"https:\/\/www.leportailenligne.com\/wp-content\/uploads\/2024\/01\/Plan-portillon-gauche-et-droite-Le-portail-en-Ligne.pdf\" target=\"_blank\" rel=\"noopener\">Plano de alvenaria da portinhola<\/a><\/p>\n<p>&nbsp;<\/p>\n<h4>Caracter\u00edsticas t\u00e9cnicas:<\/h4>\n<p><img fetchpriority=\"high\" decoding=\"async\" class=\"alignnone wp-image-4280 size-full\" src=\"https:\/\/www.leportailenligne.com\/wp-content\/uploads\/2023\/10\/FICHE-TECHNIQUE-CITY-10-GAP-PORTILLON-e1704367178753.png\" alt=\"\" width=\"1313\" height=\"829\" srcset=\"https:\/\/www.leportailenligne.com\/wp-content\/uploads\/2023\/10\/FICHE-TECHNIQUE-CITY-10-GAP-PORTILLON-e1704367178753.png 1313w, https:\/\/www.leportailenligne.com\/wp-content\/uploads\/2023\/10\/FICHE-TECHNIQUE-CITY-10-GAP-PORTILLON-e1704367178753-600x379.png 600w, https:\/\/www.leportailenligne.com\/wp-content\/uploads\/2023\/10\/FICHE-TECHNIQUE-CITY-10-GAP-PORTILLON-e1704367178753-300x189.png 300w, https:\/\/www.leportailenligne.com\/wp-content\/uploads\/2023\/10\/FICHE-TECHNIQUE-CITY-10-GAP-PORTILLON-e1704367178753-1024x647.png 1024w, https:\/\/www.leportailenligne.com\/wp-content\/uploads\/2023\/10\/FICHE-TECHNIQUE-CITY-10-GAP-PORTILLON-e1704367178753-768x485.png 768w\" sizes=\"(max-width: 1313px) 100vw, 1313px\" \/><\/p>\n","protected":false},"excerpt":{"rendered":"<p><span style=\"font-weight: 400;\">Da nossa gama citadina, a <\/span><b>portinhola CITY 10 GAP <\/b><span style=\"font-weight: 400;\">em alum\u00ednio vazado \u00e9 uma escolha elegante e tradicional para proteger a tua propriedade, melhorando ao mesmo tempo a est\u00e9tica da tua entrada. Com um espa\u00e7o de 20 mm entre cada l\u00e2mina<\/span><span style=\"font-weight: 400;\">s<\/span><span style=\"font-weight: 400;\"> de alum\u00ednio, esta<\/span><b> portinhola em alum\u00ednio <\/b><span style=\"font-weight: 400;\">permite a passagem de luz natural, preservando a tua privacidade.<\/span><\/p>\n","protected":false},"featured_media":3786,"comment_status":"open","ping_status":"closed","template":"","meta":{"_acf_changed":false},"product_brand":[],"product_cat":[142,204],"product_tag":[],"class_list":{"0":"post-8694","1":"product","2":"type-product","3":"status-publish","4":"has-post-thumbnail","6":"product_cat-city-10-gap","7":"product_cat-portoes-2","9":"first","10":"instock","11":"sold-individually","12":"taxable","13":"shipping-taxable","14":"purchasable","15":"product-type-simple"},"acf":[],"yoast_head":"<!-- This site is optimized with the Yoast SEO plugin v27.5 - https:\/\/yoast.com\/product\/yoast-seo-wordpress\/ -->\n<title>Portinhola City 10 Gap - Le portail en ligne<\/title>\n<meta name=\"description\" content=\"\u00c0 procura de uma portinhola moderna e citadina? Descobre o nosso modelo vazado CITY 10 Gap em alum\u00ednio na Le Portail en Ligne.\" \/>\n<meta name=\"robots\" content=\"index, follow, max-snippet:-1, max-image-preview:large, max-video-preview:-1\" \/>\n<link rel=\"canonical\" href=\"https:\/\/www.leportailenligne.com\/pt-pt\/produit\/portinhola-city-10-gap\/\" \/>\n<meta property=\"og:locale\" content=\"pt_PT\" \/>\n<meta property=\"og:type\" content=\"article\" \/>\n<meta property=\"og:title\" content=\"Portinhola City 10 Gap - Le portail en ligne\" \/>\n<meta property=\"og:description\" content=\"\u00c0 procura de uma portinhola moderna e citadina? Descobre o nosso modelo vazado CITY 10 Gap em alum\u00ednio na Le Portail en Ligne.\" \/>\n<meta property=\"og:url\" content=\"https:\/\/www.leportailenligne.com\/pt-pt\/produit\/portinhola-city-10-gap\/\" \/>\n<meta property=\"og:site_name\" content=\"Le portail en ligne\" \/>\n<meta property=\"og:image\" content=\"https:\/\/www.leportailenligne.com\/wp-content\/uploads\/2023\/10\/Gris-7016-44-1024x1024.png\" \/>\n\t<meta property=\"og:image:width\" content=\"1024\" \/>\n\t<meta property=\"og:image:height\" content=\"1024\" \/>\n\t<meta property=\"og:image:type\" content=\"image\/png\" \/>\n<meta name=\"twitter:card\" content=\"summary_large_image\" \/>\n<meta name=\"twitter:label1\" content=\"Tempo estimado de leitura\" \/>\n\t<meta name=\"twitter:data1\" content=\"1 minuto\" \/>\n<script type=\"application\/ld+json\" class=\"yoast-schema-graph\">{\"@context\":\"https:\\\/\\\/schema.org\",\"@graph\":[{\"@type\":\"WebPage\",\"@id\":\"https:\\\/\\\/www.leportailenligne.com\\\/pt-pt\\\/produit\\\/portinhola-city-10-gap\\\/\",\"url\":\"https:\\\/\\\/www.leportailenligne.com\\\/pt-pt\\\/produit\\\/portinhola-city-10-gap\\\/\",\"name\":\"Portinhola City 10 Gap - Le portail en ligne\",\"isPartOf\":{\"@id\":\"https:\\\/\\\/www.leportailenligne.com\\\/pt-pt\\\/#website\"},\"primaryImageOfPage\":{\"@id\":\"https:\\\/\\\/www.leportailenligne.com\\\/pt-pt\\\/produit\\\/portinhola-city-10-gap\\\/#primaryimage\"},\"image\":{\"@id\":\"https:\\\/\\\/www.leportailenligne.com\\\/pt-pt\\\/produit\\\/portinhola-city-10-gap\\\/#primaryimage\"},\"thumbnailUrl\":\"https:\\\/\\\/www.leportailenligne.com\\\/wp-content\\\/uploads\\\/2023\\\/10\\\/Gris-7016-44.png\",\"datePublished\":\"2023-10-25T15:09:33+00:00\",\"description\":\"\u00c0 procura de uma portinhola moderna e citadina? Descobre o nosso modelo vazado CITY 10 Gap em alum\u00ednio na Le Portail en Ligne.\",\"breadcrumb\":{\"@id\":\"https:\\\/\\\/www.leportailenligne.com\\\/pt-pt\\\/produit\\\/portinhola-city-10-gap\\\/#breadcrumb\"},\"inLanguage\":\"pt-PT\",\"potentialAction\":[{\"@type\":\"ReadAction\",\"target\":[\"https:\\\/\\\/www.leportailenligne.com\\\/pt-pt\\\/produit\\\/portinhola-city-10-gap\\\/\"]}]},{\"@type\":\"ImageObject\",\"inLanguage\":\"pt-PT\",\"@id\":\"https:\\\/\\\/www.leportailenligne.com\\\/pt-pt\\\/produit\\\/portinhola-city-10-gap\\\/#primaryimage\",\"url\":\"https:\\\/\\\/www.leportailenligne.com\\\/wp-content\\\/uploads\\\/2023\\\/10\\\/Gris-7016-44.png\",\"contentUrl\":\"https:\\\/\\\/www.leportailenligne.com\\\/wp-content\\\/uploads\\\/2023\\\/10\\\/Gris-7016-44.png\",\"width\":1306,\"height\":1306,\"caption\":\"portillon-city-10-GAP-gris-7016\"},{\"@type\":\"BreadcrumbList\",\"@id\":\"https:\\\/\\\/www.leportailenligne.com\\\/pt-pt\\\/produit\\\/portinhola-city-10-gap\\\/#breadcrumb\",\"itemListElement\":[{\"@type\":\"ListItem\",\"position\":1,\"name\":\"Accueil\",\"item\":\"https:\\\/\\\/www.leportailenligne.com\\\/pt-pt\\\/\"},{\"@type\":\"ListItem\",\"position\":2,\"name\":\"Loja\",\"item\":\"https:\\\/\\\/www.leportailenligne.com\\\/pt-pt\\\/loja\\\/\"},{\"@type\":\"ListItem\",\"position\":3,\"name\":\"Portinhola City 10 Gap\"}]},{\"@type\":\"WebSite\",\"@id\":\"https:\\\/\\\/www.leportailenligne.com\\\/pt-pt\\\/#website\",\"url\":\"https:\\\/\\\/www.leportailenligne.com\\\/pt-pt\\\/\",\"name\":\"Le portail en ligne\",\"description\":\"Votre portail en kit livr\u00e9 chez vous\",\"publisher\":{\"@id\":\"https:\\\/\\\/www.leportailenligne.com\\\/pt-pt\\\/#organization\"},\"potentialAction\":[{\"@type\":\"SearchAction\",\"target\":{\"@type\":\"EntryPoint\",\"urlTemplate\":\"https:\\\/\\\/www.leportailenligne.com\\\/pt-pt\\\/?s={search_term_string}\"},\"query-input\":{\"@type\":\"PropertyValueSpecification\",\"valueRequired\":true,\"valueName\":\"search_term_string\"}}],\"inLanguage\":\"pt-PT\"},{\"@type\":\"Organization\",\"@id\":\"https:\\\/\\\/www.leportailenligne.com\\\/pt-pt\\\/#organization\",\"name\":\"Le portail en ligne\",\"url\":\"https:\\\/\\\/www.leportailenligne.com\\\/pt-pt\\\/\",\"logo\":{\"@type\":\"ImageObject\",\"inLanguage\":\"pt-PT\",\"@id\":\"https:\\\/\\\/www.leportailenligne.com\\\/pt-pt\\\/#\\\/schema\\\/logo\\\/image\\\/\",\"url\":\"https:\\\/\\\/www.leportailenligne.com\\\/wp-content\\\/uploads\\\/2022\\\/09\\\/Logo-Le-portail-en-ligne-sans-fond-HD-vert-orange-e1747668360165.png\",\"contentUrl\":\"https:\\\/\\\/www.leportailenligne.com\\\/wp-content\\\/uploads\\\/2022\\\/09\\\/Logo-Le-portail-en-ligne-sans-fond-HD-vert-orange-e1747668360165.png\",\"width\":6520,\"height\":2420,\"caption\":\"Le portail en ligne\"},\"image\":{\"@id\":\"https:\\\/\\\/www.leportailenligne.com\\\/pt-pt\\\/#\\\/schema\\\/logo\\\/image\\\/\"}}]}<\/script>\n<!-- \/ Yoast SEO plugin. -->","yoast_head_json":{"title":"Portinhola City 10 Gap - Le portail en ligne","description":"\u00c0 procura de uma portinhola moderna e citadina? Descobre o nosso modelo vazado CITY 10 Gap em alum\u00ednio na Le Portail en Ligne.","robots":{"index":"index","follow":"follow","max-snippet":"max-snippet:-1","max-image-preview":"max-image-preview:large","max-video-preview":"max-video-preview:-1"},"canonical":"https:\/\/www.leportailenligne.com\/pt-pt\/produit\/portinhola-city-10-gap\/","og_locale":"pt_PT","og_type":"article","og_title":"Portinhola City 10 Gap - Le portail en ligne","og_description":"\u00c0 procura de uma portinhola moderna e citadina? Descobre o nosso modelo vazado CITY 10 Gap em alum\u00ednio na Le Portail en Ligne.","og_url":"https:\/\/www.leportailenligne.com\/pt-pt\/produit\/portinhola-city-10-gap\/","og_site_name":"Le portail en ligne","og_image":[{"width":1024,"height":1024,"url":"https:\/\/www.leportailenligne.com\/wp-content\/uploads\/2023\/10\/Gris-7016-44-1024x1024.png","type":"image\/png"}],"twitter_card":"summary_large_image","twitter_misc":{"Tempo estimado de leitura":"1 minuto"},"schema":{"@context":"https:\/\/schema.org","@graph":[{"@type":"WebPage","@id":"https:\/\/www.leportailenligne.com\/pt-pt\/produit\/portinhola-city-10-gap\/","url":"https:\/\/www.leportailenligne.com\/pt-pt\/produit\/portinhola-city-10-gap\/","name":"Portinhola City 10 Gap - Le portail en ligne","isPartOf":{"@id":"https:\/\/www.leportailenligne.com\/pt-pt\/#website"},"primaryImageOfPage":{"@id":"https:\/\/www.leportailenligne.com\/pt-pt\/produit\/portinhola-city-10-gap\/#primaryimage"},"image":{"@id":"https:\/\/www.leportailenligne.com\/pt-pt\/produit\/portinhola-city-10-gap\/#primaryimage"},"thumbnailUrl":"https:\/\/www.leportailenligne.com\/wp-content\/uploads\/2023\/10\/Gris-7016-44.png","datePublished":"2023-10-25T15:09:33+00:00","description":"\u00c0 procura de uma portinhola moderna e citadina? Descobre o nosso modelo vazado CITY 10 Gap em alum\u00ednio na Le Portail en Ligne.","breadcrumb":{"@id":"https:\/\/www.leportailenligne.com\/pt-pt\/produit\/portinhola-city-10-gap\/#breadcrumb"},"inLanguage":"pt-PT","potentialAction":[{"@type":"ReadAction","target":["https:\/\/www.leportailenligne.com\/pt-pt\/produit\/portinhola-city-10-gap\/"]}]},{"@type":"ImageObject","inLanguage":"pt-PT","@id":"https:\/\/www.leportailenligne.com\/pt-pt\/produit\/portinhola-city-10-gap\/#primaryimage","url":"https:\/\/www.leportailenligne.com\/wp-content\/uploads\/2023\/10\/Gris-7016-44.png","contentUrl":"https:\/\/www.leportailenligne.com\/wp-content\/uploads\/2023\/10\/Gris-7016-44.png","width":1306,"height":1306,"caption":"portillon-city-10-GAP-gris-7016"},{"@type":"BreadcrumbList","@id":"https:\/\/www.leportailenligne.com\/pt-pt\/produit\/portinhola-city-10-gap\/#breadcrumb","itemListElement":[{"@type":"ListItem","position":1,"name":"Accueil","item":"https:\/\/www.leportailenligne.com\/pt-pt\/"},{"@type":"ListItem","position":2,"name":"Loja","item":"https:\/\/www.leportailenligne.com\/pt-pt\/loja\/"},{"@type":"ListItem","position":3,"name":"Portinhola City 10 Gap"}]},{"@type":"WebSite","@id":"https:\/\/www.leportailenligne.com\/pt-pt\/#website","url":"https:\/\/www.leportailenligne.com\/pt-pt\/","name":"Le portail en ligne","description":"Votre portail en kit livr\u00e9 chez vous","publisher":{"@id":"https:\/\/www.leportailenligne.com\/pt-pt\/#organization"},"potentialAction":[{"@type":"SearchAction","target":{"@type":"EntryPoint","urlTemplate":"https:\/\/www.leportailenligne.com\/pt-pt\/?s={search_term_string}"},"query-input":{"@type":"PropertyValueSpecification","valueRequired":true,"valueName":"search_term_string"}}],"inLanguage":"pt-PT"},{"@type":"Organization","@id":"https:\/\/www.leportailenligne.com\/pt-pt\/#organization","name":"Le portail en ligne","url":"https:\/\/www.leportailenligne.com\/pt-pt\/","logo":{"@type":"ImageObject","inLanguage":"pt-PT","@id":"https:\/\/www.leportailenligne.com\/pt-pt\/#\/schema\/logo\/image\/","url":"https:\/\/www.leportailenligne.com\/wp-content\/uploads\/2022\/09\/Logo-Le-portail-en-ligne-sans-fond-HD-vert-orange-e1747668360165.png","contentUrl":"https:\/\/www.leportailenligne.com\/wp-content\/uploads\/2022\/09\/Logo-Le-portail-en-ligne-sans-fond-HD-vert-orange-e1747668360165.png","width":6520,"height":2420,"caption":"Le portail en ligne"},"image":{"@id":"https:\/\/www.leportailenligne.com\/pt-pt\/#\/schema\/logo\/image\/"}}]}},"_links":{"self":[{"href":"https:\/\/www.leportailenligne.com\/pt-pt\/wp-json\/wp\/v2\/product\/8694","targetHints":{"allow":["GET"]}}],"collection":[{"href":"https:\/\/www.leportailenligne.com\/pt-pt\/wp-json\/wp\/v2\/product"}],"about":[{"href":"https:\/\/www.leportailenligne.com\/pt-pt\/wp-json\/wp\/v2\/types\/product"}],"replies":[{"embeddable":true,"href":"https:\/\/www.leportailenligne.com\/pt-pt\/wp-json\/wp\/v2\/comments?post=8694"}],"wp:featuredmedia":[{"embeddable":true,"href":"https:\/\/www.leportailenligne.com\/pt-pt\/wp-json\/wp\/v2\/media\/3786"}],"wp:attachment":[{"href":"https:\/\/www.leportailenligne.com\/pt-pt\/wp-json\/wp\/v2\/media?parent=8694"}],"wp:term":[{"taxonomy":"product_brand","embeddable":true,"href":"https:\/\/www.leportailenligne.com\/pt-pt\/wp-json\/wp\/v2\/product_brand?post=8694"},{"taxonomy":"product_cat","embeddable":true,"href":"https:\/\/www.leportailenligne.com\/pt-pt\/wp-json\/wp\/v2\/product_cat?post=8694"},{"taxonomy":"product_tag","embeddable":true,"href":"https:\/\/www.leportailenligne.com\/pt-pt\/wp-json\/wp\/v2\/product_tag?post=8694"}],"curies":[{"name":"wp","href":"https:\/\/api.w.org\/{rel}","templated":true}]}}