{"id":7498,"date":"2023-10-24T03:27:00","date_gmt":"2023-10-24T03:27:00","guid":{"rendered":"https:\/\/www.leportailenligne.com\/produit\/cancello-telescopico-city-20-taglio-laser\/"},"modified":"2023-10-24T03:27:00","modified_gmt":"2023-10-24T03:27:00","slug":"cancello-telescopico-city-20-taglio-laser","status":"publish","type":"product","link":"https:\/\/www.leportailenligne.com\/it\/produit\/cancello-telescopico-city-20-taglio-laser\/","title":{"rendered":"Cancello Telescopico City 20 taglio laser"},"content":{"rendered":"<p><span style=\"font-weight: 400;\">Il <\/span><b>cancello telescopico<\/b><span style=\"font-weight: 400;\"> \u00e8 la soluzione salvaspazio pi\u00f9 efficace sul mercato. Questa soluzione permette di adattarsi a ingressi di dimensioni ridotte con un&#8217;apertura laterale resa possibile grazie ai 2 battenti a scomparsa di uguale larghezza, che si sovrappongono all&#8217;apertura. Il primo battente, situato sul lato di raccolta, \u00e8 detto &#8220;motore&#8221; e trascina l&#8217;insieme. Il secondo battente \u00e8 detto &#8220;trainato&#8221; e scorre parallelamente grazie a un sistema di pulegge nascoste e a 2 binari posati a terra.<\/span><\/p>\n<p><span style=\"font-weight: 400;\">Perfetto per ingressi ridotti, il <\/span><b>cancello telescopico <\/b><span style=\"font-weight: 400;\">permette di ottimizzare lo spazio per guadagnare posto. <\/span> <\/p>\n<p><span style=\"font-weight: 400;\">Realizzato su misura per integrarsi perfettamente nell&#8217;ambiente e nell&#8217;armonia della propriet\u00e0, questo <\/span><b>cancello telescopico in alluminio <\/b><span style=\"font-weight: 400;\">\u00e8 composto da doghe piene di 200 mm che ti permettono di mettere in sicurezza la tua propriet\u00e0 garantendoti al contempo calma e discrezione grazie alle sue doghe orizzontali piene. Disponibile in 12 diverse tonalit\u00e0, sarai libero di scegliere la decorazione che preferisci prima che venga tagliata su misura al laser. I nostri consulenti potranno guidarti verso motivi predefiniti oppure potrai creare la decorazione che preferisci per un cancello unico al 100%. Questi tagli laser personalizzati aggiungono un tocco di modernit\u00e0 ed eleganza alla tua propriet\u00e0, garantendo al contempo la massima sicurezza del tuo spazio. La discrezione \u00e8 garantita anche grazie alle sue doghe in alluminio piene di 200 mm che offrono calma e serenit\u00e0 alla tua propriet\u00e0 privata.<\/span><span style=\"font-weight: 400;\"> <\/span><\/p>\n<p><span style=\"font-weight: 400;\">Scegliendo questo modello di cancello telescopico unico, puoi essere certo che la tua propriet\u00e0 sar\u00e0 protetta in modo sicuro ed estetico. Inoltre, il nostro <\/span><b>Cancello telescopico CITY 20 Laser in alluminio<\/b><span style=\"font-weight: 400;\"> \u00e8 certificato Qualicoat Seaside e la sua struttura \u00e8 garantita 15 anni, per offrirti una tranquillit\u00e0 d&#8217;animo aggiuntiva riguardo alla sua qualit\u00e0 e durabilit\u00e0. Infatti, la finitura di alta gamma e la robustezza dell&#8217;alluminio garantiscono una resistenza agli urti e alle intemperie.<\/span><\/p>\n<p><span style=\"font-weight: 400;\">Ordina subito il tuo <\/span><b>Cancello telescopico CITY 20 Laser in alluminio su misura<\/b><span style=\"font-weight: 400;\"> e porta un tocco unico di modernit\u00e0 alla tua propriet\u00e0. <\/span> <\/p>\n<p>&nbsp;<\/p>\n<p><iframe title=\"Tutoriel d&#039;installation d&#039;un portail t\u00e9lescopique - M\u00e9thode rapide | Le Portail En Ligne\" width=\"1290\" height=\"726\" src=\"https:\/\/www.youtube.com\/embed\/SaRFDsbfAtw?feature=oembed\" frameborder=\"0\" allow=\"accelerometer; autoplay; clipboard-write; encrypted-media; gyroscope; picture-in-picture; web-share\" referrerpolicy=\"strict-origin-when-cross-origin\" allowfullscreen><\/iframe><\/p>\n<p>&nbsp;<\/p>\n<h3>Area download:<\/h3>\n<p class=\"elementor-icon-box-title\"><a href=\"https:\/\/www.leportailenligne.com\/wp-content\/uploads\/2023\/07\/Notice-de-montage-telescopique.pdf\" target=\"_blank\" rel=\"noopener\">Istruzioni di montaggio Cancello Telescopico<\/a><\/p>\n<p><a href=\"https:\/\/www.leportailenligne.com\/wp-content\/uploads\/2024\/01\/Plan-de-maconnerie-portail-telescopique-gauche-Le-Portail-en-Ligne.pdf\" target=\"_blank\" rel=\"noopener\">Schema di muratura Cancello Telescopico apertura sinistra<\/a><\/p>\n<p><a href=\"https:\/\/www.leportailenligne.com\/wp-content\/uploads\/2024\/01\/Plan-de-maconnerie-portail-telescopique-droit-Le-Portail-en-Ligne.pdf\" target=\"_blank\" rel=\"noopener\">Schema di muratura Cancello Telescopico apertura destra<\/a><\/p>\n<p>&nbsp;<\/p>\n<h4>Caratteristiche tecniche:<\/h4>\n<p><img fetchpriority=\"high\" decoding=\"async\" class=\"alignnone wp-image-4267 size-full\" src=\"https:\/\/www.leportailenligne.com\/wp-content\/uploads\/2023\/10\/FICHE-TECHNIQUE-LASER-TELESCOPIQUE-e1704365634292.png\" alt=\"\" width=\"1313\" height=\"798\" srcset=\"https:\/\/www.leportailenligne.com\/wp-content\/uploads\/2023\/10\/FICHE-TECHNIQUE-LASER-TELESCOPIQUE-e1704365634292.png 1313w, https:\/\/www.leportailenligne.com\/wp-content\/uploads\/2023\/10\/FICHE-TECHNIQUE-LASER-TELESCOPIQUE-e1704365634292-600x365.png 600w, https:\/\/www.leportailenligne.com\/wp-content\/uploads\/2023\/10\/FICHE-TECHNIQUE-LASER-TELESCOPIQUE-e1704365634292-300x182.png 300w, https:\/\/www.leportailenligne.com\/wp-content\/uploads\/2023\/10\/FICHE-TECHNIQUE-LASER-TELESCOPIQUE-e1704365634292-1024x622.png 1024w, https:\/\/www.leportailenligne.com\/wp-content\/uploads\/2023\/10\/FICHE-TECHNIQUE-LASER-TELESCOPIQUE-e1704365634292-768x467.png 768w\" sizes=\"(max-width: 1313px) 100vw, 1313px\" \/><\/p>\n","protected":false},"excerpt":{"rendered":"<p><span style=\"font-weight: 400;\">Il <\/span><b>Cancello telescopico CITY 20 in alluminio con decorazione laser <\/b><span style=\"font-weight: 400;\">\u00e8 la soluzione ideale se cerchi un cancello premium, moderno e personalizzato, ma disponi di uno spazio ridotto. Progettato su misura, questo cancello salvaspazio \u00e8 impreziosito da una <\/span><b>decorazione laser personalizzata<\/b><span style=\"font-weight: 400;\">, il tuo cancello non assomiglier\u00e0 a nessun altro nel tuo quartiere residenziale. <\/span> <\/p>\n","protected":false},"featured_media":3333,"comment_status":"open","ping_status":"closed","template":"","meta":{"_acf_changed":false},"product_brand":[],"product_cat":[158,147],"product_tag":[],"class_list":{"0":"post-7498","1":"product","2":"type-product","3":"status-publish","4":"has-post-thumbnail","6":"product_cat-cancello-telescopico","7":"product_cat-taglio-laser","9":"first","10":"instock","11":"sold-individually","12":"taxable","13":"shipping-taxable","14":"purchasable","15":"product-type-simple"},"acf":[],"yoast_head":"<!-- This site is optimized with the Yoast SEO plugin v27.5 - https:\/\/yoast.com\/product\/yoast-seo-wordpress\/ -->\n<title>Cancello Telescopico City 20 taglio laser - Le portail en ligne<\/title>\n<meta name=\"description\" content=\"Il cancello telescopico CITY 20 con decorazione laser \u00e8 la soluzione salvaspazio ideale per vestire il tuo ingresso con un cancello moderno dal look unico. Da scoprire su Le Portail en Ligne.\" \/>\n<meta name=\"robots\" content=\"index, follow, max-snippet:-1, max-image-preview:large, max-video-preview:-1\" \/>\n<link rel=\"canonical\" href=\"https:\/\/www.leportailenligne.com\/it\/produit\/cancello-telescopico-city-20-taglio-laser\/\" \/>\n<meta property=\"og:locale\" content=\"it_IT\" \/>\n<meta property=\"og:type\" content=\"article\" \/>\n<meta property=\"og:title\" content=\"Cancello Telescopico City 20 taglio laser - Le portail en ligne\" \/>\n<meta property=\"og:description\" content=\"Il cancello telescopico CITY 20 con decorazione laser \u00e8 la soluzione salvaspazio ideale per vestire il tuo ingresso con un cancello moderno dal look unico. Da scoprire su Le Portail en Ligne.\" \/>\n<meta property=\"og:url\" content=\"https:\/\/www.leportailenligne.com\/it\/produit\/cancello-telescopico-city-20-taglio-laser\/\" \/>\n<meta property=\"og:site_name\" content=\"Le portail en ligne\" \/>\n<meta property=\"og:image\" content=\"https:\/\/www.leportailenligne.com\/wp-content\/uploads\/2023\/10\/Gris-7016-18-1024x1024.png\" \/>\n\t<meta property=\"og:image:width\" content=\"1024\" \/>\n\t<meta property=\"og:image:height\" content=\"1024\" \/>\n\t<meta property=\"og:image:type\" content=\"image\/png\" \/>\n<meta name=\"twitter:card\" content=\"summary_large_image\" \/>\n<meta name=\"twitter:label1\" content=\"Tempo di lettura stimato\" \/>\n\t<meta name=\"twitter:data1\" content=\"2 minuti\" \/>\n<script type=\"application\/ld+json\" class=\"yoast-schema-graph\">{\"@context\":\"https:\\\/\\\/schema.org\",\"@graph\":[{\"@type\":\"WebPage\",\"@id\":\"https:\\\/\\\/www.leportailenligne.com\\\/it\\\/produit\\\/cancello-telescopico-city-20-taglio-laser\\\/\",\"url\":\"https:\\\/\\\/www.leportailenligne.com\\\/it\\\/produit\\\/cancello-telescopico-city-20-taglio-laser\\\/\",\"name\":\"Cancello Telescopico City 20 taglio laser - Le portail en ligne\",\"isPartOf\":{\"@id\":\"https:\\\/\\\/www.leportailenligne.com\\\/it\\\/#website\"},\"primaryImageOfPage\":{\"@id\":\"https:\\\/\\\/www.leportailenligne.com\\\/it\\\/produit\\\/cancello-telescopico-city-20-taglio-laser\\\/#primaryimage\"},\"image\":{\"@id\":\"https:\\\/\\\/www.leportailenligne.com\\\/it\\\/produit\\\/cancello-telescopico-city-20-taglio-laser\\\/#primaryimage\"},\"thumbnailUrl\":\"https:\\\/\\\/www.leportailenligne.com\\\/wp-content\\\/uploads\\\/2023\\\/10\\\/Gris-7016-18.png\",\"datePublished\":\"2023-10-24T03:27:00+00:00\",\"description\":\"Il cancello telescopico CITY 20 con decorazione laser \u00e8 la soluzione salvaspazio ideale per vestire il tuo ingresso con un cancello moderno dal look unico. Da scoprire su Le Portail en Ligne.\",\"breadcrumb\":{\"@id\":\"https:\\\/\\\/www.leportailenligne.com\\\/it\\\/produit\\\/cancello-telescopico-city-20-taglio-laser\\\/#breadcrumb\"},\"inLanguage\":\"it-IT\",\"potentialAction\":[{\"@type\":\"ReadAction\",\"target\":[\"https:\\\/\\\/www.leportailenligne.com\\\/it\\\/produit\\\/cancello-telescopico-city-20-taglio-laser\\\/\"]}]},{\"@type\":\"ImageObject\",\"inLanguage\":\"it-IT\",\"@id\":\"https:\\\/\\\/www.leportailenligne.com\\\/it\\\/produit\\\/cancello-telescopico-city-20-taglio-laser\\\/#primaryimage\",\"url\":\"https:\\\/\\\/www.leportailenligne.com\\\/wp-content\\\/uploads\\\/2023\\\/10\\\/Gris-7016-18.png\",\"contentUrl\":\"https:\\\/\\\/www.leportailenligne.com\\\/wp-content\\\/uploads\\\/2023\\\/10\\\/Gris-7016-18.png\",\"width\":1306,\"height\":1306,\"caption\":\"portail-telescopique-city-20-decoupe-laser-gris-7016\"},{\"@type\":\"BreadcrumbList\",\"@id\":\"https:\\\/\\\/www.leportailenligne.com\\\/it\\\/produit\\\/cancello-telescopico-city-20-taglio-laser\\\/#breadcrumb\",\"itemListElement\":[{\"@type\":\"ListItem\",\"position\":1,\"name\":\"Accueil\",\"item\":\"https:\\\/\\\/www.leportailenligne.com\\\/it\\\/\"},{\"@type\":\"ListItem\",\"position\":2,\"name\":\"Shop\",\"item\":\"https:\\\/\\\/www.leportailenligne.com\\\/it\\\/shop\\\/\"},{\"@type\":\"ListItem\",\"position\":3,\"name\":\"Cancello Telescopico City 20 taglio laser\"}]},{\"@type\":\"WebSite\",\"@id\":\"https:\\\/\\\/www.leportailenligne.com\\\/it\\\/#website\",\"url\":\"https:\\\/\\\/www.leportailenligne.com\\\/it\\\/\",\"name\":\"Le portail en ligne\",\"description\":\"Votre portail en kit livr\u00e9 chez vous\",\"publisher\":{\"@id\":\"https:\\\/\\\/www.leportailenligne.com\\\/it\\\/#organization\"},\"potentialAction\":[{\"@type\":\"SearchAction\",\"target\":{\"@type\":\"EntryPoint\",\"urlTemplate\":\"https:\\\/\\\/www.leportailenligne.com\\\/it\\\/?s={search_term_string}\"},\"query-input\":{\"@type\":\"PropertyValueSpecification\",\"valueRequired\":true,\"valueName\":\"search_term_string\"}}],\"inLanguage\":\"it-IT\"},{\"@type\":\"Organization\",\"@id\":\"https:\\\/\\\/www.leportailenligne.com\\\/it\\\/#organization\",\"name\":\"Le portail en ligne\",\"url\":\"https:\\\/\\\/www.leportailenligne.com\\\/it\\\/\",\"logo\":{\"@type\":\"ImageObject\",\"inLanguage\":\"it-IT\",\"@id\":\"https:\\\/\\\/www.leportailenligne.com\\\/it\\\/#\\\/schema\\\/logo\\\/image\\\/\",\"url\":\"https:\\\/\\\/www.leportailenligne.com\\\/wp-content\\\/uploads\\\/2022\\\/09\\\/Logo-Le-portail-en-ligne-sans-fond-HD-vert-orange-e1747668360165.png\",\"contentUrl\":\"https:\\\/\\\/www.leportailenligne.com\\\/wp-content\\\/uploads\\\/2022\\\/09\\\/Logo-Le-portail-en-ligne-sans-fond-HD-vert-orange-e1747668360165.png\",\"width\":6520,\"height\":2420,\"caption\":\"Le portail en ligne\"},\"image\":{\"@id\":\"https:\\\/\\\/www.leportailenligne.com\\\/it\\\/#\\\/schema\\\/logo\\\/image\\\/\"}}]}<\/script>\n<!-- \/ Yoast SEO plugin. -->","yoast_head_json":{"title":"Cancello Telescopico City 20 taglio laser - Le portail en ligne","description":"Il cancello telescopico CITY 20 con decorazione laser \u00e8 la soluzione salvaspazio ideale per vestire il tuo ingresso con un cancello moderno dal look unico. Da scoprire su Le Portail en Ligne.","robots":{"index":"index","follow":"follow","max-snippet":"max-snippet:-1","max-image-preview":"max-image-preview:large","max-video-preview":"max-video-preview:-1"},"canonical":"https:\/\/www.leportailenligne.com\/it\/produit\/cancello-telescopico-city-20-taglio-laser\/","og_locale":"it_IT","og_type":"article","og_title":"Cancello Telescopico City 20 taglio laser - Le portail en ligne","og_description":"Il cancello telescopico CITY 20 con decorazione laser \u00e8 la soluzione salvaspazio ideale per vestire il tuo ingresso con un cancello moderno dal look unico. Da scoprire su Le Portail en Ligne.","og_url":"https:\/\/www.leportailenligne.com\/it\/produit\/cancello-telescopico-city-20-taglio-laser\/","og_site_name":"Le portail en ligne","og_image":[{"width":1024,"height":1024,"url":"https:\/\/www.leportailenligne.com\/wp-content\/uploads\/2023\/10\/Gris-7016-18-1024x1024.png","type":"image\/png"}],"twitter_card":"summary_large_image","twitter_misc":{"Tempo di lettura stimato":"2 minuti"},"schema":{"@context":"https:\/\/schema.org","@graph":[{"@type":"WebPage","@id":"https:\/\/www.leportailenligne.com\/it\/produit\/cancello-telescopico-city-20-taglio-laser\/","url":"https:\/\/www.leportailenligne.com\/it\/produit\/cancello-telescopico-city-20-taglio-laser\/","name":"Cancello Telescopico City 20 taglio laser - Le portail en ligne","isPartOf":{"@id":"https:\/\/www.leportailenligne.com\/it\/#website"},"primaryImageOfPage":{"@id":"https:\/\/www.leportailenligne.com\/it\/produit\/cancello-telescopico-city-20-taglio-laser\/#primaryimage"},"image":{"@id":"https:\/\/www.leportailenligne.com\/it\/produit\/cancello-telescopico-city-20-taglio-laser\/#primaryimage"},"thumbnailUrl":"https:\/\/www.leportailenligne.com\/wp-content\/uploads\/2023\/10\/Gris-7016-18.png","datePublished":"2023-10-24T03:27:00+00:00","description":"Il cancello telescopico CITY 20 con decorazione laser \u00e8 la soluzione salvaspazio ideale per vestire il tuo ingresso con un cancello moderno dal look unico. Da scoprire su Le Portail en Ligne.","breadcrumb":{"@id":"https:\/\/www.leportailenligne.com\/it\/produit\/cancello-telescopico-city-20-taglio-laser\/#breadcrumb"},"inLanguage":"it-IT","potentialAction":[{"@type":"ReadAction","target":["https:\/\/www.leportailenligne.com\/it\/produit\/cancello-telescopico-city-20-taglio-laser\/"]}]},{"@type":"ImageObject","inLanguage":"it-IT","@id":"https:\/\/www.leportailenligne.com\/it\/produit\/cancello-telescopico-city-20-taglio-laser\/#primaryimage","url":"https:\/\/www.leportailenligne.com\/wp-content\/uploads\/2023\/10\/Gris-7016-18.png","contentUrl":"https:\/\/www.leportailenligne.com\/wp-content\/uploads\/2023\/10\/Gris-7016-18.png","width":1306,"height":1306,"caption":"portail-telescopique-city-20-decoupe-laser-gris-7016"},{"@type":"BreadcrumbList","@id":"https:\/\/www.leportailenligne.com\/it\/produit\/cancello-telescopico-city-20-taglio-laser\/#breadcrumb","itemListElement":[{"@type":"ListItem","position":1,"name":"Accueil","item":"https:\/\/www.leportailenligne.com\/it\/"},{"@type":"ListItem","position":2,"name":"Shop","item":"https:\/\/www.leportailenligne.com\/it\/shop\/"},{"@type":"ListItem","position":3,"name":"Cancello Telescopico City 20 taglio laser"}]},{"@type":"WebSite","@id":"https:\/\/www.leportailenligne.com\/it\/#website","url":"https:\/\/www.leportailenligne.com\/it\/","name":"Le portail en ligne","description":"Votre portail en kit livr\u00e9 chez vous","publisher":{"@id":"https:\/\/www.leportailenligne.com\/it\/#organization"},"potentialAction":[{"@type":"SearchAction","target":{"@type":"EntryPoint","urlTemplate":"https:\/\/www.leportailenligne.com\/it\/?s={search_term_string}"},"query-input":{"@type":"PropertyValueSpecification","valueRequired":true,"valueName":"search_term_string"}}],"inLanguage":"it-IT"},{"@type":"Organization","@id":"https:\/\/www.leportailenligne.com\/it\/#organization","name":"Le portail en ligne","url":"https:\/\/www.leportailenligne.com\/it\/","logo":{"@type":"ImageObject","inLanguage":"it-IT","@id":"https:\/\/www.leportailenligne.com\/it\/#\/schema\/logo\/image\/","url":"https:\/\/www.leportailenligne.com\/wp-content\/uploads\/2022\/09\/Logo-Le-portail-en-ligne-sans-fond-HD-vert-orange-e1747668360165.png","contentUrl":"https:\/\/www.leportailenligne.com\/wp-content\/uploads\/2022\/09\/Logo-Le-portail-en-ligne-sans-fond-HD-vert-orange-e1747668360165.png","width":6520,"height":2420,"caption":"Le portail en ligne"},"image":{"@id":"https:\/\/www.leportailenligne.com\/it\/#\/schema\/logo\/image\/"}}]}},"_links":{"self":[{"href":"https:\/\/www.leportailenligne.com\/it\/wp-json\/wp\/v2\/product\/7498","targetHints":{"allow":["GET"]}}],"collection":[{"href":"https:\/\/www.leportailenligne.com\/it\/wp-json\/wp\/v2\/product"}],"about":[{"href":"https:\/\/www.leportailenligne.com\/it\/wp-json\/wp\/v2\/types\/product"}],"replies":[{"embeddable":true,"href":"https:\/\/www.leportailenligne.com\/it\/wp-json\/wp\/v2\/comments?post=7498"}],"wp:featuredmedia":[{"embeddable":true,"href":"https:\/\/www.leportailenligne.com\/it\/wp-json\/wp\/v2\/media\/3333"}],"wp:attachment":[{"href":"https:\/\/www.leportailenligne.com\/it\/wp-json\/wp\/v2\/media?parent=7498"}],"wp:term":[{"taxonomy":"product_brand","embeddable":true,"href":"https:\/\/www.leportailenligne.com\/it\/wp-json\/wp\/v2\/product_brand?post=7498"},{"taxonomy":"product_cat","embeddable":true,"href":"https:\/\/www.leportailenligne.com\/it\/wp-json\/wp\/v2\/product_cat?post=7498"},{"taxonomy":"product_tag","embeddable":true,"href":"https:\/\/www.leportailenligne.com\/it\/wp-json\/wp\/v2\/product_tag?post=7498"}],"curies":[{"name":"wp","href":"https:\/\/api.w.org\/{rel}","templated":true}]}}