{"id":7587,"date":"2023-10-24T03:27:00","date_gmt":"2023-10-24T03:27:00","guid":{"rendered":"https:\/\/www.leportailenligne.com\/produit\/teleskoptor-city-20-laserschnitt\/"},"modified":"2023-10-24T03:27:00","modified_gmt":"2023-10-24T03:27:00","slug":"teleskoptor-city-20-laserschnitt","status":"publish","type":"product","link":"https:\/\/www.leportailenligne.com\/de\/produit\/teleskoptor-city-20-laserschnitt\/","title":{"rendered":"Teleskoptor City 20 Laserschnitt"},"content":{"rendered":"<p><span style=\"font-weight: 400;\">Das <\/span><b>Teleskoptor<\/b><span style=\"font-weight: 400;\"> ist die effizienteste platzsparende L\u00f6sung auf dem Markt. Diese L\u00f6sung passt sich kleinen Einfahrten an, mit einer seitlichen \u00d6ffnung, die durch zwei gleich breite, versenkbare Fl\u00fcgel erm\u00f6glicht wird, die sich beim \u00d6ffnen \u00fcberlappen. Der erste Fl\u00fcgel auf der R\u00fccklaufseite wird als &#8222;Motorfl\u00fcgel&#8220; bezeichnet und treibt das System an. Der zweite Fl\u00fcgel wird als &#8222;angetriebener Fl\u00fcgel&#8220; bezeichnet und gleitet parallel dank eines verdeckten Rollensystems und zwei auf dem Boden verlegten Schienen.<\/span><\/p>\n<p><span style=\"font-weight: 400;\">Perfekt f\u00fcr kleine Einfahrten, erm\u00f6glicht das <\/span><b>Teleskoptor <\/b><span style=\"font-weight: 400;\">eine optimale Raumnutzung, um Platz zu sparen. <\/span> <\/p>\n<p><span style=\"font-weight: 400;\">Ma\u00dfgefertigt, um sich perfekt in die Umgebung und die Harmonie Ihres Anwesens einzuf\u00fcgen, besteht dieses <\/span><b>Aluminium-Teleskoptor <\/b><span style=\"font-weight: 400;\">aus 200 mm massiven Lamellen, die es Ihnen erm\u00f6glichen, Ihr Eigentum zu sichern und gleichzeitig Ruhe und Diskretion durch seine massiven horizontalen Lamellen zu gew\u00e4hrleisten. Erh\u00e4ltlich in 12 verschiedenen Farbt\u00f6nen, k\u00f6nnen Sie Ihr Wunschdekor frei w\u00e4hlen, bevor es ma\u00dfgefertigt per Laser zugeschnitten wird. Unsere Berater k\u00f6nnen Sie zu vordefinierten Mustern f\u00fchren, oder Sie k\u00f6nnen Ihr Wunschdekor f\u00fcr ein 100 % einzigartiges Tor selbst gestalten. Diese personalisierten Laserzuschnitte verleihen Ihrem Anwesen einen Hauch von Modernit\u00e4t und Eleganz, w\u00e4hrend sie gleichzeitig maximale Sicherheit f\u00fcr Ihren Bereich gew\u00e4hrleisten. Diskretion ist ebenfalls gew\u00e4hrleistet dank seiner 200 mm massiven Aluminiumlamellen, die Ihrem privaten Anwesen Ruhe und Gelassenheit bieten.<\/span><span style=\"font-weight: 400;\"> <\/span><\/p>\n<p><span style=\"font-weight: 400;\">Mit der Wahl dieses einzigartigen Teleskoptor-Modells k\u00f6nnen Sie sicher sein, dass Ihr Eigentum sicher und \u00e4sthetisch gesch\u00fctzt ist. Zudem ist unser <\/span><b>Aluminium-Teleskoptor CITY 20 Laser<\/b><span style=\"font-weight: 400;\"> Qualicoat Seaside zertifiziert und seine Struktur ist 15 Jahre lang garantiert, um Ihnen zus\u00e4tzliche Sicherheit bez\u00fcglich seiner Qualit\u00e4t und Langlebigkeit zu bieten. Tats\u00e4chlich garantieren die hochwertige Verarbeitung und die Robustheit des Aluminiums eine Best\u00e4ndigkeit gegen St\u00f6\u00dfe und Witterungseinfl\u00fcsse.<\/span><\/p>\n<p><span style=\"font-weight: 400;\">Bestellen Sie jetzt Ihr <\/span><b>ma\u00dfgefertigtes Aluminium-Teleskoptor CITY 20 Laser<\/b><span style=\"font-weight: 400;\"> und verleihen Sie Ihrem Anwesen einen einzigartigen Hauch von Modernit\u00e4t. <\/span> <\/p>\n<p>&nbsp;<\/p>\n<p><iframe title=\"Tutoriel d&#039;installation d&#039;un portail t\u00e9lescopique - M\u00e9thode rapide | Le Portail En Ligne\" width=\"1290\" height=\"726\" src=\"https:\/\/www.youtube.com\/embed\/SaRFDsbfAtw?feature=oembed\" frameborder=\"0\" allow=\"accelerometer; autoplay; clipboard-write; encrypted-media; gyroscope; picture-in-picture; web-share\" referrerpolicy=\"strict-origin-when-cross-origin\" allowfullscreen><\/iframe><\/p>\n<p>&nbsp;<\/p>\n<h3>Download-Bereich:<\/h3>\n<p class=\"elementor-icon-box-title\"><a href=\"https:\/\/www.leportailenligne.com\/wp-content\/uploads\/2023\/07\/Notice-de-montage-telescopique.pdf\" target=\"_blank\" rel=\"noopener\">Montageanleitung Teleskoptor<\/a><\/p>\n<p><a href=\"https:\/\/www.leportailenligne.com\/wp-content\/uploads\/2024\/01\/Plan-de-maconnerie-portail-telescopique-gauche-Le-Portail-en-Ligne.pdf\" target=\"_blank\" rel=\"noopener\">Fundamentplan Teleskoptor links \u00f6ffnend<\/a><\/p>\n<p><a href=\"https:\/\/www.leportailenligne.com\/wp-content\/uploads\/2024\/01\/Plan-de-maconnerie-portail-telescopique-droit-Le-Portail-en-Ligne.pdf\" target=\"_blank\" rel=\"noopener\">Fundamentplan Teleskoptor rechts \u00f6ffnend<\/a><\/p>\n<p>&nbsp;<\/p>\n<h4>Technische Daten:<\/h4>\n<p><img fetchpriority=\"high\" decoding=\"async\" class=\"alignnone wp-image-4267 size-full\" src=\"https:\/\/www.leportailenligne.com\/wp-content\/uploads\/2023\/10\/FICHE-TECHNIQUE-LASER-TELESCOPIQUE-e1704365634292.png\" alt=\"\" width=\"1313\" height=\"798\" srcset=\"https:\/\/www.leportailenligne.com\/wp-content\/uploads\/2023\/10\/FICHE-TECHNIQUE-LASER-TELESCOPIQUE-e1704365634292.png 1313w, https:\/\/www.leportailenligne.com\/wp-content\/uploads\/2023\/10\/FICHE-TECHNIQUE-LASER-TELESCOPIQUE-e1704365634292-600x365.png 600w, https:\/\/www.leportailenligne.com\/wp-content\/uploads\/2023\/10\/FICHE-TECHNIQUE-LASER-TELESCOPIQUE-e1704365634292-300x182.png 300w, https:\/\/www.leportailenligne.com\/wp-content\/uploads\/2023\/10\/FICHE-TECHNIQUE-LASER-TELESCOPIQUE-e1704365634292-1024x622.png 1024w, https:\/\/www.leportailenligne.com\/wp-content\/uploads\/2023\/10\/FICHE-TECHNIQUE-LASER-TELESCOPIQUE-e1704365634292-768x467.png 768w\" sizes=\"(max-width: 1313px) 100vw, 1313px\" \/><\/p>\n","protected":false},"excerpt":{"rendered":"<p><span style=\"font-weight: 400;\">Das <\/span><b>Aluminium-Teleskoptor CITY 20 mit Laser-Dekor <\/b><span style=\"font-weight: 400;\">ist die ideale L\u00f6sung, wenn Sie ein Premium-, modernes und personalisiertes Tor suchen, aber nur begrenzten Platz haben. Ma\u00dfgefertigt ist dieses platzsparende Tor mit einem <\/span><b>personalisierten Laser-Dekor<\/b><span style=\"font-weight: 400;\"> versehen, Ihr Tor wird in Ihrer Wohngegend einzigartig sein. <\/span> <\/p>\n","protected":false},"featured_media":3333,"comment_status":"open","ping_status":"closed","template":"","meta":{"_acf_changed":false},"product_brand":[],"product_cat":[150,161],"product_tag":[],"class_list":{"0":"post-7587","1":"product","2":"type-product","3":"status-publish","4":"has-post-thumbnail","6":"product_cat-laserschnitt","7":"product_cat-teleskopschiebetor","9":"first","10":"instock","11":"sold-individually","12":"taxable","13":"shipping-taxable","14":"purchasable","15":"product-type-simple"},"acf":[],"yoast_head":"<!-- This site is optimized with the Yoast SEO plugin v27.5 - https:\/\/yoast.com\/product\/yoast-seo-wordpress\/ -->\n<title>Teleskoptor City 20 Laserschnitt - Le portail en ligne<\/title>\n<meta name=\"description\" content=\"Das Teleskoptor CITY 20 mit Laser-Dekor ist die ideale platzsparende L\u00f6sung, um Ihren Eingang mit einem modernen Tor im einzigartigen Look zu versch\u00f6nern. Entdecken Sie es auf Le Portail en Ligne.\" \/>\n<meta name=\"robots\" content=\"index, follow, max-snippet:-1, max-image-preview:large, max-video-preview:-1\" \/>\n<link rel=\"canonical\" href=\"https:\/\/www.leportailenligne.com\/de\/produit\/teleskoptor-city-20-laserschnitt\/\" \/>\n<meta property=\"og:locale\" content=\"de_DE\" \/>\n<meta property=\"og:type\" content=\"article\" \/>\n<meta property=\"og:title\" content=\"Teleskoptor City 20 Laserschnitt - Le portail en ligne\" \/>\n<meta property=\"og:description\" content=\"Das Teleskoptor CITY 20 mit Laser-Dekor ist die ideale platzsparende L\u00f6sung, um Ihren Eingang mit einem modernen Tor im einzigartigen Look zu versch\u00f6nern. Entdecken Sie es auf Le Portail en Ligne.\" \/>\n<meta property=\"og:url\" content=\"https:\/\/www.leportailenligne.com\/de\/produit\/teleskoptor-city-20-laserschnitt\/\" \/>\n<meta property=\"og:site_name\" content=\"Le portail en ligne\" \/>\n<meta property=\"og:image\" content=\"https:\/\/www.leportailenligne.com\/wp-content\/uploads\/2023\/10\/Gris-7016-18-1024x1024.png\" \/>\n\t<meta property=\"og:image:width\" content=\"1024\" \/>\n\t<meta property=\"og:image:height\" content=\"1024\" \/>\n\t<meta property=\"og:image:type\" content=\"image\/png\" \/>\n<meta name=\"twitter:card\" content=\"summary_large_image\" \/>\n<meta name=\"twitter:label1\" content=\"Gesch\u00e4tzte Lesezeit\" \/>\n\t<meta name=\"twitter:data1\" content=\"2\u00a0Minuten\" \/>\n<script type=\"application\/ld+json\" class=\"yoast-schema-graph\">{\"@context\":\"https:\\\/\\\/schema.org\",\"@graph\":[{\"@type\":\"WebPage\",\"@id\":\"https:\\\/\\\/www.leportailenligne.com\\\/de\\\/produit\\\/teleskoptor-city-20-laserschnitt\\\/\",\"url\":\"https:\\\/\\\/www.leportailenligne.com\\\/de\\\/produit\\\/teleskoptor-city-20-laserschnitt\\\/\",\"name\":\"Teleskoptor City 20 Laserschnitt - Le portail en ligne\",\"isPartOf\":{\"@id\":\"https:\\\/\\\/www.leportailenligne.com\\\/de\\\/#website\"},\"primaryImageOfPage\":{\"@id\":\"https:\\\/\\\/www.leportailenligne.com\\\/de\\\/produit\\\/teleskoptor-city-20-laserschnitt\\\/#primaryimage\"},\"image\":{\"@id\":\"https:\\\/\\\/www.leportailenligne.com\\\/de\\\/produit\\\/teleskoptor-city-20-laserschnitt\\\/#primaryimage\"},\"thumbnailUrl\":\"https:\\\/\\\/www.leportailenligne.com\\\/wp-content\\\/uploads\\\/2023\\\/10\\\/Gris-7016-18.png\",\"datePublished\":\"2023-10-24T03:27:00+00:00\",\"description\":\"Das Teleskoptor CITY 20 mit Laser-Dekor ist die ideale platzsparende L\u00f6sung, um Ihren Eingang mit einem modernen Tor im einzigartigen Look zu versch\u00f6nern. Entdecken Sie es auf Le Portail en Ligne.\",\"breadcrumb\":{\"@id\":\"https:\\\/\\\/www.leportailenligne.com\\\/de\\\/produit\\\/teleskoptor-city-20-laserschnitt\\\/#breadcrumb\"},\"inLanguage\":\"de\",\"potentialAction\":[{\"@type\":\"ReadAction\",\"target\":[\"https:\\\/\\\/www.leportailenligne.com\\\/de\\\/produit\\\/teleskoptor-city-20-laserschnitt\\\/\"]}]},{\"@type\":\"ImageObject\",\"inLanguage\":\"de\",\"@id\":\"https:\\\/\\\/www.leportailenligne.com\\\/de\\\/produit\\\/teleskoptor-city-20-laserschnitt\\\/#primaryimage\",\"url\":\"https:\\\/\\\/www.leportailenligne.com\\\/wp-content\\\/uploads\\\/2023\\\/10\\\/Gris-7016-18.png\",\"contentUrl\":\"https:\\\/\\\/www.leportailenligne.com\\\/wp-content\\\/uploads\\\/2023\\\/10\\\/Gris-7016-18.png\",\"width\":1306,\"height\":1306,\"caption\":\"portail-telescopique-city-20-decoupe-laser-gris-7016\"},{\"@type\":\"BreadcrumbList\",\"@id\":\"https:\\\/\\\/www.leportailenligne.com\\\/de\\\/produit\\\/teleskoptor-city-20-laserschnitt\\\/#breadcrumb\",\"itemListElement\":[{\"@type\":\"ListItem\",\"position\":1,\"name\":\"Accueil\",\"item\":\"https:\\\/\\\/www.leportailenligne.com\\\/de\\\/\"},{\"@type\":\"ListItem\",\"position\":2,\"name\":\"Shop\",\"item\":\"https:\\\/\\\/www.leportailenligne.com\\\/de\\\/shop\\\/\"},{\"@type\":\"ListItem\",\"position\":3,\"name\":\"Teleskoptor City 20 Laserschnitt\"}]},{\"@type\":\"WebSite\",\"@id\":\"https:\\\/\\\/www.leportailenligne.com\\\/de\\\/#website\",\"url\":\"https:\\\/\\\/www.leportailenligne.com\\\/de\\\/\",\"name\":\"Le portail en ligne\",\"description\":\"Votre portail en kit livr\u00e9 chez vous\",\"publisher\":{\"@id\":\"https:\\\/\\\/www.leportailenligne.com\\\/de\\\/#organization\"},\"potentialAction\":[{\"@type\":\"SearchAction\",\"target\":{\"@type\":\"EntryPoint\",\"urlTemplate\":\"https:\\\/\\\/www.leportailenligne.com\\\/de\\\/?s={search_term_string}\"},\"query-input\":{\"@type\":\"PropertyValueSpecification\",\"valueRequired\":true,\"valueName\":\"search_term_string\"}}],\"inLanguage\":\"de\"},{\"@type\":\"Organization\",\"@id\":\"https:\\\/\\\/www.leportailenligne.com\\\/de\\\/#organization\",\"name\":\"Le portail en ligne\",\"url\":\"https:\\\/\\\/www.leportailenligne.com\\\/de\\\/\",\"logo\":{\"@type\":\"ImageObject\",\"inLanguage\":\"de\",\"@id\":\"https:\\\/\\\/www.leportailenligne.com\\\/de\\\/#\\\/schema\\\/logo\\\/image\\\/\",\"url\":\"https:\\\/\\\/www.leportailenligne.com\\\/wp-content\\\/uploads\\\/2022\\\/09\\\/Logo-Le-portail-en-ligne-sans-fond-HD-vert-orange-e1747668360165.png\",\"contentUrl\":\"https:\\\/\\\/www.leportailenligne.com\\\/wp-content\\\/uploads\\\/2022\\\/09\\\/Logo-Le-portail-en-ligne-sans-fond-HD-vert-orange-e1747668360165.png\",\"width\":6520,\"height\":2420,\"caption\":\"Le portail en ligne\"},\"image\":{\"@id\":\"https:\\\/\\\/www.leportailenligne.com\\\/de\\\/#\\\/schema\\\/logo\\\/image\\\/\"}}]}<\/script>\n<!-- \/ Yoast SEO plugin. -->","yoast_head_json":{"title":"Teleskoptor City 20 Laserschnitt - Le portail en ligne","description":"Das Teleskoptor CITY 20 mit Laser-Dekor ist die ideale platzsparende L\u00f6sung, um Ihren Eingang mit einem modernen Tor im einzigartigen Look zu versch\u00f6nern. Entdecken Sie es auf Le Portail en Ligne.","robots":{"index":"index","follow":"follow","max-snippet":"max-snippet:-1","max-image-preview":"max-image-preview:large","max-video-preview":"max-video-preview:-1"},"canonical":"https:\/\/www.leportailenligne.com\/de\/produit\/teleskoptor-city-20-laserschnitt\/","og_locale":"de_DE","og_type":"article","og_title":"Teleskoptor City 20 Laserschnitt - Le portail en ligne","og_description":"Das Teleskoptor CITY 20 mit Laser-Dekor ist die ideale platzsparende L\u00f6sung, um Ihren Eingang mit einem modernen Tor im einzigartigen Look zu versch\u00f6nern. Entdecken Sie es auf Le Portail en Ligne.","og_url":"https:\/\/www.leportailenligne.com\/de\/produit\/teleskoptor-city-20-laserschnitt\/","og_site_name":"Le portail en ligne","og_image":[{"width":1024,"height":1024,"url":"https:\/\/www.leportailenligne.com\/wp-content\/uploads\/2023\/10\/Gris-7016-18-1024x1024.png","type":"image\/png"}],"twitter_card":"summary_large_image","twitter_misc":{"Gesch\u00e4tzte Lesezeit":"2\u00a0Minuten"},"schema":{"@context":"https:\/\/schema.org","@graph":[{"@type":"WebPage","@id":"https:\/\/www.leportailenligne.com\/de\/produit\/teleskoptor-city-20-laserschnitt\/","url":"https:\/\/www.leportailenligne.com\/de\/produit\/teleskoptor-city-20-laserschnitt\/","name":"Teleskoptor City 20 Laserschnitt - Le portail en ligne","isPartOf":{"@id":"https:\/\/www.leportailenligne.com\/de\/#website"},"primaryImageOfPage":{"@id":"https:\/\/www.leportailenligne.com\/de\/produit\/teleskoptor-city-20-laserschnitt\/#primaryimage"},"image":{"@id":"https:\/\/www.leportailenligne.com\/de\/produit\/teleskoptor-city-20-laserschnitt\/#primaryimage"},"thumbnailUrl":"https:\/\/www.leportailenligne.com\/wp-content\/uploads\/2023\/10\/Gris-7016-18.png","datePublished":"2023-10-24T03:27:00+00:00","description":"Das Teleskoptor CITY 20 mit Laser-Dekor ist die ideale platzsparende L\u00f6sung, um Ihren Eingang mit einem modernen Tor im einzigartigen Look zu versch\u00f6nern. Entdecken Sie es auf Le Portail en Ligne.","breadcrumb":{"@id":"https:\/\/www.leportailenligne.com\/de\/produit\/teleskoptor-city-20-laserschnitt\/#breadcrumb"},"inLanguage":"de","potentialAction":[{"@type":"ReadAction","target":["https:\/\/www.leportailenligne.com\/de\/produit\/teleskoptor-city-20-laserschnitt\/"]}]},{"@type":"ImageObject","inLanguage":"de","@id":"https:\/\/www.leportailenligne.com\/de\/produit\/teleskoptor-city-20-laserschnitt\/#primaryimage","url":"https:\/\/www.leportailenligne.com\/wp-content\/uploads\/2023\/10\/Gris-7016-18.png","contentUrl":"https:\/\/www.leportailenligne.com\/wp-content\/uploads\/2023\/10\/Gris-7016-18.png","width":1306,"height":1306,"caption":"portail-telescopique-city-20-decoupe-laser-gris-7016"},{"@type":"BreadcrumbList","@id":"https:\/\/www.leportailenligne.com\/de\/produit\/teleskoptor-city-20-laserschnitt\/#breadcrumb","itemListElement":[{"@type":"ListItem","position":1,"name":"Accueil","item":"https:\/\/www.leportailenligne.com\/de\/"},{"@type":"ListItem","position":2,"name":"Shop","item":"https:\/\/www.leportailenligne.com\/de\/shop\/"},{"@type":"ListItem","position":3,"name":"Teleskoptor City 20 Laserschnitt"}]},{"@type":"WebSite","@id":"https:\/\/www.leportailenligne.com\/de\/#website","url":"https:\/\/www.leportailenligne.com\/de\/","name":"Le portail en ligne","description":"Votre portail en kit livr\u00e9 chez vous","publisher":{"@id":"https:\/\/www.leportailenligne.com\/de\/#organization"},"potentialAction":[{"@type":"SearchAction","target":{"@type":"EntryPoint","urlTemplate":"https:\/\/www.leportailenligne.com\/de\/?s={search_term_string}"},"query-input":{"@type":"PropertyValueSpecification","valueRequired":true,"valueName":"search_term_string"}}],"inLanguage":"de"},{"@type":"Organization","@id":"https:\/\/www.leportailenligne.com\/de\/#organization","name":"Le portail en ligne","url":"https:\/\/www.leportailenligne.com\/de\/","logo":{"@type":"ImageObject","inLanguage":"de","@id":"https:\/\/www.leportailenligne.com\/de\/#\/schema\/logo\/image\/","url":"https:\/\/www.leportailenligne.com\/wp-content\/uploads\/2022\/09\/Logo-Le-portail-en-ligne-sans-fond-HD-vert-orange-e1747668360165.png","contentUrl":"https:\/\/www.leportailenligne.com\/wp-content\/uploads\/2022\/09\/Logo-Le-portail-en-ligne-sans-fond-HD-vert-orange-e1747668360165.png","width":6520,"height":2420,"caption":"Le portail en ligne"},"image":{"@id":"https:\/\/www.leportailenligne.com\/de\/#\/schema\/logo\/image\/"}}]}},"_links":{"self":[{"href":"https:\/\/www.leportailenligne.com\/de\/wp-json\/wp\/v2\/product\/7587","targetHints":{"allow":["GET"]}}],"collection":[{"href":"https:\/\/www.leportailenligne.com\/de\/wp-json\/wp\/v2\/product"}],"about":[{"href":"https:\/\/www.leportailenligne.com\/de\/wp-json\/wp\/v2\/types\/product"}],"replies":[{"embeddable":true,"href":"https:\/\/www.leportailenligne.com\/de\/wp-json\/wp\/v2\/comments?post=7587"}],"wp:featuredmedia":[{"embeddable":true,"href":"https:\/\/www.leportailenligne.com\/de\/wp-json\/wp\/v2\/media\/3333"}],"wp:attachment":[{"href":"https:\/\/www.leportailenligne.com\/de\/wp-json\/wp\/v2\/media?parent=7587"}],"wp:term":[{"taxonomy":"product_brand","embeddable":true,"href":"https:\/\/www.leportailenligne.com\/de\/wp-json\/wp\/v2\/product_brand?post=7587"},{"taxonomy":"product_cat","embeddable":true,"href":"https:\/\/www.leportailenligne.com\/de\/wp-json\/wp\/v2\/product_cat?post=7587"},{"taxonomy":"product_tag","embeddable":true,"href":"https:\/\/www.leportailenligne.com\/de\/wp-json\/wp\/v2\/product_tag?post=7587"}],"curies":[{"name":"wp","href":"https:\/\/api.w.org\/{rel}","templated":true}]}}